{"id":5258,"date":"2020-11-18T08:41:18","date_gmt":"2020-11-18T07:41:18","guid":{"rendered":"https:\/\/www.canvallsrestaurant.com\/canvallsacasa\/"},"modified":"2025-10-28T12:12:14","modified_gmt":"2025-10-28T11:12:14","slug":"canvallsacasa","status":"publish","type":"page","link":"https:\/\/www.canvallsrestaurant.com\/es\/canvallsacasa\/","title":{"rendered":"#canvallsacasa"},"content":{"rendered":"[vc_row][vc_column][vc_empty_space height=&#8221;90px&#8221;][vc_column_text]\n<h3 style=\"text-align: center;\"><b>La esencia de Can Valls en platos para llevar<\/b><\/h3>\n[\/vc_column_text][vc_row_inner content_placement=&#8221;middle&#8221;][vc_column_inner width=&#8221;1\/4&#8243;][vc_single_image image=&#8221;5210&#8243; img_size=&#8221;medium&#8221; alignment=&#8221;center&#8221;][\/vc_column_inner][vc_column_inner width=&#8221;3\/4&#8243;][vc_column_text]\n<p style=\"text-align: left;\"><span style=\"font-weight: 400;\">#CanVallsACasa es el hermano peque\u00f1o del restaurante Can Valls. Con la misma esencia y el mismo estilo de cocina que nuestro restaurante insignia, <\/span><b><i>Can Valls A Casa<\/i><\/b><span style=\"font-weight: 400;\"> nace como un proyecto que pretende acercar la gastronom\u00eda de Can Valls <\/span><b>a vuestra casa<\/b><span style=\"font-weight: 400;\">. <\/span><\/p>\n[\/vc_column_text][vc_column_text el_class=&#8221;tk-btn-gastronomia&#8221;]<a href=\"https:\/\/wa.me\/34972420913\" target=\"_self\" class=\"fy-button fy-button-micro fy-button-accent\">WhatsApp 972420913<\/a>[\/vc_column_text][\/vc_column_inner][\/vc_row_inner][vc_empty_space height=&#8221;60px&#8221;][vc_row_inner][vc_column_inner css=&#8221;.vc_custom_1639484572245{margin-left: 15px !important;}&#8221;][vc_custom_heading text=&#8221;PARA DISFRUTARLOS EN CASA&#8221; font_container=&#8221;tag:h4|text_align:left|color:%23b4a08c&#8221; google_fonts=&#8221;font_family:Unica%20One%3Aregular|font_style:400%20regular%3A400%3Anormal&#8221;][vc_empty_space height=&#8221;12px&#8221;][vc_column_text]\n<p style=\"text-align: left;\"><span style=\"font-weight: 400;\">Por otro lado, tambi\u00e9n es el espacio donde preparamos los platos para llevar. En <\/span><i><span style=\"font-weight: 400;\">Can Valls a Casa <\/span><\/i><span style=\"font-weight: 400;\">encontrar\u00e9is una extensa selecci\u00f3n de recetas que se inspiran en la cocina de Can Valls y podr\u00e9is venir a <\/span><b>recoger los platos calientes<\/b><span style=\"font-weight: 400;\">, a punto para disfrutar. Adem\u00e1s, tambi\u00e9n podr\u00e9is <\/span><b>hacer aqu\u00ed vuestros pedidos para que los platos lleguen a vuestro domicilio<\/b><span style=\"font-weight: 400;\">, congelados y preparados para que los pod\u00e1is calentar f\u00e1cilmente. <\/span><\/p>\n[\/vc_column_text][\/vc_column_inner][\/vc_row_inner][vc_row_inner][vc_column_inner css=&#8221;.vc_custom_1761222289804{margin-right: 15px !important;}&#8221; offset=&#8221;vc_hidden-lg vc_hidden-md vc_hidden-sm vc_hidden-xs&#8221;][vc_custom_heading text=&#8221;PARA DISFRUTAR DE NUESTROS PLATOS EN EL RESTAURANTE&#8221; font_container=&#8221;tag:h4|text_align:left|color:%23b4a08c&#8221; google_fonts=&#8221;font_family:Unica%20One%3Aregular|font_style:400%20regular%3A400%3Anormal&#8221;][vc_empty_space height=&#8221;12px&#8221;][vc_column_text]\n<p style=\"text-align: left;\"><i><span style=\"font-weight: 400;\">Can Valls a Casa <\/span><\/i><span style=\"font-weight: 400;\">est\u00e1 ubicado en Santa Coloma de Farners (c\/ Francesc Moragas, 35) y es un local donde podr\u00e9is disfrutar de una carta de calidad y <\/span><b>men\u00fas diarios<\/b><span style=\"font-weight: 400;\"> elaborados con productos de temporada. El horario del restaurante es de mi\u00e9rcoles a viernes al mediod\u00eda, aunque los fines de semana tambi\u00e9n est\u00e1 abierto por las noches con la opci\u00f3n de pedir platos de la carta. <\/span><\/p>\n[\/vc_column_text][\/vc_column_inner][\/vc_row_inner][\/vc_column][\/vc_row][vc_row][vc_column][vc_empty_space height=&#8221;120px&#8221;][vc_separator color=&#8221;custom&#8221; accent_color=&#8221;#b4a08c&#8221;][vc_empty_space height=&#8221;60px&#8221;][\/vc_column][\/vc_row][vc_row][vc_column width=&#8221;1\/4&#8243;][vc_single_image image=&#8221;5228&#8243; img_size=&#8221;medium&#8221; alignment=&#8221;center&#8221;][\/vc_column][vc_column width=&#8221;3\/4&#8243;][vc_custom_heading text=&#8221;MEN\u00da A #CANVALLSACASA&#8221; font_container=&#8221;tag:h2|text_align:left|color:%23b4a08c&#8221; google_fonts=&#8221;font_family:Unica%20One%3Aregular|font_style:400%20regular%3A400%3Anormal&#8221;][vc_column_text]De martes a viernes* de 13 a 16 h podr\u00e1 disfrutar del men\u00fa de 18 \u20ac, que incluye: primero, segundo y postre (pan y cubiertos incluidos).<\/p>\n<p>Men\u00fa disponible para llevar por 18\u20ac en #CanVallsACasa.<\/p>\n<p>*Excepto festivos.<\/p>\n<a href=\"tel:34972420913\" target=\"_self\" class=\"fy-button fy-button-micro fy-button-accent\">Reservar #CanVallsACasa<\/a>[\/vc_column_text][\/vc_column][\/vc_row][vc_row][vc_column][vc_empty_space height=&#8221;60px&#8221;][\/vc_column][\/vc_row][vc_row][vc_column][\/vc_column][\/vc_row]\n","protected":false},"excerpt":{"rendered":"<p>[vc_row][vc_column][vc_empty_space height=&#8221;90px&#8221;][vc_column_text] La esencia de Can Valls en platos para llevar [\/vc_column_text][vc_row_inner content_placement=&#8221;middle&#8221;][vc_column_inner width=&#8221;1\/4&#8243;][vc_single_image image=&#8221;5210&#8243; img_size=&#8221;medium&#8221; alignment=&#8221;center&#8221;][\/vc_column_inner][vc_column_inner width=&#8221;3\/4&#8243;][vc_column_text] #CanVallsACasa es el hermano peque\u00f1o del restaurante Can Valls. Con la misma &#8230;<\/p>\n","protected":false},"author":1,"featured_media":5209,"parent":0,"menu_order":0,"comment_status":"closed","ping_status":"closed","template":"","meta":[],"_links":{"self":[{"href":"https:\/\/www.canvallsrestaurant.com\/es\/wp-json\/wp\/v2\/pages\/5258"}],"collection":[{"href":"https:\/\/www.canvallsrestaurant.com\/es\/wp-json\/wp\/v2\/pages"}],"about":[{"href":"https:\/\/www.canvallsrestaurant.com\/es\/wp-json\/wp\/v2\/types\/page"}],"author":[{"embeddable":true,"href":"https:\/\/www.canvallsrestaurant.com\/es\/wp-json\/wp\/v2\/users\/1"}],"replies":[{"embeddable":true,"href":"https:\/\/www.canvallsrestaurant.com\/es\/wp-json\/wp\/v2\/comments?post=5258"}],"version-history":[{"count":25,"href":"https:\/\/www.canvallsrestaurant.com\/es\/wp-json\/wp\/v2\/pages\/5258\/revisions"}],"predecessor-version":[{"id":143998,"href":"https:\/\/www.canvallsrestaurant.com\/es\/wp-json\/wp\/v2\/pages\/5258\/revisions\/143998"}],"wp:featuredmedia":[{"embeddable":true,"href":"https:\/\/www.canvallsrestaurant.com\/es\/wp-json\/wp\/v2\/media\/5209"}],"wp:attachment":[{"href":"https:\/\/www.canvallsrestaurant.com\/es\/wp-json\/wp\/v2\/media?parent=5258"}],"curies":[{"name":"wp","href":"https:\/\/api.w.org\/{rel}","templated":true}]}}