{"id":4039,"date":"2019-11-27T13:19:05","date_gmt":"2019-11-27T12:19:05","guid":{"rendered":"https:\/\/www.canvallsrestaurant.com\/empresa\/"},"modified":"2019-11-27T13:19:06","modified_gmt":"2019-11-27T12:19:06","slug":"empresa","status":"publish","type":"page","link":"https:\/\/www.canvallsrestaurant.com\/es\/empresa\/","title":{"rendered":"Empresa"},"content":{"rendered":"[vc_row][vc_column][vc_empty_space height=&#8221;90px&#8221;][vc_row_inner content_placement=&#8221;top&#8221;][vc_column_inner width=&#8221;1\/4&#8243;][vc_single_image image=&#8221;4016&#8243; img_size=&#8221;medium&#8221; alignment=&#8221;center&#8221;][\/vc_column_inner][vc_column_inner width=&#8221;3\/4&#8243;][vc_custom_heading text=&#8221;DEL RESTAURANTE AL TRABAJO&#8221; font_container=&#8221;tag:h2|text_align:left|color:%23b4a08c&#8221; google_fonts=&#8221;font_family:Unica%20One%3Aregular|font_style:400%20regular%3A400%3Anormal&#8221;][vc_column_text]<span class=\"fy-shortcode-emphasize fy-emphasize fy-emphasize-color-accent\"><em>Desde la cocina de Can Valls, un espacio en el que el producto es un componente fundamental, hemos visto como crece la tendencia a consumir cada vez m\u00e1s alimentos de calidad y a seguir una dieta equilibrada. Al mismo tiempo, nos hemos dado cuenta de que somos muchos y muchas los que tenemos poco tiempo para preparar las comidas de la semana y agradecemos que alguien lo haga por nosotros.<\/span><\/em><\/p>\n<p><em>Por este motivo hemos creado La Cuineta de Can Valls, un servicio de catering para empresas que ayuda a aumentar la productividad de los trabajadores, al mismo tiempo que les ahorra el hecho de tener que prepararse la comida. El objetivo principal de esta iniciativa es aportar una dieta equilibrada a las empresas a trav\u00e9s de men\u00fas con platos a escoger seg\u00fan el gusto y las necesidades de cada persona.<\/em><\/p>\n<p><em>El funcionamiento de La Cuineta de Can Valls es muy sencillo y permite que los trabajadores hagan su pedido en solo un minuto, utilizando nuestra aplicaci\u00f3n.<\/em>[\/vc_column_text][\/vc_column_inner][\/vc_row_inner][\/vc_column][\/vc_row][vc_row full_width=&#8221;stretch_row_content&#8221; gap=&#8221;20&#8243;][vc_column][vc_raw_html]W2Z3cnN3X3ByaW50X3Jlc3BvbnNpdmVfZnVsbF93aWR0aF9zbGlkZXJfd3AgaWQ9IjkiXQ==[\/vc_raw_html][\/vc_column][\/vc_row][vc_row full_width=&#8221;stretch_row&#8221; content_placement=&#8221;top&#8221; css=&#8221;.vc_custom_1560761694119{background-color: #dbd6c0 !important;}&#8221;][vc_column][vc_empty_space height=&#8221;50px&#8221;][vc_row_inner gap=&#8221;25&#8243;][vc_column_inner width=&#8221;1\/4&#8243;][vc_single_image image=&#8221;4026&#8243; img_size=&#8221;full&#8221; alignment=&#8221;center&#8221;][vc_custom_heading text=&#8221;C\u00d3MODO&#8221; font_container=&#8221;tag:h3|font_size:25px|text_align:center|color:%23ffffff&#8221; google_fonts=&#8221;font_family:Unica%20One%3Aregular|font_style:400%20regular%3A400%3Anormal&#8221;][\/vc_column_inner][vc_column_inner width=&#8221;1\/4&#8243;][vc_single_image image=&#8221;4028&#8243; img_size=&#8221;full&#8221; alignment=&#8221;center&#8221;][vc_custom_heading text=&#8221;SALUDABLE&#8221; font_container=&#8221;tag:h3|font_size:25px|text_align:center|color:%23ffffff&#8221; google_fonts=&#8221;font_family:Unica%20One%3Aregular|font_style:400%20regular%3A400%3Anormal&#8221;][\/vc_column_inner][vc_column_inner width=&#8221;1\/4&#8243;][vc_single_image image=&#8221;4022&#8243; img_size=&#8221;full&#8221; alignment=&#8221;center&#8221;][vc_custom_heading text=&#8221;R\u00c1PIDO&#8221; font_container=&#8221;tag:h3|font_size:25px|text_align:center|color:%23ffffff&#8221; google_fonts=&#8221;font_family:Unica%20One%3Aregular|font_style:400%20regular%3A400%3Anormal&#8221;][\/vc_column_inner][vc_column_inner width=&#8221;1\/4&#8243;][vc_single_image image=&#8221;4024&#8243; img_size=&#8221;full&#8221; alignment=&#8221;center&#8221;][vc_custom_heading text=&#8221;SOSTENIBLE&#8221; font_container=&#8221;tag:h3|font_size:25px|text_align:center|color:%23ffffff&#8221; google_fonts=&#8221;font_family:Unica%20One%3Aregular|font_style:400%20regular%3A400%3Anormal&#8221;][\/vc_column_inner][\/vc_row_inner][vc_empty_space height=&#8221;50px&#8221;][vc_btn title=&#8221;Contrata nuestro catering para empresas&#8221; style=&#8221;outline&#8221; color=&#8221;white&#8221; align=&#8221;center&#8221; link=&#8221;url:https%3A%2F%2Fwww.canvallsrestaurant.com%2Fcontacto%2F%3Flang%3Des|title:Contacto|&#8221;][vc_empty_space height=&#8221;50px&#8221;][\/vc_column][\/vc_row]\n","protected":false},"excerpt":{"rendered":"<p>[vc_row][vc_column][vc_empty_space height=&#8221;90px&#8221;][vc_row_inner content_placement=&#8221;top&#8221;][vc_column_inner width=&#8221;1\/4&#8243;][vc_single_image image=&#8221;4016&#8243; img_size=&#8221;medium&#8221; alignment=&#8221;center&#8221;][\/vc_column_inner][vc_column_inner width=&#8221;3\/4&#8243;][vc_custom_heading text=&#8221;DEL RESTAURANTE AL TRABAJO&#8221; font_container=&#8221;tag:h2|text_align:left|color:%23b4a08c&#8221; google_fonts=&#8221;font_family:Unica%20One%3Aregular|font_style:400%20regular%3A400%3Anormal&#8221;][vc_column_text] Por este motivo hemos creado La Cuineta de Can Valls, un servicio de catering para empresas &#8230;<\/p>\n","protected":false},"author":1,"featured_media":3844,"parent":0,"menu_order":0,"comment_status":"closed","ping_status":"closed","template":"","meta":[],"_links":{"self":[{"href":"https:\/\/www.canvallsrestaurant.com\/es\/wp-json\/wp\/v2\/pages\/4039"}],"collection":[{"href":"https:\/\/www.canvallsrestaurant.com\/es\/wp-json\/wp\/v2\/pages"}],"about":[{"href":"https:\/\/www.canvallsrestaurant.com\/es\/wp-json\/wp\/v2\/types\/page"}],"author":[{"embeddable":true,"href":"https:\/\/www.canvallsrestaurant.com\/es\/wp-json\/wp\/v2\/users\/1"}],"replies":[{"embeddable":true,"href":"https:\/\/www.canvallsrestaurant.com\/es\/wp-json\/wp\/v2\/comments?post=4039"}],"version-history":[{"count":1,"href":"https:\/\/www.canvallsrestaurant.com\/es\/wp-json\/wp\/v2\/pages\/4039\/revisions"}],"predecessor-version":[{"id":4040,"href":"https:\/\/www.canvallsrestaurant.com\/es\/wp-json\/wp\/v2\/pages\/4039\/revisions\/4040"}],"wp:featuredmedia":[{"embeddable":true,"href":"https:\/\/www.canvallsrestaurant.com\/es\/wp-json\/wp\/v2\/media\/3844"}],"wp:attachment":[{"href":"https:\/\/www.canvallsrestaurant.com\/es\/wp-json\/wp\/v2\/media?parent=4039"}],"curies":[{"name":"wp","href":"https:\/\/api.w.org\/{rel}","templated":true}]}}