{"id":4037,"date":"2019-11-27T13:17:16","date_gmt":"2019-11-27T12:17:16","guid":{"rendered":"https:\/\/www.canvallsrestaurant.com\/eventos\/"},"modified":"2019-11-27T13:20:40","modified_gmt":"2019-11-27T12:20:40","slug":"eventos","status":"publish","type":"page","link":"https:\/\/www.canvallsrestaurant.com\/es\/eventos\/","title":{"rendered":"Eventos"},"content":{"rendered":"[vc_row][vc_column][vc_empty_space height=&#8221;90px&#8221;][vc_row_inner content_placement=&#8221;top&#8221;][vc_column_inner width=&#8221;1\/4&#8243;][vc_single_image image=&#8221;3947&#8243; img_size=&#8221;medium&#8221; alignment=&#8221;center&#8221;][\/vc_column_inner][vc_column_inner width=&#8221;3\/4&#8243;][vc_custom_heading text=&#8221;TODO LISTO PARA TU FIESTA&#8221; font_container=&#8221;tag:h2|text_align:left|color:%23b4a08c&#8221; google_fonts=&#8221;font_family:Unica%20One%3Aregular|font_style:400%20regular%3A400%3Anormal&#8221;][vc_column_text]<span class=\"fy-shortcode-emphasize fy-emphasize fy-emphasize-color-accent\"><em>El servicio de catering de Can Valls est\u00e1 pensado para que pod\u00e1is saborear nuestros platos y degustaciones en fechas especiales reuniones y celebraciones. Nos adaptamos a las necesidades de cada cliente y cada tipo de evento para hacer que disfrut\u00e9is de una velada \u00fanica, sabiendo que contar\u00e9is con la mejor gastronom\u00eda y que vuestros invitados podr\u00e1n degustar productos de calidad trabajados con cuidado y pasi\u00f3n por la cocina. <\/em><\/span>\n<p><em>Poneos en contacto con nosotros, contadnos cu\u00e1l es vuestra idea o cu\u00e1les son las caracter\u00edsticas de vuestra fiesta. Os podemos ofrecer degustaciones de todo tipo, como tablas de embutidos, de jam\u00f3n ib\u00e9rico, de quesos, de ostras, de carnes a la brasa, de \u201ccoques de recapte\u201d, de mini bocadillos o mini hamburguesas, de ensaladas, de tapas e incluso de postres.<\/em>[\/vc_column_text][\/vc_column_inner][\/vc_row_inner][\/vc_column][\/vc_row][vc_row full_width=&#8221;stretch_row_content&#8221; gap=&#8221;20&#8243;][vc_column][vc_raw_html]W2Z3cnN3X3ByaW50X3Jlc3BvbnNpdmVfZnVsbF93aWR0aF9zbGlkZXJfd3AgaWQ9IjgiXQ==[\/vc_raw_html][\/vc_column][\/vc_row][vc_row full_width=&#8221;stretch_row&#8221; content_placement=&#8221;top&#8221; css=&#8221;.vc_custom_1560761694119{background-color: #dbd6c0 !important;}&#8221;][vc_column][vc_empty_space height=&#8221;50px&#8221;][vc_row_inner gap=&#8221;25&#8243;][vc_column_inner width=&#8221;1\/3&#8243;][vc_single_image image=&#8221;3995&#8243; img_size=&#8221;full&#8221; alignment=&#8221;center&#8221;][vc_custom_heading text=&#8221;BODAS&#8221; font_container=&#8221;tag:h3|font_size:25px|text_align:center|color:%23ffffff&#8221; google_fonts=&#8221;font_family:Unica%20One%3Aregular|font_style:400%20regular%3A400%3Anormal&#8221;][\/vc_column_inner][vc_column_inner width=&#8221;1\/3&#8243;][vc_single_image image=&#8221;4005&#8243; img_size=&#8221;full&#8221; alignment=&#8221;center&#8221;][vc_custom_heading text=&#8221;INAUGURACIONES&#8221; font_container=&#8221;tag:h3|font_size:25px|text_align:center|color:%23ffffff&#8221; google_fonts=&#8221;font_family:Unica%20One%3Aregular|font_style:400%20regular%3A400%3Anormal&#8221;][\/vc_column_inner][vc_column_inner width=&#8221;1\/3&#8243;][vc_single_image image=&#8221;3997&#8243; img_size=&#8221;full&#8221; alignment=&#8221;center&#8221;][vc_custom_heading text=&#8221;CELEBRACIONES DE EMPRESA&#8221; font_container=&#8221;tag:h3|font_size:25px|text_align:center|color:%23ffffff&#8221; google_fonts=&#8221;font_family:Unica%20One%3Aregular|font_style:400%20regular%3A400%3Anormal&#8221;][\/vc_column_inner][\/vc_row_inner][vc_row_inner gap=&#8221;25&#8243;][vc_column_inner width=&#8221;1\/3&#8243;][vc_single_image image=&#8221;4003&#8243; img_size=&#8221;full&#8221; alignment=&#8221;center&#8221;][vc_custom_heading text=&#8221;FIESTAS PRIVADAS&#8221; font_container=&#8221;tag:h3|font_size:25px|text_align:center|color:%23ffffff&#8221; google_fonts=&#8221;font_family:Unica%20One%3Aregular|font_style:400%20regular%3A400%3Anormal&#8221;][\/vc_column_inner][vc_column_inner width=&#8221;1\/3&#8243;][vc_single_image image=&#8221;3999&#8243; img_size=&#8221;full&#8221; alignment=&#8221;center&#8221;][vc_custom_heading text=&#8221;FIESTAS DE CUMPLEA\u00d1OS&#8221; font_container=&#8221;tag:h3|font_size:25px|text_align:center|color:%23ffffff&#8221; google_fonts=&#8221;font_family:Unica%20One%3Aregular|font_style:400%20regular%3A400%3Anormal&#8221;][\/vc_column_inner][vc_column_inner width=&#8221;1\/3&#8243;][vc_single_image image=&#8221;4001&#8243; img_size=&#8221;full&#8221; alignment=&#8221;center&#8221;][vc_custom_heading text=&#8221;CELEBRACIONES FAMILIARES&#8221; font_container=&#8221;tag:h3|font_size:25px|text_align:center|color:%23ffffff&#8221; google_fonts=&#8221;font_family:Unica%20One%3Aregular|font_style:400%20regular%3A400%3Anormal&#8221;][\/vc_column_inner][\/vc_row_inner][vc_empty_space height=&#8221;50px&#8221;][vc_btn title=&#8221;\u00a1Cel\u00e9bralo con nosotros!&#8221; style=&#8221;outline&#8221; color=&#8221;white&#8221; align=&#8221;center&#8221; link=&#8221;url:https%3A%2F%2Fwww.canvallsrestaurant.com%2Fcontacto%2F%3Flang%3Des|title:Contacto|&#8221;][vc_empty_space height=&#8221;50px&#8221;][\/vc_column][\/vc_row]\n","protected":false},"excerpt":{"rendered":"<p>[vc_row][vc_column][vc_empty_space height=&#8221;90px&#8221;][vc_row_inner content_placement=&#8221;top&#8221;][vc_column_inner width=&#8221;1\/4&#8243;][vc_single_image image=&#8221;3947&#8243; img_size=&#8221;medium&#8221; alignment=&#8221;center&#8221;][\/vc_column_inner][vc_column_inner width=&#8221;3\/4&#8243;][vc_custom_heading text=&#8221;TODO LISTO PARA TU FIESTA&#8221; font_container=&#8221;tag:h2|text_align:left|color:%23b4a08c&#8221; google_fonts=&#8221;font_family:Unica%20One%3Aregular|font_style:400%20regular%3A400%3Anormal&#8221;][vc_column_text] Poneos en contacto con nosotros, contadnos cu\u00e1l es vuestra idea o cu\u00e1les son las caracter\u00edsticas &#8230;<\/p>\n","protected":false},"author":1,"featured_media":3943,"parent":0,"menu_order":0,"comment_status":"closed","ping_status":"closed","template":"","meta":[],"_links":{"self":[{"href":"https:\/\/www.canvallsrestaurant.com\/es\/wp-json\/wp\/v2\/pages\/4037"}],"collection":[{"href":"https:\/\/www.canvallsrestaurant.com\/es\/wp-json\/wp\/v2\/pages"}],"about":[{"href":"https:\/\/www.canvallsrestaurant.com\/es\/wp-json\/wp\/v2\/types\/page"}],"author":[{"embeddable":true,"href":"https:\/\/www.canvallsrestaurant.com\/es\/wp-json\/wp\/v2\/users\/1"}],"replies":[{"embeddable":true,"href":"https:\/\/www.canvallsrestaurant.com\/es\/wp-json\/wp\/v2\/comments?post=4037"}],"version-history":[{"count":1,"href":"https:\/\/www.canvallsrestaurant.com\/es\/wp-json\/wp\/v2\/pages\/4037\/revisions"}],"predecessor-version":[{"id":4038,"href":"https:\/\/www.canvallsrestaurant.com\/es\/wp-json\/wp\/v2\/pages\/4037\/revisions\/4038"}],"wp:featuredmedia":[{"embeddable":true,"href":"https:\/\/www.canvallsrestaurant.com\/es\/wp-json\/wp\/v2\/media\/3943"}],"wp:attachment":[{"href":"https:\/\/www.canvallsrestaurant.com\/es\/wp-json\/wp\/v2\/media?parent=4037"}],"curies":[{"name":"wp","href":"https:\/\/api.w.org\/{rel}","templated":true}]}}