{"id":3664,"date":"2019-07-17T15:09:43","date_gmt":"2019-07-17T13:09:43","guid":{"rendered":"https:\/\/www.canvallsrestaurant.com\/politica-enviament\/"},"modified":"2019-07-17T15:16:45","modified_gmt":"2019-07-17T13:16:45","slug":"politica-de-envios","status":"publish","type":"page","link":"https:\/\/www.canvallsrestaurant.com\/es\/politica-de-envios\/","title":{"rendered":"Pol\u00edtica de env\u00edos"},"content":{"rendered":"[vc_row][vc_column][vc_empty_space height=&#8221;100px&#8221;][vc_column_text]\n<p>El producto adquirido se entregar\u00e1 a la persona y a la direcci\u00f3n indicadas en el pedido. Por defecto, las facturas se enviar\u00e1n a la direcci\u00f3n de email indicada por el cliente en la hora de su alta en\u00a0<a href=\"http:\/\/www.canvallsrestaurant.com\/\" target=\"_blank\" rel=\"noopener noreferrer\" data-saferedirecturl=\"https:\/\/www.google.com\/url?q=http:\/\/www.canvallsrestaurant.com&amp;source=gmail&amp;ust=1563455347824000&amp;usg=AFQjCNGXK0C9dNVmNu-IuWoFWjZ-fFUWyg\">www.canvallsrestaurant.com<\/a>. Los s\u00e1bados, domingos y festivos no habr\u00e1 ni salida ni entrega de pedidos. No obstante, su demora no implicar\u00e1 ni la anulaci\u00f3n del pedido ni indemnizaci\u00f3n alguna. Un pedido se considera entregado en el momento en que el transportista entrega el paquete o los paquetes al cliente y este firma el documento de recepci\u00f3n de entrega. Corresponde al cliente verificar el estado del pack regalo a la recepci\u00f3n e indicar todas las anomal\u00edas en el albar\u00e1n de recepci\u00f3n de entrega.<\/p>\n[\/vc_column_text][vc_empty_space height=&#8221;100px&#8221;][\/vc_column][\/vc_row]\n","protected":false},"excerpt":{"rendered":"<p>[vc_row][vc_column][vc_empty_space height=&#8221;100px&#8221;][vc_column_text] El producto adquirido se entregar\u00e1 a la persona y a la direcci\u00f3n indicadas en el pedido. Por defecto, las facturas se enviar\u00e1n a la direcci\u00f3n de email indicada &#8230;<\/p>\n","protected":false},"author":1,"featured_media":0,"parent":0,"menu_order":0,"comment_status":"closed","ping_status":"closed","template":"","meta":[],"_links":{"self":[{"href":"https:\/\/www.canvallsrestaurant.com\/es\/wp-json\/wp\/v2\/pages\/3664"}],"collection":[{"href":"https:\/\/www.canvallsrestaurant.com\/es\/wp-json\/wp\/v2\/pages"}],"about":[{"href":"https:\/\/www.canvallsrestaurant.com\/es\/wp-json\/wp\/v2\/types\/page"}],"author":[{"embeddable":true,"href":"https:\/\/www.canvallsrestaurant.com\/es\/wp-json\/wp\/v2\/users\/1"}],"replies":[{"embeddable":true,"href":"https:\/\/www.canvallsrestaurant.com\/es\/wp-json\/wp\/v2\/comments?post=3664"}],"version-history":[{"count":4,"href":"https:\/\/www.canvallsrestaurant.com\/es\/wp-json\/wp\/v2\/pages\/3664\/revisions"}],"predecessor-version":[{"id":3677,"href":"https:\/\/www.canvallsrestaurant.com\/es\/wp-json\/wp\/v2\/pages\/3664\/revisions\/3677"}],"wp:attachment":[{"href":"https:\/\/www.canvallsrestaurant.com\/es\/wp-json\/wp\/v2\/media?parent=3664"}],"curies":[{"name":"wp","href":"https:\/\/api.w.org\/{rel}","templated":true}]}}