{"id":3660,"date":"2019-07-17T15:11:19","date_gmt":"2019-07-17T13:11:19","guid":{"rendered":"https:\/\/www.canvallsrestaurant.com\/politica-de-devolucions\/"},"modified":"2019-07-17T15:16:54","modified_gmt":"2019-07-17T13:16:54","slug":"politica-de-devoluciones","status":"publish","type":"page","link":"https:\/\/www.canvallsrestaurant.com\/es\/politica-de-devoluciones\/","title":{"rendered":"Pol\u00edtica de devoluciones"},"content":{"rendered":"[vc_row][vc_column][vc_empty_space height=&#8221;100px&#8221;][vc_column_text]\n<p>Nuestra pol\u00edtica, cumpliendo con la normativa vigente, es concederle el derecho de devolver cualquier art\u00edculo comprado en\u00a0<a href=\"http:\/\/www.canvallsrestaurant.com\/\" target=\"_blank\" rel=\"noopener noreferrer\" data-saferedirecturl=\"https:\/\/www.google.com\/url?q=http:\/\/www.canvallsrestaurant.com&amp;source=gmail&amp;ust=1563455347824000&amp;usg=AFQjCNGXK0C9dNVmNu-IuWoFWjZ-fFUWyg\">www.canvallsrestaurant.com<\/a>\u00a0en el plazo de 7 d\u00edas desde la fecha de recepci\u00f3n. No tendr\u00e1 que aportar ninguna explicaci\u00f3n, cualquier art\u00edculo, comprado en\u00a0<a href=\"http:\/\/www.canvallsrestaurant.com\/\" target=\"_blank\" rel=\"noopener noreferrer\" data-saferedirecturl=\"https:\/\/www.google.com\/url?q=http:\/\/www.canvallsrestaurant.com&amp;source=gmail&amp;ust=1563455347824000&amp;usg=AFQjCNGXK0C9dNVmNu-IuWoFWjZ-fFUWyg\">www.canvallsrestaurant.com<\/a>, devuelto en su embalaje original, precintado y en perfectas condiciones ser\u00e1 aceptado sin m\u00e1s. En un plazo m\u00e1ximo de 30 d\u00edas de la recepci\u00f3n de la devoluci\u00f3n,\u00a0<a href=\"http:\/\/www.canvallsrestaurant.com\/\" target=\"_blank\" rel=\"noopener noreferrer\" data-saferedirecturl=\"https:\/\/www.google.com\/url?q=http:\/\/www.canvallsrestaurant.com&amp;source=gmail&amp;ust=1563455347824000&amp;usg=AFQjCNGXK0C9dNVmNu-IuWoFWjZ-fFUWyg\">www.canvallsrestaurant.com<\/a>\u00a0se compromete a su reembolso. Antes de realizar la devoluci\u00f3n, tendr\u00e1 que comunicarlo al restaurante. Si la causa de la devoluci\u00f3n fuese que el art\u00edculo devuelto es defectuoso,\u00a0<a href=\"http:\/\/www.canvallsrestaurant.com\/\" target=\"_blank\" rel=\"noopener noreferrer\" data-saferedirecturl=\"https:\/\/www.google.com\/url?q=http:\/\/www.canvallsrestaurant.com&amp;source=gmail&amp;ust=1563455347824000&amp;usg=AFQjCNGXK0C9dNVmNu-IuWoFWjZ-fFUWyg\">www.canvallsrestaurant.com<\/a>\u00a0se encargar\u00e1 de los gastos de la devoluci\u00f3n y nuevo env\u00edo. Si el motivo de la devoluci\u00f3n es que el pedido no le satisface, le reembolsaremos el importe pero no los gastos de env\u00edo ni los gastos de devoluci\u00f3n. Si la anulaci\u00f3n del pedido llega antes de la salida de mercanc\u00eda el cliente no tendr\u00e1 ning\u00fan gasto. En el caso de una anulaci\u00f3n despu\u00e9s de la salida del pedido, el cliente tendr\u00e1 a su cargo los gastos de env\u00edo as\u00ed como los gastos de devoluci\u00f3n de este mismo pedido.[\/vc_column_text][vc_empty_space height=&#8221;100px&#8221;][\/vc_column][\/vc_row]\n","protected":false},"excerpt":{"rendered":"<p>[vc_row][vc_column][vc_empty_space height=&#8221;100px&#8221;][vc_column_text] Nuestra pol\u00edtica, cumpliendo con la normativa vigente, es concederle el derecho de devolver cualquier art\u00edculo comprado en\u00a0www.canvallsrestaurant.com\u00a0en el plazo de 7 d\u00edas desde la fecha de recepci\u00f3n. No &#8230;<\/p>\n","protected":false},"author":1,"featured_media":0,"parent":0,"menu_order":0,"comment_status":"closed","ping_status":"closed","template":"","meta":[],"_links":{"self":[{"href":"https:\/\/www.canvallsrestaurant.com\/es\/wp-json\/wp\/v2\/pages\/3660"}],"collection":[{"href":"https:\/\/www.canvallsrestaurant.com\/es\/wp-json\/wp\/v2\/pages"}],"about":[{"href":"https:\/\/www.canvallsrestaurant.com\/es\/wp-json\/wp\/v2\/types\/page"}],"author":[{"embeddable":true,"href":"https:\/\/www.canvallsrestaurant.com\/es\/wp-json\/wp\/v2\/users\/1"}],"replies":[{"embeddable":true,"href":"https:\/\/www.canvallsrestaurant.com\/es\/wp-json\/wp\/v2\/comments?post=3660"}],"version-history":[{"count":4,"href":"https:\/\/www.canvallsrestaurant.com\/es\/wp-json\/wp\/v2\/pages\/3660\/revisions"}],"predecessor-version":[{"id":3678,"href":"https:\/\/www.canvallsrestaurant.com\/es\/wp-json\/wp\/v2\/pages\/3660\/revisions\/3678"}],"wp:attachment":[{"href":"https:\/\/www.canvallsrestaurant.com\/es\/wp-json\/wp\/v2\/media?parent=3660"}],"curies":[{"name":"wp","href":"https:\/\/api.w.org\/{rel}","templated":true}]}}