{"id":3253,"date":"2019-05-29T13:03:04","date_gmt":"2019-05-29T11:03:04","guid":{"rendered":"https:\/\/www.canvallsrestaurant.com\/espais\/"},"modified":"2020-06-22T08:09:45","modified_gmt":"2020-06-22T06:09:45","slug":"espacios","status":"publish","type":"page","link":"https:\/\/www.canvallsrestaurant.com\/es\/espacios\/","title":{"rendered":"Espacios"},"content":{"rendered":"[vc_row][vc_column][vc_empty_space height=&#8221;90px&#8221;][vc_row_inner content_placement=&#8221;top&#8221;][vc_column_inner width=&#8221;1\/4&#8243;][vc_single_image image=&#8221;2795&#8243; img_size=&#8221;medium&#8221; alignment=&#8221;center&#8221;][\/vc_column_inner][vc_column_inner width=&#8221;3\/4&#8243;][vc_custom_heading text=&#8221;NUESTROS ESPACIOS&#8221; font_container=&#8221;tag:h2|text_align:left|color:%23b4a08c&#8221; google_fonts=&#8221;font_family:Unica%20One%3Aregular|font_style:400%20regular%3A400%3Anormal&#8221;][vc_column_text]<span class=\"fy-shortcode-emphasize fy-emphasize fy-emphasize-color-accent\"><em>Cruzando las puertas de Can Valls encontrar\u00e9is un espacio inmejorable y acogedor que os har\u00e1 sentir como en casa <\/em><\/span>\n<p><em>Disponemos de diferentes salas, as\u00ed como una sala reservada para grupos y dos terrazas para que nuestros clientes puedan disfrutar de sus experiencias gastron\u00f3micas al aire libre. Nos gusta cuidar todos los detalles y procuramos evocar la esencia de Can Valls en cada uno de los rincones que forman parte del restaurante.<\/em>[\/vc_column_text][\/vc_column_inner][\/vc_row_inner][vc_empty_space height=&#8221;50px&#8221;][\/vc_column][\/vc_row][vc_row full_width=&#8221;stretch_row_content_no_spaces&#8221; gap=&#8221;20&#8243; el_class=&#8221;tk-full-width-module&#8221;][vc_column][vc_raw_html]JTVCZndyc3dfcHJpbnRfcmVzcG9uc2l2ZV9mdWxsX3dpZHRoX3NsaWRlcl93cCUyMGlkJTNEJTIyMiUyMiU1RA==[\/vc_raw_html][\/vc_column][\/vc_row][vc_row][vc_column][vc_empty_space height=&#8221;30px&#8221;][vc_row_inner][vc_column_inner width=&#8221;1\/6&#8243;][\/vc_column_inner][vc_column_inner width=&#8221;2\/3&#8243;][vc_custom_heading text=&#8221;TERRAZAS&#8221; font_container=&#8221;tag:h2|text_align:center|color:%23000000&#8243; google_fonts=&#8221;font_family:Unica%20One%3Aregular|font_style:400%20regular%3A400%3Anormal&#8221;][vc_column_text]\n<p style=\"text-align: center;\"><em>Las terrazas de Can Valls permiten que los clientes disfruten de una experiencia al aire libre, en un espacio agradable pensado para ofrecerles una velada especial tanto al mediod\u00eda como por la noche. Contamos con dos terrazas, situadas a la entrada del restaurante y protegidas por la sombra, para que vuestra experiencia sea c\u00f3moda y agradable en todo momento.<\/em><\/p>\n[\/vc_column_text][\/vc_column_inner][vc_column_inner width=&#8221;1\/6&#8243;][\/vc_column_inner][\/vc_row_inner][vc_empty_space height=&#8221;50px&#8221;][\/vc_column][\/vc_row][vc_row full_width=&#8221;stretch_row_content_no_spaces&#8221; gap=&#8221;20&#8243; el_class=&#8221;tk-full-width-module&#8221;][vc_column][vc_raw_html]JTVCZndyc3dfcHJpbnRfcmVzcG9uc2l2ZV9mdWxsX3dpZHRoX3NsaWRlcl93cCUyMGlkJTNEJTIyMyUyMiU1RCUyMA==[\/vc_raw_html][\/vc_column][\/vc_row][vc_row][vc_column][vc_empty_space height=&#8221;30px&#8221;][vc_row_inner][vc_column_inner width=&#8221;1\/6&#8243;][\/vc_column_inner][vc_column_inner width=&#8221;2\/3&#8243;][vc_custom_heading text=&#8221;ENTRADA Y RECEPCI\u00d3N&#8221; font_container=&#8221;tag:h2|text_align:center|color:%23000000&#8243; google_fonts=&#8221;font_family:Unica%20One%3Aregular|font_style:400%20regular%3A400%3Anormal&#8221;][vc_column_text]\n<p style=\"text-align: center;\"><em>La entrada de Can Valls es un espacio acogedor donde nuestro personal os atender\u00e1 cuando llegu\u00e9is. Podr\u00e9is sentaros en nuestros sof\u00e1s mientras esper\u00e1is a vuestros acompa\u00f1antes, o tomar algo antes de comer y cenar. Tambi\u00e9n encontrar\u00e9is la barra, donde os atenderemos encantados y os serviremos copas y caf\u00e9s cuando lo dese\u00e9is. Os haremos sentir como en casa desde el momento en que llegu\u00e9is.<\/em><\/p>\n[\/vc_column_text][\/vc_column_inner][vc_column_inner width=&#8221;1\/6&#8243;][\/vc_column_inner][\/vc_row_inner][vc_empty_space height=&#8221;50px&#8221;][\/vc_column][\/vc_row][vc_row full_width=&#8221;stretch_row_content_no_spaces&#8221; gap=&#8221;20&#8243; el_class=&#8221;tk-full-width-module&#8221;][vc_column][vc_raw_html]JTVCZndyc3dfcHJpbnRfcmVzcG9uc2l2ZV9mdWxsX3dpZHRoX3NsaWRlcl93cCUyMGlkJTNEJTIyNCUyMiU1RCUyMA==[\/vc_raw_html][\/vc_column][\/vc_row][vc_row][vc_column][vc_empty_space height=&#8221;30px&#8221;][vc_row_inner content_placement=&#8221;middle&#8221;][vc_column_inner width=&#8221;1\/4&#8243;][vc_single_image image=&#8221;2828&#8243; img_size=&#8221;medium&#8221;][\/vc_column_inner][vc_column_inner width=&#8221;3\/4&#8243;][vc_custom_heading text=&#8221;EL COMEDOR&#8221; font_container=&#8221;tag:h2|text_align:left|color:%23000000&#8243; google_fonts=&#8221;font_family:Unica%20One%3Aregular|font_style:400%20regular%3A400%3Anormal&#8221;][vc_column_text]En el comedor de Can Valls ver\u00e9is espacios tan caracter\u00edsticos de nuestra casa como la jaula de Mart\u00ed, el loro del restaurante, nuestra bodega, el vivero del marisco, una cocinita para los m\u00e1s peque\u00f1os que nos visiten y una pared donde inmortalizamos todos los recuerdos de la familia Valls. \u00c9stos tambi\u00e9n forman parte del restaurante.[\/vc_column_text][\/vc_column_inner][\/vc_row_inner][vc_separator][vc_empty_space height=&#8221;50px&#8221;][vc_row_inner content_placement=&#8221;middle&#8221;][vc_column_inner width=&#8221;1\/4&#8243;][vc_single_image image=&#8221;3797&#8243; img_size=&#8221;medium&#8221;][\/vc_column_inner][vc_column_inner width=&#8221;3\/4&#8243;][vc_custom_heading text=&#8221;EL COMEDOR CENTRAL&#8221; font_container=&#8221;tag:h2|text_align:left|color:%23000000&#8243; google_fonts=&#8221;font_family:Unica%20One%3Aregular|font_style:400%20regular%3A400%3Anormal&#8221;][vc_column_text]El comedor central de Can Valls es uno de los espacios m\u00e1s amplios de nuestro restaurante, pero a la vez uno de los m\u00e1s \u00edntimos. Se trata de un sitio singular, con luz natural y una chimenea que lo convierte en un espacio familiar y \u00fanico. En el centro encontrar\u00e9is nuestra mesa de postres artesanos, toda una atracci\u00f3n para los sentidos.[\/vc_column_text][\/vc_column_inner][\/vc_row_inner][vc_separator][vc_empty_space height=&#8221;50px&#8221;][vc_row_inner content_placement=&#8221;middle&#8221;][vc_column_inner width=&#8221;1\/4&#8243;][vc_single_image image=&#8221;2827&#8243; img_size=&#8221;medium&#8221;][\/vc_column_inner][vc_column_inner width=&#8221;3\/4&#8243;][vc_custom_heading text=&#8221;EL COMEDOR DEL PISO DE ARRIBA&#8221; font_container=&#8221;tag:h2|text_align:left|color:%23000000&#8243; google_fonts=&#8221;font_family:Unica%20One%3Aregular|font_style:400%20regular%3A400%3Anormal&#8221;][vc_column_text]Este es un espacio privado muy amplio con capacidad para 40 personas, que cuenta con grandes mesas pensadas para vuestras celebraciones. Ah\u00ed os esperan mesas espaciosas y una barra, todo ello combinado con una decoraci\u00f3n con toques modernos para crear el ambiente id\u00f3neo durante vuestras comidas, cenas y experiencias en Can Valls. Tambi\u00e9n podemos ofreceros otra sala privada con capacidad para 16 personas.[\/vc_column_text][\/vc_column_inner][\/vc_row_inner][vc_empty_space height=&#8221;50px&#8221;][\/vc_column][\/vc_row][vc_row full_width=&#8221;stretch_row_content_no_spaces&#8221; content_placement=&#8221;top&#8221; css=&#8221;.vc_custom_1559123484282{background-color: #dbd6c0 !important;}&#8221;][vc_column][\/vc_column][\/vc_row][vc_row full_width=&#8221;stretch_row&#8221; content_placement=&#8221;top&#8221; css=&#8221;.vc_custom_1559559803089{background-color: #dbd6c0 !important;}&#8221;][vc_column][vc_empty_space height=&#8221;50px&#8221;][vc_row_inner content_placement=&#8221;top&#8221;][vc_column_inner width=&#8221;1\/4&#8243;][vc_single_image image=&#8221;2108&#8243; img_size=&#8221;medium&#8221; alignment=&#8221;center&#8221;][\/vc_column_inner][vc_column_inner width=&#8221;3\/4&#8243;][vc_custom_heading text=&#8221;GASTRONOM\u00cdA CAN VALLS&#8221; font_container=&#8221;tag:h2|text_align:left|color:%23b4a08c&#8221; google_fonts=&#8221;font_family:Unica%20One%3Aregular|font_style:400%20regular%3A400%3Anormal&#8221;][vc_column_text]\n<p style=\"text-align: left;\"><span class=\"fy-shortcode-emphasize fy-emphasize fy-emphasize-color-accent\"><em>Calidad y tradici\u00f3n, dos palabras que definen el restaurante y que son resultado del trabajo que des de hace muchos a\u00f1os realizamos y que vosotros nos hab\u00e9is ense\u00f1ado a hacer de la mejor forma posible. <\/em><\/span>\n<p><em>Cada d\u00eda trabajamos con la ilusi\u00f3n de haceros vivir peque\u00f1os instantes inolvidables a trav\u00e9s de los sentidos, y vuestra satisfacci\u00f3n es nuestro objetivo.<\/em><\/p>\n<div class=\"fy-shortcode-column fy-flex-column-20 fy-flex-column-tablet-50 fy-flex-column-phone-100\"><div class=\"fy-page-content fy-content\"><a href=\"https:\/\/www.canvallsrestaurant.com\/es\/gastronomia\/\" target=\"_self\" class=\"fy-button fy-button-small fy-button-accent\">GASTRONOM\u00cdA<\/a><\/div><\/div>[\/vc_column_text][vc_empty_space height=&#8221;50px&#8221;][\/vc_column_inner][\/vc_row_inner][\/vc_column][\/vc_row]\n","protected":false},"excerpt":{"rendered":"<p>[vc_row][vc_column][vc_empty_space height=&#8221;90px&#8221;][vc_row_inner content_placement=&#8221;top&#8221;][vc_column_inner width=&#8221;1\/4&#8243;][vc_single_image image=&#8221;2795&#8243; img_size=&#8221;medium&#8221; alignment=&#8221;center&#8221;][\/vc_column_inner][vc_column_inner width=&#8221;3\/4&#8243;][vc_custom_heading text=&#8221;NUESTROS ESPACIOS&#8221; font_container=&#8221;tag:h2|text_align:left|color:%23b4a08c&#8221; google_fonts=&#8221;font_family:Unica%20One%3Aregular|font_style:400%20regular%3A400%3Anormal&#8221;][vc_column_text] Disponemos de diferentes salas, as\u00ed como una sala reservada para grupos y dos terrazas para que nuestros clientes &#8230;<\/p>\n","protected":false},"author":1,"featured_media":3865,"parent":0,"menu_order":0,"comment_status":"closed","ping_status":"closed","template":"","meta":[],"_links":{"self":[{"href":"https:\/\/www.canvallsrestaurant.com\/es\/wp-json\/wp\/v2\/pages\/3253"}],"collection":[{"href":"https:\/\/www.canvallsrestaurant.com\/es\/wp-json\/wp\/v2\/pages"}],"about":[{"href":"https:\/\/www.canvallsrestaurant.com\/es\/wp-json\/wp\/v2\/types\/page"}],"author":[{"embeddable":true,"href":"https:\/\/www.canvallsrestaurant.com\/es\/wp-json\/wp\/v2\/users\/1"}],"replies":[{"embeddable":true,"href":"https:\/\/www.canvallsrestaurant.com\/es\/wp-json\/wp\/v2\/comments?post=3253"}],"version-history":[{"count":4,"href":"https:\/\/www.canvallsrestaurant.com\/es\/wp-json\/wp\/v2\/pages\/3253\/revisions"}],"predecessor-version":[{"id":4732,"href":"https:\/\/www.canvallsrestaurant.com\/es\/wp-json\/wp\/v2\/pages\/3253\/revisions\/4732"}],"wp:featuredmedia":[{"embeddable":true,"href":"https:\/\/www.canvallsrestaurant.com\/es\/wp-json\/wp\/v2\/media\/3865"}],"wp:attachment":[{"href":"https:\/\/www.canvallsrestaurant.com\/es\/wp-json\/wp\/v2\/media?parent=3253"}],"curies":[{"name":"wp","href":"https:\/\/api.w.org\/{rel}","templated":true}]}}