{"id":3249,"date":"2019-06-13T17:21:56","date_gmt":"2019-06-13T15:21:56","guid":{"rendered":"https:\/\/www.canvallsrestaurant.com\/casa-nostra\/"},"modified":"2021-09-22T16:26:21","modified_gmt":"2021-09-22T14:26:21","slug":"nuestra-casa","status":"publish","type":"page","link":"https:\/\/www.canvallsrestaurant.com\/es\/nuestra-casa\/","title":{"rendered":"Nuestra casa"},"content":{"rendered":"[vc_row][vc_column][vc_empty_space height=&#8221;90px&#8221;][vc_row_inner content_placement=&#8221;top&#8221;][vc_column_inner width=&#8221;1\/4&#8243;][vc_single_image image=&#8221;5850&#8243; img_size=&#8221;medium&#8221; alignment=&#8221;center&#8221;][\/vc_column_inner][vc_column_inner width=&#8221;3\/4&#8243;][vc_column_text]Can Valls es un negocio familiar que abri\u00f3 sus puertas gracias a la afinidad de nuestra familia, muy unida y con una gran pasi\u00f3n por la cocina. Casi 70 a\u00f1os despu\u00e9s de la inauguraci\u00f3n del restaurante, queremos seguir siendo fieles a nuestras ra\u00edces.<\/p>\n<p>Actualmente somos David y Marta, su mujer, quienes nos encargamos de la gerencia del negocio. Contamos con el soporte incondicional del hermano de David y de sus padres. Todos ellos son un pilar fundamental para Can Valls y resultan una parte indispensable en el d\u00eda a d\u00eda del restaurante.[\/vc_column_text][\/vc_column_inner][\/vc_row_inner][vc_empty_space height=&#8221;60px&#8221;][\/vc_column][\/vc_row]\n","protected":false},"excerpt":{"rendered":"<p>[vc_row][vc_column][vc_empty_space height=&#8221;90px&#8221;][vc_row_inner content_placement=&#8221;top&#8221;][vc_column_inner width=&#8221;1\/4&#8243;][vc_single_image image=&#8221;5850&#8243; img_size=&#8221;medium&#8221; alignment=&#8221;center&#8221;][\/vc_column_inner][vc_column_inner width=&#8221;3\/4&#8243;][vc_column_text]Can Valls es un negocio familiar que abri\u00f3 sus puertas gracias a la afinidad de nuestra familia, muy unida y con una gran &#8230;<\/p>\n","protected":false},"author":1,"featured_media":5840,"parent":0,"menu_order":0,"comment_status":"closed","ping_status":"closed","template":"","meta":[],"_links":{"self":[{"href":"https:\/\/www.canvallsrestaurant.com\/es\/wp-json\/wp\/v2\/pages\/3249"}],"collection":[{"href":"https:\/\/www.canvallsrestaurant.com\/es\/wp-json\/wp\/v2\/pages"}],"about":[{"href":"https:\/\/www.canvallsrestaurant.com\/es\/wp-json\/wp\/v2\/types\/page"}],"author":[{"embeddable":true,"href":"https:\/\/www.canvallsrestaurant.com\/es\/wp-json\/wp\/v2\/users\/1"}],"replies":[{"embeddable":true,"href":"https:\/\/www.canvallsrestaurant.com\/es\/wp-json\/wp\/v2\/comments?post=3249"}],"version-history":[{"count":5,"href":"https:\/\/www.canvallsrestaurant.com\/es\/wp-json\/wp\/v2\/pages\/3249\/revisions"}],"predecessor-version":[{"id":5851,"href":"https:\/\/www.canvallsrestaurant.com\/es\/wp-json\/wp\/v2\/pages\/3249\/revisions\/5851"}],"wp:featuredmedia":[{"embeddable":true,"href":"https:\/\/www.canvallsrestaurant.com\/es\/wp-json\/wp\/v2\/media\/5840"}],"wp:attachment":[{"href":"https:\/\/www.canvallsrestaurant.com\/es\/wp-json\/wp\/v2\/media?parent=3249"}],"curies":[{"name":"wp","href":"https:\/\/api.w.org\/{rel}","templated":true}]}}