{"id":3218,"date":"2019-06-11T13:13:23","date_gmt":"2019-06-11T11:13:23","guid":{"rendered":"https:\/\/www.canvallsrestaurant.com\/historia\/"},"modified":"2021-05-12T14:57:36","modified_gmt":"2021-05-12T12:57:36","slug":"historia","status":"publish","type":"page","link":"https:\/\/www.canvallsrestaurant.com\/es\/historia\/","title":{"rendered":"Historia"},"content":{"rendered":"[vc_row][vc_column][vc_empty_space height=&#8221;90px&#8221;][vc_row_inner content_placement=&#8221;top&#8221;][vc_column_inner width=&#8221;1\/4&#8243;][vc_single_image image=&#8221;2046&#8243; img_size=&#8221;medium&#8221; alignment=&#8221;center&#8221;][\/vc_column_inner][vc_column_inner width=&#8221;3\/4&#8243;][vc_column_text]En 1950 el Restaurante Can Valls abr\u00eda sus puertas en Sant Marti Sapresa, un pueblecito entre Santa Coloma de Farners y Angl\u00e8s. Al frente, se encontraban entonces los abuelos de David Valls, el actual chef y propietario del negocio. Fue \u00e9l quien en 2006 cogi\u00f3 el relevo de sus padres y se convirti\u00f3 en la tercera generaci\u00f3n de la familia Valls a las riendas del restaurante.<\/p>\n<p>As\u00ed, desde hace casi 70 a\u00f1os Can Valls trabaja para ofrecer una cocina basada en la tradici\u00f3n y el producto local. Este es el sello que caracteriza el restaurante desde sus inicios, una filosof\u00eda a la que se ha a\u00f1adido tambi\u00e9n la t\u00e9cnica. Si visit\u00e1is el restaurante, comprobar\u00e9is en primera persona cu\u00e1l es la esencia del negocio. Nuestra historia est\u00e1 presente en todos y cada uno de los platos que servimos en el restaurante. Os invitamos a conocerla.[\/vc_column_text][\/vc_column_inner][\/vc_row_inner][vc_empty_space height=&#8221;100px&#8221;][\/vc_column][\/vc_row][vc_row full_width=&#8221;stretch_row_content_no_spaces&#8221; disable_element=&#8221;yes&#8221;][vc_column offset=&#8221;vc_col-sm-offset-1&#8243;][vc_images_carousel images=&#8221;2858,2855,2859,2857,2861,2862,2852,2860,2841,2851,2867,2853,2845,2856,2844,2843,2865,2866,2847,2849,2854,2864,2863,2846,2850,2842,2848&#8243; img_size=&#8221;full&#8221; onclick=&#8221;link_no&#8221; speed=&#8221;3000&#8243; slides_per_view=&#8221;3&#8243; autoplay=&#8221;yes&#8221; hide_pagination_control=&#8221;yes&#8221; partial_view=&#8221;yes&#8221; wrap=&#8221;yes&#8221;][\/vc_column][\/vc_row][vc_row][vc_column][vc_wp_text]<div class=\"wpcp-carousel-wrapper wpcp-wrapper-3809\"><div id=\"wpcp-preloader-3809\" class=\"wpcp-carousel-preloader\"><img src=\" https:\/\/www.canvallsrestaurant.com\/wp-content\/plugins\/wp-carousel-free\/public\/css\/ajax-loader.gif \"\/><\/div><div id=\"sp-wp-carousel-free-id-3809\" class=\"wpcp-carousel-section sp-wpcp-3809 nav-vertical-center wpcp-image-carousel wpcp-preloader wpcp-standard\" data-slick='{ \"accessibility\":true, \"arrows\":true, \"autoplay\":true, \"autoplaySpeed\":4000, \"dots\":true, \"infinite\":true, \"speed\":600, \"pauseOnHover\":true, \"slidesToShow\":3, \"responsive\":[ { \"breakpoint\":1200, \"settings\": { \"slidesToShow\":3 } }, { \"breakpoint\":980, \"settings\":{ \"slidesToShow\":3 } }, { \"breakpoint\":736, \"settings\": { \"slidesToShow\":1 } }, {\"breakpoint\":480, \"settings\":{ \"slidesToShow\":1, \"arrows\": false, \"dots\": true } } ], \"swipe\": true, \"draggable\": true, \"swipeToSlide\":true }'  dir=\"ltr\"><div class=\"wpcp-single-item\"><div class=\"wpcp-slide-image\"><img src=\"https:\/\/www.canvallsrestaurant.com\/wp-content\/uploads\/2019\/06\/1-CanValls-historia_0017_18-800x600.jpg\" alt=\"1-CanValls-historia_0017_18\" width=\"800\" height=\"600\"><\/div><\/div><div class=\"wpcp-single-item\"><div class=\"wpcp-slide-image\"><img src=\"https:\/\/www.canvallsrestaurant.com\/wp-content\/uploads\/2019\/06\/8-CanValls-historia_0019_20-800x600.jpg\" alt=\"8-CanValls-historia_0019_20\" width=\"800\" height=\"600\"><\/div><\/div><div class=\"wpcp-single-item\"><div class=\"wpcp-slide-image\"><img src=\"https:\/\/www.canvallsrestaurant.com\/wp-content\/uploads\/2019\/06\/9-CanValls-historia_0000_01-800x600.jpg\" alt=\"9-CanValls-historia_0000_01\" width=\"800\" height=\"600\"><\/div><\/div><div class=\"wpcp-single-item\"><div class=\"wpcp-slide-image\"><img src=\"https:\/\/www.canvallsrestaurant.com\/wp-content\/uploads\/2019\/06\/6-CanValls-historia_0021_22-569x600.jpg\" alt=\"6-CanValls-historia_0021_22\" width=\"569\" height=\"600\"><\/div><\/div><div class=\"wpcp-single-item\"><div class=\"wpcp-slide-image\"><img src=\"https:\/\/www.canvallsrestaurant.com\/wp-content\/uploads\/2019\/06\/4-CanValls-historia_0016_17-610x600.jpg\" alt=\"4-CanValls-historia_0016_17\" width=\"610\" height=\"600\"><\/div><\/div><div class=\"wpcp-single-item\"><div class=\"wpcp-slide-image\"><img src=\"https:\/\/www.canvallsrestaurant.com\/wp-content\/uploads\/2019\/06\/5-CanValls-historia_0020_21-800x600.jpg\" alt=\"5-CanValls-historia_0020_21\" width=\"800\" height=\"600\"><\/div><\/div><div class=\"wpcp-single-item\"><div class=\"wpcp-slide-image\"><img src=\"https:\/\/www.canvallsrestaurant.com\/wp-content\/uploads\/2019\/06\/7-CanValls-historia_0011_12-675x600.jpg\" alt=\"7-CanValls-historia_0011_12\" width=\"675\" height=\"600\"><\/div><\/div><div class=\"wpcp-single-item\"><div class=\"wpcp-slide-image\"><img src=\"https:\/\/www.canvallsrestaurant.com\/wp-content\/uploads\/2019\/06\/3-CanValls-historia_0018_19-800x600.jpg\" alt=\"3-CanValls-historia_0018_19\" width=\"800\" height=\"600\"><\/div><\/div><div class=\"wpcp-single-item\"><div class=\"wpcp-slide-image\"><img src=\"https:\/\/www.canvallsrestaurant.com\/wp-content\/uploads\/2019\/06\/2-CanValls-historia_0014_15-800x600.jpg\" alt=\"2-CanValls-historia_0014_15\" width=\"800\" height=\"600\"><\/div><\/div><div class=\"wpcp-single-item\"><div class=\"wpcp-slide-image\"><img src=\"https:\/\/www.canvallsrestaurant.com\/wp-content\/uploads\/2019\/06\/10-CanValls-historia_0010_11-800x600.jpg\" alt=\"10-CanValls-historia_0010_11\" width=\"800\" height=\"600\"><\/div><\/div><div class=\"wpcp-single-item\"><div class=\"wpcp-slide-image\"><img src=\"https:\/\/www.canvallsrestaurant.com\/wp-content\/uploads\/2019\/06\/12-CanValls-historia_0012_13-800x600.jpg\" alt=\"12-CanValls-historia_0012_13\" width=\"800\" height=\"600\"><\/div><\/div><div class=\"wpcp-single-item\"><div class=\"wpcp-slide-image\"><img src=\"https:\/\/www.canvallsrestaurant.com\/wp-content\/uploads\/2019\/06\/17-CanValls-historia_0024_25-800x600.jpg\" alt=\"17-CanValls-historia_0024_25\" width=\"800\" height=\"600\"><\/div><\/div><div class=\"wpcp-single-item\"><div class=\"wpcp-slide-image\"><img src=\"https:\/\/www.canvallsrestaurant.com\/wp-content\/uploads\/2019\/06\/18-CanValls-historia_0025_26-800x600.jpg\" alt=\"18-CanValls-historia_0025_26\" width=\"800\" height=\"600\"><\/div><\/div><div class=\"wpcp-single-item\"><div class=\"wpcp-slide-image\"><img src=\"https:\/\/www.canvallsrestaurant.com\/wp-content\/uploads\/2019\/06\/11-CanValls-historia_0026_27-800x600.jpg\" alt=\"11-CanValls-historia_0026_27\" width=\"800\" height=\"600\"><\/div><\/div><div class=\"wpcp-single-item\"><div class=\"wpcp-slide-image\"><img src=\"https:\/\/www.canvallsrestaurant.com\/wp-content\/uploads\/2019\/06\/23-CanValls-historia_0022_23-800x600.jpg\" alt=\"23-CanValls-historia_0022_23\" width=\"800\" height=\"600\"><\/div><\/div><div class=\"wpcp-single-item\"><div class=\"wpcp-slide-image\"><img src=\"https:\/\/www.canvallsrestaurant.com\/wp-content\/uploads\/2019\/06\/21-CanValls-historia_0013_14-800x600.jpg\" alt=\"21-CanValls-historia_0013_14\" width=\"800\" height=\"600\"><\/div><\/div><div class=\"wpcp-single-item\"><div class=\"wpcp-slide-image\"><img src=\"https:\/\/www.canvallsrestaurant.com\/wp-content\/uploads\/2019\/06\/22-CanValls-historia_0023_24-800x600.jpg\" alt=\"22-CanValls-historia_0023_24\" width=\"800\" height=\"600\"><\/div><\/div><div class=\"wpcp-single-item\"><div class=\"wpcp-slide-image\"><img src=\"https:\/\/www.canvallsrestaurant.com\/wp-content\/uploads\/2019\/06\/20-CanValls-historia_0008_09-800x600.jpg\" alt=\"20-CanValls-historia_0008_09\" width=\"800\" height=\"600\"><\/div><\/div><div class=\"wpcp-single-item\"><div class=\"wpcp-slide-image\"><img src=\"https:\/\/www.canvallsrestaurant.com\/wp-content\/uploads\/2019\/06\/25-CanValls-historia_0009_10-396x600.jpg\" alt=\"25-CanValls-historia_0009_10\" width=\"396\" height=\"600\"><\/div><\/div><div class=\"wpcp-single-item\"><div class=\"wpcp-slide-image\"><img src=\"https:\/\/www.canvallsrestaurant.com\/wp-content\/uploads\/2019\/06\/14-CanValls-historia_0015_16-800x600.jpg\" alt=\"14-CanValls-historia_0015_16\" width=\"800\" height=\"600\"><\/div><\/div><div class=\"wpcp-single-item\"><div class=\"wpcp-slide-image\"><img src=\"https:\/\/www.canvallsrestaurant.com\/wp-content\/uploads\/2019\/06\/19-CanValls-historia_0006_07-708x600.jpg\" alt=\"19-CanValls-historia_0006_07\" width=\"708\" height=\"600\"><\/div><\/div><div class=\"wpcp-single-item\"><div class=\"wpcp-slide-image\"><img src=\"https:\/\/www.canvallsrestaurant.com\/wp-content\/uploads\/2019\/06\/15-CanValls-historia_0003_04-800x600.jpg\" alt=\"15-CanValls-historia_0003_04\" width=\"800\" height=\"600\"><\/div><\/div><div class=\"wpcp-single-item\"><div class=\"wpcp-slide-image\"><img src=\"https:\/\/www.canvallsrestaurant.com\/wp-content\/uploads\/2019\/06\/16-CanValls-historia_0002_03-457x600.jpg\" alt=\"16-CanValls-historia_0002_03\" width=\"457\" height=\"600\"><\/div><\/div><div class=\"wpcp-single-item\"><div class=\"wpcp-slide-image\"><img src=\"https:\/\/www.canvallsrestaurant.com\/wp-content\/uploads\/2019\/06\/24-CanValls-historia_0005_06-800x600.jpg\" alt=\"24-CanValls-historia_0005_06\" width=\"800\" height=\"600\"><\/div><\/div><div class=\"wpcp-single-item\"><div class=\"wpcp-slide-image\"><img src=\"https:\/\/www.canvallsrestaurant.com\/wp-content\/uploads\/2019\/06\/13-CanValls-historia_0004_05-800x600.jpg\" alt=\"13-CanValls-historia_0004_05\" width=\"800\" height=\"600\"><\/div><\/div><div class=\"wpcp-single-item\"><div class=\"wpcp-slide-image\"><img src=\"https:\/\/www.canvallsrestaurant.com\/wp-content\/uploads\/2019\/06\/26-CanValls-historia_0001_02-800x600.jpg\" alt=\"26-CanValls-historia_0001_02\" width=\"800\" height=\"600\"><\/div><\/div><div class=\"wpcp-single-item\"><div class=\"wpcp-slide-image\"><img src=\"https:\/\/www.canvallsrestaurant.com\/wp-content\/uploads\/2019\/06\/27-CanValls-historia_0007_08-800x600.jpg\" alt=\"27-CanValls-historia_0007_08\" width=\"800\" height=\"600\"><\/div><\/div><\/div><\/div>[\/vc_wp_text][\/vc_column][\/vc_row]\n","protected":false},"excerpt":{"rendered":"<p>[vc_row][vc_column][vc_empty_space height=&#8221;90px&#8221;][vc_row_inner content_placement=&#8221;top&#8221;][vc_column_inner width=&#8221;1\/4&#8243;][vc_single_image image=&#8221;2046&#8243; img_size=&#8221;medium&#8221; alignment=&#8221;center&#8221;][\/vc_column_inner][vc_column_inner width=&#8221;3\/4&#8243;][vc_column_text]En 1950 el Restaurante Can Valls abr\u00eda sus puertas en Sant Marti Sapresa, un pueblecito entre Santa Coloma de Farners y Angl\u00e8s. Al &#8230;<\/p>\n","protected":false},"author":1,"featured_media":3220,"parent":0,"menu_order":0,"comment_status":"closed","ping_status":"closed","template":"","meta":[],"_links":{"self":[{"href":"https:\/\/www.canvallsrestaurant.com\/es\/wp-json\/wp\/v2\/pages\/3218"}],"collection":[{"href":"https:\/\/www.canvallsrestaurant.com\/es\/wp-json\/wp\/v2\/pages"}],"about":[{"href":"https:\/\/www.canvallsrestaurant.com\/es\/wp-json\/wp\/v2\/types\/page"}],"author":[{"embeddable":true,"href":"https:\/\/www.canvallsrestaurant.com\/es\/wp-json\/wp\/v2\/users\/1"}],"replies":[{"embeddable":true,"href":"https:\/\/www.canvallsrestaurant.com\/es\/wp-json\/wp\/v2\/comments?post=3218"}],"version-history":[{"count":4,"href":"https:\/\/www.canvallsrestaurant.com\/es\/wp-json\/wp\/v2\/pages\/3218\/revisions"}],"predecessor-version":[{"id":5446,"href":"https:\/\/www.canvallsrestaurant.com\/es\/wp-json\/wp\/v2\/pages\/3218\/revisions\/5446"}],"wp:featuredmedia":[{"embeddable":true,"href":"https:\/\/www.canvallsrestaurant.com\/es\/wp-json\/wp\/v2\/media\/3220"}],"wp:attachment":[{"href":"https:\/\/www.canvallsrestaurant.com\/es\/wp-json\/wp\/v2\/media?parent=3218"}],"curies":[{"name":"wp","href":"https:\/\/api.w.org\/{rel}","templated":true}]}}