{"id":3161,"date":"2017-05-20T13:02:14","date_gmt":"2017-05-20T11:02:14","guid":{"rendered":"https:\/\/www.canvallsrestaurant.com\/reserves\/"},"modified":"2022-04-04T11:44:28","modified_gmt":"2022-04-04T09:44:28","slug":"reservas","status":"publish","type":"page","link":"https:\/\/www.canvallsrestaurant.com\/es\/reservas\/","title":{"rendered":"Reservas"},"content":{"rendered":"[vc_row full_width=&#8221;stretch_row&#8221; css=&#8221;.vc_custom_1559559590300{background-color: #d6d2cd !important;}&#8221;][vc_column offset=&#8221;vc_hidden-lg vc_hidden-md vc_hidden-sm vc_hidden-xs&#8221;][vc_empty_space height=&#8221;30px&#8221;][vc_custom_heading text=&#8221;PRE-RESERVA MESA EN RESTAURANT CAN VALLS&#8221; font_container=&#8221;tag:h2|font_size:30|text_align:center|color:%23000000&#8243; google_fonts=&#8221;font_family:Unica%20One%3Aregular|font_style:400%20regular%3A400%3Anormal&#8221;][vc_raw_html]W25pbmphX2Zvcm0gaWQ9M10=[\/vc_raw_html][vc_column_text]<strong>NOTA IMPORTANTE:<\/strong> Al completar esta solicitud de pre reserva, est\u00e1s haciendo una petici\u00f3n de reserva pero no una reserva con compromiso de asistencia. Nos pondremos en contacto contigo (v\u00eda e-mail, llamada o v\u00eda WhatsApp) para confirmar tu reserva en Restaurant Can Valls.[\/vc_column_text][vc_empty_space height=&#8221;70px&#8221;][\/vc_column][\/vc_row][vc_row full_width=&#8221;stretch_row&#8221; css=&#8221;.vc_custom_1559559590300{background-color: #d6d2cd !important;}&#8221;][vc_column][vc_empty_space height=&#8221;30px&#8221;][vc_column_text]\n<p style=\"display: none;\">Debido a las restricciones de movilidad, Can Valls se ve obligado a mantener el restaurante de Sant Mart\u00ed Sapresa cerrado.<\/p>\n<p style=\"display: none;\">Actualmente el restaurante de #canvallsacasa de Santa Coloma de Farners est\u00e1 abierto para <strong>venir a comer<\/strong> (plazas limitadas), <strong>llevarte la comida caliente<\/strong> de nuestro restaurante o si lo prefieres, <strong>recoger nuestros preparados congelados<\/strong> listos para cuando quieras cocinarlos!<\/p>\n<p style=\"display: none;\">Reserva ahora tu mesa en el restaurante de Santa Coloma de Farners o encarga tu pedido!<\/p>\n[\/vc_column_text][vc_row_inner][vc_column_inner width=&#8221;1\/4&#8243;][vc_icon icon_fontawesome=&#8221;fa fa-clock-o&#8221; color=&#8221;black&#8221; size=&#8221;lg&#8221; align=&#8221;center&#8221; link=&#8221;url:https%3A%2F%2Fwww.canvallsrestaurant.com%2Fes%2Freservas%2F%23es-reserva-online|||&#8221;][vc_column_text]\n<p style=\"text-align: center;\"><a href=\"https:\/\/www.canvallsrestaurant.com\/es\/reservas\/#es-reserva-online\">Reserva en l\u00ednea<\/a><br \/>\nConfirmaci\u00f3n inmediata[\/vc_column_text][\/vc_column_inner][vc_column_inner width=&#8221;1\/4&#8243;][vc_icon icon_fontawesome=&#8221;fa fa-phone&#8221; color=&#8221;black&#8221; size=&#8221;lg&#8221; align=&#8221;center&#8221; link=&#8221;url:tel%3A972844444|||&#8221;][vc_column_text]\n<p style=\"text-align: center;\"><a href=\"tel:972420913\">Llama al<br \/>\n972 42 09 13<\/a>[\/vc_column_text][\/vc_column_inner][vc_column_inner width=&#8221;1\/4&#8243;][vc_icon icon_fontawesome=&#8221;fa fa-whatsapp&#8221; color=&#8221;black&#8221; size=&#8221;lg&#8221; align=&#8221;center&#8221; link=&#8221;url:https%3A%2F%2Fwa.me%2F34972420913|||&#8221;][vc_column_text]\n<p style=\"text-align: center;\"><a href=\"https:\/\/wa.me\/34972420913\">WhatsApp al<br \/>\n972 42 09 13<\/a>[\/vc_column_text][\/vc_column_inner][vc_column_inner width=&#8221;1\/4&#8243;][vc_icon icon_fontawesome=&#8221;fa fa-cutlery&#8221; color=&#8221;black&#8221; size=&#8221;lg&#8221; align=&#8221;center&#8221; link=&#8221;url:https%3A%2F%2Fwww.canvallsrestaurant.com%2Fdomicili|||&#8221;][vc_column_text]\n<p style=\"text-align: center;\"><a href=\"https:\/\/www.canvallsrestaurant.com\/domicili\">Pedido online<\/a><br \/>\n<a href=\"https:\/\/www.instagram.com\/explore\/tags\/canvallsacasa\/\">#canvallsacasa<\/a>[\/vc_column_text][\/vc_column_inner][\/vc_row_inner][vc_empty_space height=&#8221;70px&#8221;][\/vc_column][\/vc_row][vc_row full_width=&#8221;stretch_row&#8221; content_placement=&#8221;top&#8221; css=&#8221;.vc_custom_1560762131806{background-color: #ffffff !important;}&#8221;][vc_column][vc_empty_space height=&#8221;50px&#8221;][vc_row_inner content_placement=&#8221;top&#8221;][vc_column_inner width=&#8221;1\/4&#8243;][vc_single_image image=&#8221;2098&#8243; img_size=&#8221;medium&#8221; alignment=&#8221;center&#8221;][\/vc_column_inner][vc_column_inner width=&#8221;3\/4&#8243;][vc_custom_heading text=&#8221;REGALA CAN VALLS&#8221; font_container=&#8221;tag:h2|text_align:left|color:%23b4a08c&#8221; google_fonts=&#8221;font_family:Unica%20One%3Aregular|font_style:400%20regular%3A400%3Anormal&#8221;][vc_column_text]\n<p style=\"text-align: left;\"><span class=\"fy-shortcode-emphasize fy-emphasize fy-emphasize-color-accent\"><em>\u00bfQuieres sorprender a tu pareja? \u00bfQuieres hacer un regalo diferente?<\/em>\u00a0<\/span>\n<p><em>Para m\u00e1s informaci\u00f3n o para comprar el pack regalo haz <a href=\"https:\/\/www.canvallsrestaurant.com\/es\/regala\/?lang=es\" target=\"_blank\" rel=\"noopener noreferrer\">clic aqu\u00ed.\u00a0<\/a><\/em>[\/vc_column_text][vc_empty_space height=&#8221;50px&#8221;][\/vc_column_inner][\/vc_row_inner][vc_empty_space height=&#8221;80px&#8221;][\/vc_column][\/vc_row][vc_row css=&#8221;.vc_custom_1639054953108{border-top-width: 2px !important;border-top-color: #dbd6c0 !important;border-top-style: solid !important;}&#8221;][vc_column][vc_empty_space][vc_custom_heading text=&#8221;RESERVA EN L\u00cdNEA&#8221; font_container=&#8221;tag:h2|font_size:30|text_align:center&#8221; google_fonts=&#8221;font_family:Unica%20One%3Aregular|font_style:400%20regular%3A400%3Anormal&#8221; el_id=&#8221;es-reserva-online&#8221;][vc_empty_space][vc_raw_html]JTNDc2NyaXB0JTIwdHlwZSUzRCUyMnRleHQlMkZqYXZhc2NyaXB0JTIyJTIwc3JjJTNEJTIyaHR0cHMlM0ElMkYlMkZ3d3cuY292ZXJtYW5hZ2VyLmNvbSUyRmpzJTJGaWZyYW1lUmVzaXplci5taW4uanMlMjIlM0UlM0MlMkZzY3JpcHQlM0UlMEElM0NzY3JpcHQlMjB0eXBlJTNEJTIydGV4dCUyRmphdmFzY3JpcHQlMjIlMjBzcmMlM0QlMjJodHRwcyUzQSUyRiUyRnd3dy5jb3Zlcm1hbmFnZXIuY29tJTJGcmVzZXJ2YXRpb24lMkZndG1jcm9zc2RvbWFpbiUyRnJlc3RhdXJhbnRlLWNhbnZhbGxzJTIyJTNFJTNDJTJGc2NyaXB0JTNFJTBBJTNDaWZyYW1lJTIwaWQlM0QlMjJyZXN0YXVyYW50ZS1jYW52YWxscyUyMiUyMHRpdGxlJTNEJTIyUmVzZXJ2ZXMlMjIlMjBzcmMlM0QlMjJodHRwcyUzQSUyRiUyRnd3dy5jb3Zlcm1hbmFnZXIuY29tJTJGcmVzZXJ2YXRpb24lMkZtb2R1bGVfcmVzdGF1cmFudCUyRnJlc3RhdXJhbnRlLWNhbnZhbGxzJTJGc3BhbmlzaCUyMiUyMGZyYW1lYm9yZGVyJTNEJTIyMCUyMiUyMGhlaWdodCUzRCUyMjQwMCUyMiUyMHdpZHRoJTNEJTIyMTAwJTI1JTIyJTIwb25sb2FkJTNEJTIyaUZyYW1lUmVzaXplJTI4JTNCJTIyJTNFJTNDJTJGaWZyYW1lJTNF[\/vc_raw_html][vc_empty_space][vc_column_text]\n<p><strong>RECORDATORIO:<\/strong> Las mesas grandes son para m\u00e1ximo 9 personas. Debido a la disposici\u00f3n actual de las mesas no podemos coger un grupo m\u00e1s grande de personas as\u00ed como tampoco juntar mesas. No dude en contactar con nosotros para obtener m\u00e1s informaci\u00f3n.<\/p>\n<p><strong>HORARIOS:<\/strong> Durante el fin de semana tenemos dos turnos por comida. El 1.\u00ba turno es a partir de las 13h y el 2.\u00ba empieza a las 15:15h.<\/p>\n[\/vc_column_text][\/vc_column][\/vc_row][vc_row][vc_column][\/vc_column][\/vc_row]\n","protected":false},"excerpt":{"rendered":"<p>[vc_row full_width=&#8221;stretch_row&#8221; css=&#8221;.vc_custom_1559559590300{background-color: #d6d2cd !important;}&#8221;][vc_column offset=&#8221;vc_hidden-lg vc_hidden-md vc_hidden-sm vc_hidden-xs&#8221;][vc_empty_space height=&#8221;30px&#8221;][vc_custom_heading text=&#8221;PRE-RESERVA MESA EN RESTAURANT CAN VALLS&#8221; font_container=&#8221;tag:h2|font_size:30|text_align:center|color:%23000000&#8243; google_fonts=&#8221;font_family:Unica%20One%3Aregular|font_style:400%20regular%3A400%3Anormal&#8221;][vc_raw_html]W25pbmphX2Zvcm0gaWQ9M10=[\/vc_raw_html][vc_column_text]NOTA IMPORTANTE: Al completar esta solicitud de pre reserva, est\u00e1s haciendo una petici\u00f3n &#8230;<\/p>\n","protected":false},"author":1,"featured_media":3162,"parent":0,"menu_order":60,"comment_status":"closed","ping_status":"closed","template":"","meta":[],"_links":{"self":[{"href":"https:\/\/www.canvallsrestaurant.com\/es\/wp-json\/wp\/v2\/pages\/3161"}],"collection":[{"href":"https:\/\/www.canvallsrestaurant.com\/es\/wp-json\/wp\/v2\/pages"}],"about":[{"href":"https:\/\/www.canvallsrestaurant.com\/es\/wp-json\/wp\/v2\/types\/page"}],"author":[{"embeddable":true,"href":"https:\/\/www.canvallsrestaurant.com\/es\/wp-json\/wp\/v2\/users\/1"}],"replies":[{"embeddable":true,"href":"https:\/\/www.canvallsrestaurant.com\/es\/wp-json\/wp\/v2\/comments?post=3161"}],"version-history":[{"count":23,"href":"https:\/\/www.canvallsrestaurant.com\/es\/wp-json\/wp\/v2\/pages\/3161\/revisions"}],"predecessor-version":[{"id":6079,"href":"https:\/\/www.canvallsrestaurant.com\/es\/wp-json\/wp\/v2\/pages\/3161\/revisions\/6079"}],"wp:featuredmedia":[{"embeddable":true,"href":"https:\/\/www.canvallsrestaurant.com\/es\/wp-json\/wp\/v2\/media\/3162"}],"wp:attachment":[{"href":"https:\/\/www.canvallsrestaurant.com\/es\/wp-json\/wp\/v2\/media?parent=3161"}],"curies":[{"name":"wp","href":"https:\/\/api.w.org\/{rel}","templated":true}]}}