{"id":3110,"date":"2019-06-17T17:08:15","date_gmt":"2019-06-17T15:08:15","guid":{"rendered":"https:\/\/www.canvallsrestaurant.com\/?page_id=3110"},"modified":"2020-06-22T08:24:48","modified_gmt":"2020-06-22T06:24:48","slug":"david-valls","status":"publish","type":"page","link":"https:\/\/www.canvallsrestaurant.com\/es\/david-valls\/","title":{"rendered":"David Valls"},"content":{"rendered":"[vc_row content_placement=&#8221;middle&#8221;][vc_column][vc_empty_space height=&#8221;90px&#8221;][vc_row_inner content_placement=&#8221;middle&#8221;][vc_column_inner width=&#8221;1\/4&#8243;][vc_single_image image=&#8221;2929&#8243; img_size=&#8221;medium&#8221; alignment=&#8221;center&#8221;][\/vc_column_inner][vc_column_inner width=&#8221;3\/4&#8243;][vc_column_text]David Valls es el chef de Can Valls i el art\u00edfice de la cocina que servimos con atenci\u00f3n a nuestros clientes. Despu\u00e9s de estudiar en la Escuela de Hosteler\u00eda de Girona y hacer pr\u00e1cticas en diferentes restaurantes de la zona como jefe de cocina, el a\u00f1o 2006 cogi\u00f3 las riendas del negocio, fundado por sus abuelos en 1950. \u00c9l es entonces la tercera generaci\u00f3n de la familia que da vida a los fogones de Can Valls, proponiendo una cocina tradicional catalana con toques de autor que rinden homenaje a su trayectoria como chef.[\/vc_column_text][\/vc_column_inner][\/vc_row_inner][vc_empty_space height=&#8221;70px&#8221;][\/vc_column][\/vc_row][vc_row full_width=&#8221;stretch_row_content_no_spaces&#8221;][vc_column][vc_raw_html]JTNDcCU1QmZ3cnN3X3ByaW50X3Jlc3BvbnNpdmVfZnVsbF93aWR0aF9zbGlkZXJfd3AlMjBpZCUzRCUyMjYlMjIlNUQ=[\/vc_raw_html][\/vc_column][\/vc_row][vc_row][vc_column][vc_empty_space height=&#8221;70px&#8221;][vc_row_inner content_placement=&#8221;top&#8221;][vc_column_inner width=&#8221;1\/4&#8243;][vc_single_image image=&#8221;1964&#8243; img_size=&#8221;medium&#8221; alignment=&#8221;center&#8221;][\/vc_column_inner][vc_column_inner width=&#8221;3\/4&#8243;][vc_custom_heading text=&#8221;LA COCINA DEL CHEF&#8221; font_container=&#8221;tag:h2|text_align:left|color:%23000000&#8243; google_fonts=&#8221;font_family:Unica%20One%3Aregular|font_style:400%20regular%3A400%3Anormal&#8221;][vc_column_text]<em>La trayectoria profesional de David Valls, sumada a una vida entre fogones y el legado de una familia de cocineros, hacen que el sello de Can Valls se caracterice por la tradici\u00f3n y el respeto al producto. Aun as\u00ed, la innovaci\u00f3n y la evoluci\u00f3n de las t\u00e9cnicas culinarias son dos factores muy presentes en nuestra cocina, donde un equipo joven y profesional trabaja para sorprenderos d\u00eda a d\u00eda. Os ofrecemos la oportunidad de probar todo tipo de platos elaborados con las mejores materias primas.<\/em>[\/vc_column_text][vc_btn title=&#8221;Gastronom\u00eda Can Valls&#8221; style=&#8221;outline&#8221; color=&#8221;black&#8221; link=&#8221;url:https%3A%2F%2Fwww.canvallsrestaurant.com%2Fes%2Fgastronomia%2F|title:Gastronom%C3%ADa||&#8221;][\/vc_column_inner][\/vc_row_inner][vc_empty_space height=&#8221;100px&#8221;][\/vc_column][\/vc_row]\n","protected":false},"excerpt":{"rendered":"<p>[vc_row content_placement=&#8221;middle&#8221;][vc_column][vc_empty_space height=&#8221;90px&#8221;][vc_row_inner content_placement=&#8221;middle&#8221;][vc_column_inner width=&#8221;1\/4&#8243;][vc_single_image image=&#8221;2929&#8243; img_size=&#8221;medium&#8221; alignment=&#8221;center&#8221;][\/vc_column_inner][vc_column_inner width=&#8221;3\/4&#8243;][vc_column_text]David Valls es el chef de Can Valls i el art\u00edfice de la cocina que servimos con atenci\u00f3n a nuestros clientes. Despu\u00e9s &#8230;<\/p>\n","protected":false},"author":1,"featured_media":0,"parent":0,"menu_order":0,"comment_status":"closed","ping_status":"closed","template":"","meta":[],"_links":{"self":[{"href":"https:\/\/www.canvallsrestaurant.com\/es\/wp-json\/wp\/v2\/pages\/3110"}],"collection":[{"href":"https:\/\/www.canvallsrestaurant.com\/es\/wp-json\/wp\/v2\/pages"}],"about":[{"href":"https:\/\/www.canvallsrestaurant.com\/es\/wp-json\/wp\/v2\/types\/page"}],"author":[{"embeddable":true,"href":"https:\/\/www.canvallsrestaurant.com\/es\/wp-json\/wp\/v2\/users\/1"}],"replies":[{"embeddable":true,"href":"https:\/\/www.canvallsrestaurant.com\/es\/wp-json\/wp\/v2\/comments?post=3110"}],"version-history":[{"count":4,"href":"https:\/\/www.canvallsrestaurant.com\/es\/wp-json\/wp\/v2\/pages\/3110\/revisions"}],"predecessor-version":[{"id":4736,"href":"https:\/\/www.canvallsrestaurant.com\/es\/wp-json\/wp\/v2\/pages\/3110\/revisions\/4736"}],"wp:attachment":[{"href":"https:\/\/www.canvallsrestaurant.com\/es\/wp-json\/wp\/v2\/media?parent=3110"}],"curies":[{"name":"wp","href":"https:\/\/api.w.org\/{rel}","templated":true}]}}