{"id":3075,"date":"2019-06-17T16:25:38","date_gmt":"2019-06-17T14:25:38","guid":{"rendered":"https:\/\/www.canvallsrestaurant.com\/?page_id=3075"},"modified":"2025-11-20T09:54:16","modified_gmt":"2025-11-20T08:54:16","slug":"gastronomia","status":"publish","type":"page","link":"https:\/\/www.canvallsrestaurant.com\/es\/gastronomia\/","title":{"rendered":"Gastronom\u00eda"},"content":{"rendered":"[vc_row][vc_column][vc_empty_space height=&#8221;90px&#8221;][vc_row_inner content_placement=&#8221;top&#8221;][vc_column_inner width=&#8221;1\/4&#8243;][vc_single_image image=&#8221;2170&#8243; img_size=&#8221;medium&#8221; alignment=&#8221;center&#8221;][\/vc_column_inner][vc_column_inner width=&#8221;3\/4&#8243;][vc_column_text]<em>El producto y la tradici\u00f3n son dos pilares fundamentales de nuestra cocina, que hoy en d\u00eda se complementa con platos de autor, innovadores y sorprendentes para los sentidos. La experiencia de un negocio familiar por el que ya han pasado tres generaciones de la familia Valls nos lleva a ofrecer a nuestros clientes lo mejor de la cocina casera mediterr\u00e1nea, tratando con las mejores materias primas y procurando poner el coraz\u00f3n en todo lo que se cuece en nuestros fogones.<\/em><\/p>\n<p><em>La esencia con la que Can Valls abri\u00f3 sus puertas en 1950 a\u00fan nos acompa\u00f1a en la cocina, donde tambi\u00e9n procuramos que los sabores y las t\u00e9cnicas evolucionen para seguir sorprendi\u00e9ndoos cada d\u00eda.<\/em><\/p>\n<p><em>Todo ello, lo reflejamos en una carta con dos partes diferenciadas, as\u00ed como en men\u00fas de grupo y diferentes men\u00fas que tambi\u00e9n podr\u00e9is regalar a vuestros seres queridos.<\/em>[\/vc_column_text][vc_column_text el_class=&#8221;tk-btn-gastronomia&#8221;]\n<div style=\"display: none;\"><a href=\"https:\/\/www.canvallsrestaurant.com\/es\/gastronomia\/platos-de-temporada\/\" target=\"_self\" class=\"fy-button fy-button-micro fy-button-accent\">Ver carta<\/a><\/div>\n[\/vc_column_text][\/vc_column_inner][\/vc_row_inner][vc_separator][\/vc_column][\/vc_row][vc_row full_width=&#8221;stretch_row_content_no_spaces&#8221; parallax=&#8221;content-moving&#8221; css=&#8221;.vc_custom_1559116500746{background-image: url(https:\/\/www.canvallsrestaurant.com\/wp-content\/uploads\/2019\/05\/canvalls-carta-inici-01.jpg?id=2158) !important;background-position: center;background-repeat: no-repeat;background-size:cover;}&#8221;][vc_column offset=&#8221;vc_hidden-lg vc_hidden-md vc_hidden-sm vc_hidden-xs&#8221;][vc_empty_space height=&#8221;150px&#8221;][vc_custom_heading text=&#8221;Carta&#8221; font_container=&#8221;tag:h2|text_align:center|color:%23ffffff&#8221; google_fonts=&#8221;font_family:Arapey%3Aregular%2Citalic|font_style:400%20italic%3A400%3Aitalic&#8221;][vc_zigzag color=&#8221;white&#8221; el_width=&#8221;10&#8243; el_border_width=&#8221;8&#8243;][vc_empty_space height=&#8221;150px&#8221;][\/vc_column][\/vc_row][vc_row content_placement=&#8221;top&#8221;][vc_column css_animation=&#8221;none&#8221;][vc_empty_space height=&#8221;50px&#8221;][vc_row_inner content_placement=&#8221;top&#8221;][vc_column_inner width=&#8221;1\/4&#8243;][vc_single_image image=&#8221;2700&#8243; img_size=&#8221;medium&#8221; alignment=&#8221;center&#8221;][\/vc_column_inner][vc_column_inner width=&#8221;3\/4&#8243;][vc_custom_heading text=&#8221;LA COCINA \u201cDE LA IAIA&#8220;&#8221; font_container=&#8221;tag:h2|text_align:left|color:%23b4a08c&#8221; google_fonts=&#8221;font_family:Unica%20One%3Aregular|font_style:400%20regular%3A400%3Anormal&#8221;][vc_column_text]\n<p style=\"text-align: left;\"><span class=\"fy-shortcode-emphasize fy-emphasize fy-emphasize-color-accent\"><em>La cocina de siempre, con un producto \u00fanico\u00a0 <\/em><\/span>\n<p><em>La \u201cCarta de la Iaia\u201d es una apuesta ganadora para aquellos que m\u00e1s aprecian la cocina tradicional catalana. El chef David Valls propone platos de toda la vida, de esos que hacen \u201cchup chup\u201d con paciencia y muestran la calidad de los productos que servimos en casa.<\/em>[\/vc_column_text][vc_column_text el_class=&#8221;tk-btn-gastronomia&#8221;]\n<div style=\"display: none;\"><a href=\"https:\/\/www.canvallsrestaurant.com\/es\/gastronomia\/la-cocina-de-la-iaia\/\" target=\"_self\" class=\"fy-button fy-button-micro fy-button-accent\">Ver carta<\/a><\/div>\n[\/vc_column_text][\/vc_column_inner][\/vc_row_inner][vc_separator][vc_empty_space height=&#8221;30px&#8221;][vc_row_inner content_placement=&#8221;top&#8221;][vc_column_inner width=&#8221;1\/4&#8243;][vc_single_image image=&#8221;1945&#8243; img_size=&#8221;medium&#8221; alignment=&#8221;center&#8221; onclick=&#8221;custom_link&#8221; link=&#8221;https:\/\/www.canvallsrestaurant.com\/gastronomia\/la-cuina-de-la-iaia\/&#8221;][\/vc_column_inner][vc_column_inner width=&#8221;3\/4&#8243;][vc_custom_heading text=&#8221;LA COCINA \u201cD\u2019EN DAVID\u201d&#8221; font_container=&#8221;tag:h2|text_align:left|color:%23b4a08c&#8221; google_fonts=&#8221;font_family:Unica%20One%3Aregular|font_style:400%20regular%3A400%3Anormal&#8221;][vc_column_text]\n<p style=\"text-align: left;\"><span class=\"fy-shortcode-emphasize fy-emphasize fy-emphasize-color-accent\"><em>Tradici\u00f3n y cocina de autor en un solo plato<\/em><\/span>\n<p><em>La carta que propone el chef y propietario David Valls es una sutil evoluci\u00f3n de los sabores que siempre formar\u00e1n parte de la cocina mediterr\u00e1nea. T\u00e9cnica e innovaci\u00f3n se unen a los platos de toda la vida, los que tanto caracterizan la esencia de Can Valls.<\/em>[\/vc_column_text][vc_column_text el_class=&#8221;tk-btn-gastronomia&#8221;]\n<div style=\"display: none;\"><a href=\"https:\/\/www.canvallsrestaurant.com\/es\/gastronomia\/la-cocina-de-david\/\" target=\"_self\" class=\"fy-button fy-button-micro fy-button-accent\">Ver carta<\/a><\/div>\n[\/vc_column_text][\/vc_column_inner][\/vc_row_inner][vc_separator][vc_row_inner content_placement=&#8221;top&#8221;][vc_column_inner width=&#8221;1\/4&#8243;][vc_single_image image=&#8221;1943&#8243; img_size=&#8221;medium&#8221; alignment=&#8221;center&#8221;][\/vc_column_inner][vc_column_inner width=&#8221;3\/4&#8243;][vc_custom_heading text=&#8221;LOS ARROCES DE CAN VALLS&#8221; font_container=&#8221;tag:h2|text_align:left|color:%23b4a08c&#8221; google_fonts=&#8221;font_family:Unica%20One%3Aregular|font_style:400%20regular%3A400%3Anormal&#8221;][vc_column_text]\n<p style=\"text-align: left;\"><span class=\"fy-shortcode-emphasize fy-emphasize fy-emphasize-color-accent\"><em>Prueba nuestra especialidad y sorprende tus sentidos <\/em><\/span>\n<p><em>Los arroces son un componente fundamental de la cocina tradicional catalana y, a la vez, una de las especialidades de Can Valls desde sus inicios. En nuestro restaurante, podr\u00e9is probar diferentes arroces en funci\u00f3n de vuestras preferencias. Os invitamos a descubrirlos.<\/em>[\/vc_column_text][vc_column_text el_class=&#8221;tk-btn-gastronomia&#8221;]\n<div style=\"display: none;\"><a href=\"https:\/\/www.canvallsrestaurant.com\/es\/gastronomia\/los-arroces-de-can-valls-es\/\" target=\"_self\" class=\"fy-button fy-button-micro fy-button-accent\">Ver carta<\/a><\/div>\n[\/vc_column_text][\/vc_column_inner][\/vc_row_inner][vc_separator][vc_row_inner content_placement=&#8221;top&#8221;][vc_column_inner width=&#8221;1\/4&#8243;][vc_single_image image=&#8221;3063&#8243; img_size=&#8221;medium&#8221; alignment=&#8221;center&#8221; onclick=&#8221;custom_link&#8221; link=&#8221;https:\/\/www.canvallsrestaurant.com\/gastronomia\/la-cuina-de-la-iaia\/&#8221;][\/vc_column_inner][vc_column_inner width=&#8221;3\/4&#8243;][vc_custom_heading text=&#8221;LOS POSTRES DE CAN VALLS&#8221; font_container=&#8221;tag:h2|text_align:left|color:%23b4a08c&#8221; google_fonts=&#8221;font_family:Unica%20One%3Aregular|font_style:400%20regular%3A400%3Anormal&#8221;][vc_column_text]\n<p style=\"text-align: left;\"><span class=\"fy-shortcode-emphasize fy-emphasize fy-emphasize-color-accent\"><em>Opciones de todo tipo para endulzar el paladar<\/em><\/span>\n<p><em>La extensa carta de postres de Can Valls est\u00e1 formada por las propuestas de David y las de Iaia. Es una combinaci\u00f3n de los dulces m\u00e1s t\u00edpicos de nuestra cocina y otros que sin duda le sorprender\u00e1n. Queremos que termine la comida de la forma m\u00e1s c\u00e1lida posible.<\/em>[\/vc_column_text][vc_column_text][\/vc_column_text][vc_column_text][\/vc_column_text][\/vc_column_inner][\/vc_row_inner][vc_separator][vc_row_inner content_placement=&#8221;top&#8221;][vc_column_inner width=&#8221;1\/4&#8243;][vc_single_image image=&#8221;2279&#8243; img_size=&#8221;medium&#8221; alignment=&#8221;center&#8221; onclick=&#8221;custom_link&#8221; link=&#8221;https:\/\/www.canvallsrestaurant.com\/gastronomia\/la-cuina-de-la-iaia\/&#8221;][\/vc_column_inner][vc_column_inner width=&#8221;3\/4&#8243;][vc_custom_heading text=&#8221;CARTA DE VINOS Y CAVAS&#8221; font_container=&#8221;tag:h2|text_align:left|color:%23b4a08c&#8221; google_fonts=&#8221;font_family:Unica%20One%3Aregular|font_style:400%20regular%3A400%3Anormal&#8221;][vc_column_text]\n<p style=\"text-align: left;\"><span class=\"fy-shortcode-emphasize fy-emphasize fy-emphasize-color-accent\"><em>Marida tu experiencia Can Valls <\/em><\/span>\n<p><em>Ofrecemos una amplia selecci\u00f3n de vinos y cavas que har\u00e1n de vuestra experiencia un viaje para los sentidos. Nuestra propuesta recorre diferentes DO del territorio y procura ofrecer sabores para todos los gustos. Dejaos seducir por nuestra carta de vinos y cavas. <\/em>[\/vc_column_text][vc_column_text][\/vc_column_text][vc_column_text][\/vc_column_text][\/vc_column_inner][\/vc_row_inner][vc_empty_space height=&#8221;50px&#8221;][\/vc_column][\/vc_row][vc_row full_width=&#8221;stretch_row_content_no_spaces&#8221; parallax=&#8221;content-moving&#8221; css=&#8221;.vc_custom_1559119284096{background-image: url(https:\/\/www.canvallsrestaurant.com\/wp-content\/uploads\/2019\/05\/canvalls-gastronomia-menus-2.jpg?id=2178) !important;background-position: 0 0;background-repeat:-repeat;}&#8221;][vc_column][vc_empty_space height=&#8221;150px&#8221;][vc_custom_heading text=&#8221;Men\u00fas&#8221; font_container=&#8221;tag:h2|text_align:center|color:%23ffffff&#8221; google_fonts=&#8221;font_family:Arapey%3Aregular%2Citalic|font_style:400%20italic%3A400%3Aitalic&#8221;][vc_zigzag color=&#8221;white&#8221; el_width=&#8221;10&#8243; el_border_width=&#8221;8&#8243;][vc_empty_space height=&#8221;150px&#8221;][\/vc_column][\/vc_row][vc_row content_placement=&#8221;top&#8221;][vc_column css_animation=&#8221;none&#8221;][vc_row_inner content_placement=&#8221;top&#8221;][vc_column_inner width=&#8221;1\/4&#8243; offset=&#8221;vc_hidden-lg vc_hidden-md vc_hidden-sm vc_hidden-xs&#8221;][vc_single_image image=&#8221;1974&#8243; img_size=&#8221;medium&#8221; alignment=&#8221;center&#8221; onclick=&#8221;custom_link&#8221; link=&#8221;https:\/\/www.canvallsrestaurant.com\/gastronomia\/la-cuina-de-la-iaia\/&#8221;][\/vc_column_inner][vc_column_inner width=&#8221;3\/4&#8243; offset=&#8221;vc_hidden-lg vc_hidden-md vc_hidden-sm vc_hidden-xs&#8221;][vc_custom_heading text=&#8221;MEN\u00da DIARIO&#8221; font_container=&#8221;tag:h2|text_align:left|color:%23b4a08c&#8221; google_fonts=&#8221;font_family:Unica%20One%3Aregular|font_style:400%20regular%3A400%3Anormal&#8221;][vc_column_text]\n<p style=\"text-align: left;\"><span class=\"fy-shortcode-emphasize fy-emphasize fy-emphasize-color-accent\">El men\u00fa del d\u00eda incluye un entrante, un primero, un segundo y postres. Bebidas y caf\u00e9 incluidos.<\/span>\n<p><em>Los platos se elaboran con productos de proximidad, la carne del centro de crianza propia y el pescado fresco de la lonja de Blanes y el vivero del restaurante. <\/em><em><strong>Precio:<\/strong> 15,00 \u20ac | <strong>Medio men\u00fa para ni\u00f1os<\/strong><\/em><em><strong>:<\/strong> 9,00 \u20ac<\/em>[\/vc_column_text][vc_separator][vc_column_text]<i><strong>Men\u00fa Can Valls:<\/strong> tambi\u00e9n ofrecemos un men\u00fa de 18 \u20ac (De lunes a viernes, excepto festivos)<\/i>[\/vc_column_text][vc_column_text el_class=&#8221;tk-btn-gastronomia&#8221;]<a href=\"https:\/\/www.canvallsrestaurant.com\/es\/gastronomia\/menu-can-valls-18-e\/\" target=\"_self\" class=\"fy-button fy-button-micro fy-button-accent\">Ver carta<\/a>[\/vc_column_text][\/vc_column_inner][\/vc_row_inner][vc_row_inner content_placement=&#8221;top&#8221;][vc_column_inner width=&#8221;1\/4&#8243; offset=&#8221;vc_hidden-lg vc_hidden-md vc_hidden-sm vc_hidden-xs&#8221;][vc_single_image image=&#8221;1976&#8243; img_size=&#8221;medium&#8221; alignment=&#8221;center&#8221; onclick=&#8221;custom_link&#8221; link=&#8221;https:\/\/www.canvallsrestaurant.com\/gastronomia\/la-cuina-de-la-iaia\/&#8221;][\/vc_column_inner][vc_column_inner width=&#8221;3\/4&#8243; offset=&#8221;vc_hidden-lg vc_hidden-md vc_hidden-sm vc_hidden-xs&#8221;][vc_custom_heading text=&#8221;MEN\u00da DE GRUPOS&#8221; font_container=&#8221;tag:h2|text_align:left|color:%23b4a08c&#8221; google_fonts=&#8221;font_family:Unica%20One%3Aregular|font_style:400%20regular%3A400%3Anormal&#8221;][vc_column_text]\n<p style=\"text-align: left;\"><span class=\"fy-shortcode-emphasize fy-emphasize fy-emphasize-color-accent\">A parte de nuestra amplia carta tambi\u00e9n disponemos de men\u00fas cerrados para grupos. <\/span>\n<p>Estas propuestas se realizan adapt\u00e1ndonos a las necesidades de cada cliente, ya se trate de comidas o cenas, con entrantes para compartir y segundos a escoger, o meriendas. Los postres se pueden escoger de nuestra carta, y ofrecemos la opci\u00f3n de preparar platos dulces a medida de lo que el cliente necesite, de la mano de nuestro pastelero. Poneos en contacto con nosotros para m\u00e1s informaci\u00f3n.[\/vc_column_text][vc_column_text el_class=&#8221;tk-btn-gastronomia&#8221;]<a href=\"tel:972420913\" target=\"_self\" class=\"fy-button fy-button-micro fy-button-accent\">Llamanos<\/a><a href=\"mailto:info@canvalls.com\" target=\"_self\" class=\"fy-button fy-button-micro fy-button-accent\">Escr\u00edbenos un e-mail<\/a>[\/vc_column_text][\/vc_column_inner][\/vc_row_inner][vc_row_inner content_placement=&#8221;top&#8221;][vc_column_inner width=&#8221;1\/4&#8243; offset=&#8221;vc_hidden-lg vc_hidden-md vc_hidden-sm vc_hidden-xs&#8221;][vc_single_image image=&#8221;1965&#8243; img_size=&#8221;medium&#8221; alignment=&#8221;center&#8221; onclick=&#8221;custom_link&#8221; link=&#8221;https:\/\/www.canvallsrestaurant.com\/gastronomia\/la-cuina-de-la-iaia\/&#8221;][\/vc_column_inner][vc_column_inner width=&#8221;3\/4&#8243; offset=&#8221;vc_hidden-lg vc_hidden-md vc_hidden-sm vc_hidden-xs&#8221;][vc_custom_heading text=&#8221;MEN\u00da GOURMET&#8221; font_container=&#8221;tag:h2|text_align:left|color:%23b4a08c&#8221; google_fonts=&#8221;font_family:Unica%20One%3Aregular|font_style:400%20regular%3A400%3Anormal&#8221;][vc_column_text]\n<p style=\"text-align: left;\"><span class=\"fy-shortcode-emphasize fy-emphasize fy-emphasize-color-accent\">Un men\u00fa que os permitir\u00e1 degustar un primer plato, un segundo y un postre a elegir.<\/span>\n<p><em>El men\u00fa gourmet es una propuesta con una gran variedad de platos, en los que se mezclan la tradici\u00f3n y la modernidad que caracteriza la cocina de Can Valls.<\/em>[\/vc_column_text][vc_column_text el_class=&#8221;tk-btn-gastronomia&#8221;]<a href=\"https:\/\/www.canvallsrestaurant.com\/es\/gastronomia\/menu-gourmet-es\/\" target=\"_self\" class=\"fy-button fy-button-micro fy-button-accent\">Ver men\u00fa<\/a><a href=\"https:\/\/www.canvallsrestaurant.com\/wp-content\/uploads\/2019\/06\/CanValls-MenuGourmet-es.pdf\" target=\"_self\" class=\"fy-button fy-button-micro fy-button-accent\">Descargar men\u00fa<\/a>[\/vc_column_text][\/vc_column_inner][\/vc_row_inner][vc_empty_space height=&#8221;50px&#8221;][vc_row_inner content_placement=&#8221;top&#8221; disable_element=&#8221;yes&#8221;][vc_column_inner width=&#8221;1\/4&#8243;][vc_single_image image=&#8221;6666&#8243; img_size=&#8221;medium&#8221; alignment=&#8221;center&#8221; onclick=&#8221;custom_link&#8221; link=&#8221;https:\/\/www.canvallsrestaurant.com\/gastronomia\/la-cuina-de-la-iaia\/&#8221;][\/vc_column_inner][vc_column_inner width=&#8221;3\/4&#8243;][vc_custom_heading text=&#8221;MEN\u00da DE TEMPORADA CAN VALLS&#8221; font_container=&#8221;tag:h2|text_align:left|color:%23b4a08c&#8221; google_fonts=&#8221;font_family:Unica%20One%3Aregular|font_style:400%20regular%3A400%3Anormal&#8221;][vc_column_text]\n<p style=\"text-align: left;\"><span class=\"fy-shortcode-emphasize fy-emphasize fy-emphasize-color-accent\">Men\u00fa de 29,50 \u20ac. Mi\u00e9rcoles, jueves y viernes a mediod\u00eda (no festivos) y de 13:00 a 16:00 h.<\/span>\n<p><em>S\u00f3lo v\u00e1lido para el restaurante Can Valls. Elegir: 1 primero, 1 segundo y 1 postre (Bebida aparte). Puede reservar llamando al 972 420 913.<\/em>[\/vc_column_text][vc_column_text el_class=&#8221;tk-btn-gastronomia&#8221;]\n<div style=\"display: none;\">\n<p class=\"p1\"><a href=\"https:\/\/www.canvallsrestaurant.com\/es\/gastronomia\/menu-degustacion\/\" target=\"_self\" class=\"fy-button fy-button-micro fy-button-accent\">Ver men\u00fa<\/a>\n<\/div>\n[\/vc_column_text][\/vc_column_inner][\/vc_row_inner][vc_separator][vc_empty_space height=&#8221;30px&#8221;][vc_row_inner content_placement=&#8221;top&#8221;][vc_column_inner width=&#8221;1\/4&#8243;][vc_single_image image=&#8221;2775&#8243; img_size=&#8221;medium&#8221; alignment=&#8221;center&#8221; onclick=&#8221;custom_link&#8221; link=&#8221;https:\/\/www.canvallsrestaurant.com\/gastronomia\/la-cuina-de-la-iaia\/&#8221;][\/vc_column_inner][vc_column_inner width=&#8221;3\/4&#8243;][vc_custom_heading text=&#8221;MEN\u00da DEGUSTACI\u00d3N&#8221; font_container=&#8221;tag:h2|text_align:left|color:%23b4a08c&#8221; google_fonts=&#8221;font_family:Unica%20One%3Aregular|font_style:400%20regular%3A400%3Anormal&#8221;][vc_column_text]\n<p style=\"text-align: left;\"><span class=\"fy-shortcode-emphasize fy-emphasize fy-emphasize-color-accent\">Ofrecemos un men\u00fa sofisticado con 10 platos a degustar \u00edntegramente<\/span>\n<p><em><strong>V\u00e1lido para un m\u00e1ximo de 6 personas.<\/strong><\/em><\/p>\n<p><em>Acompa\u00f1ados adem\u00e1s de nuestros aperitivos, el postre estrella de Can Valls y una selecci\u00f3n de petit fours. Un viaje a trav\u00e9s de los sentidos con un men\u00fa que guardar\u00e9is para el recuerdo.<\/em>[\/vc_column_text][vc_column_text el_class=&#8221;tk-btn-gastronomia&#8221;]\n<p class=\"p1\"><a href=\"https:\/\/www.canvallsrestaurant.com\/es\/menu-degustacion\/\" target=\"_self\" class=\"fy-button fy-button-micro fy-button-accent\">Ver men\u00fa<\/a><a href=\"https:\/\/www.canvallsrestaurant.com\/domicili\/producto\/menu-degustacio\/\" target=\"_blank\" class=\"fy-button fy-button-micro fy-button-accent\">Comprar<\/a>\n<div id=\"gtx-trans\" style=\"position: absolute; left: -33px; top: 78px;\">\n<div class=\"gtx-trans-icon\"><\/div>\n<\/div>\n[\/vc_column_text][\/vc_column_inner][\/vc_row_inner][vc_separator][vc_empty_space height=&#8221;30px&#8221;][vc_row_inner content_placement=&#8221;top&#8221;][vc_column_inner width=&#8221;1\/4&#8243;][vc_single_image image=&#8221;1972&#8243; img_size=&#8221;medium&#8221; alignment=&#8221;center&#8221; onclick=&#8221;custom_link&#8221; link=&#8221;https:\/\/www.canvallsrestaurant.com\/gastronomia\/la-cuina-de-la-iaia\/&#8221;][\/vc_column_inner][vc_column_inner width=&#8221;3\/4&#8243;][vc_custom_heading text=&#8221;MEN\u00da MARISCADA&#8221; font_container=&#8221;tag:h2|text_align:left|color:%23b4a08c&#8221; google_fonts=&#8221;font_family:Unica%20One%3Aregular|font_style:400%20regular%3A400%3Anormal&#8221;][vc_column_text]\n<p style=\"text-align: left;\"><span class=\"fy-shortcode-emphasize fy-emphasize fy-emphasize-color-accent\">Amantes del pescado y el marisco, dejaos sorprender por esta mariscada en formato de men\u00fa degustaci\u00f3n.<\/span>\n<p><em><strong>V\u00e1lido para un m\u00e1ximo de 6 personas.<\/strong><\/em><\/p>\n<p><em>Los productos de nuestra costa y del vivero del restaurante har\u00e1n que disfrut\u00e9is de una experiencia completa y \u00fanica. No faltar\u00e1 ning\u00fan detalle para que as\u00ed sea.<\/em>[\/vc_column_text][vc_column_text el_class=&#8221;tk-btn-gastronomia&#8221;]<a href=\"https:\/\/www.canvallsrestaurant.com\/es\/menu-mariscada\/\" target=\"_self\" class=\"fy-button fy-button-micro fy-button-accent\">Ver men\u00fa<\/a><a href=\"https:\/\/www.canvallsrestaurant.com\/domicili\/producto\/menu-mariscada\/\" target=\"_blank\" class=\"fy-button fy-button-micro fy-button-accent\">Comprar<\/a>[\/vc_column_text][\/vc_column_inner][\/vc_row_inner][vc_separator][vc_row_inner content_placement=&#8221;top&#8221;][vc_column_inner width=&#8221;1\/4&#8243;][vc_single_image image=&#8221;187213&#8243; img_size=&#8221;medium&#8221; alignment=&#8221;center&#8221;][\/vc_column_inner][vc_column_inner width=&#8221;3\/4&#8243;][vc_custom_heading text=&#8221;MEN\u00da FELICIDAD&#8221; font_container=&#8221;tag:h2|text_align:left|color:%23b4a08c&#8221; google_fonts=&#8221;font_family:Unica%20One%3Aregular|font_style:400%20regular%3A400%3Anormal&#8221;][vc_column_text]\n<p style=\"text-align: left;\"><span class=\"fy-shortcode-emphasize fy-emphasize fy-emphasize-color-accent\">Un men\u00fa que os permitir\u00e1 degustar un primer plato, un segundo y un postre a elegir.<\/span>\n<p><em><strong>V\u00e1lido para un m\u00e1ximo de 6 personas.<\/strong><\/em><\/p>\n<div id=\"gtx-trans\" style=\"position: absolute; left: 425px; top: 118px;\">\n<div class=\"gtx-trans-icon\"><\/div>\n<\/div>\n[\/vc_column_text][vc_column_text el_class=&#8221;tk-btn-gastronomia&#8221;]<a href=\"https:\/\/www.canvallsrestaurant.com\/es\/menu-felicidad-60-e\/\" target=\"_self\" class=\"fy-button fy-button-micro fy-button-accent\">Ver men\u00fa<\/a><a href=\"https:\/\/www.canvallsrestaurant.com\/domicili\/producto\/menu-felicitat\/\" target=\"_blank\" class=\"fy-button fy-button-micro fy-button-accent\">Comprar<\/a>\n<div id=\"gtx-trans\" style=\"position: absolute; left: 1032px; top: 78px;\">\n<div class=\"gtx-trans-icon\"><\/div>\n<\/div>\n[\/vc_column_text][\/vc_column_inner][\/vc_row_inner][vc_separator][vc_row_inner content_placement=&#8221;top&#8221;][vc_column_inner width=&#8221;1\/4&#8243;][vc_single_image image=&#8221;197934&#8243; img_size=&#8221;medium&#8221; alignment=&#8221;center&#8221;][\/vc_column_inner][vc_column_inner width=&#8221;3\/4&#8243;][vc_custom_heading text=&#8221;MEN\u00da TRADICI\u00d3N&#8221; font_container=&#8221;tag:h2|text_align:left|color:%23b4a08c&#8221; google_fonts=&#8221;font_family:Unica%20One%3Aregular|font_style:400%20regular%3A400%3Anormal&#8221;][vc_column_text]\n<p style=\"text-align: left;\"><span class=\"fy-shortcode-emphasize fy-emphasize fy-emphasize-color-accent\">Un men\u00fa que celebra la esencia de Can Valls, combinando recetas cl\u00e1sicas con un toque de innovaci\u00f3n y delicadeza.<\/span>\n<p><em><strong>V\u00e1lido para un m\u00e1ximo de 6 personas.<\/strong><\/em><\/p>\n<p>Una experiencia culinaria que revive sabores tradicionales, reinterpretados con pasi\u00f3n por sorprender.<\/p>\n[\/vc_column_text][vc_column_text el_class=&#8221;tk-btn-gastronomia&#8221;]\n<a href=\"https:\/\/www.canvallsrestaurant.com\/es\/menu-tradicion\/\" target=\"_self\" class=\"fy-button fy-button-micro fy-button-accent\">Ver men\u00fa<\/a><a href=\"https:\/\/www.canvallsrestaurant.com\/domicili\/producto\/menu-tradicio\/\" target=\"_blank\" class=\"fy-button fy-button-micro fy-button-accent\">Comprar<\/a>\n[\/vc_column_text][\/vc_column_inner][\/vc_row_inner][vc_empty_space height=&#8221;50px&#8221;][\/vc_column][\/vc_row][vc_row full_width=&#8221;stretch_row&#8221; content_placement=&#8221;top&#8221; css=&#8221;.vc_custom_1559559803089{background-color: #dbd6c0 !important;}&#8221;][vc_column][vc_empty_space height=&#8221;50px&#8221;][vc_row_inner content_placement=&#8221;top&#8221;][vc_column_inner width=&#8221;1\/4&#8243;][vc_single_image image=&#8221;2098&#8243; img_size=&#8221;medium&#8221;][\/vc_column_inner][vc_column_inner width=&#8221;3\/4&#8243;][vc_custom_heading text=&#8221;REGALA CAN VALLS&#8221; font_container=&#8221;tag:h2|text_align:left|color:%23b4a08c&#8221; google_fonts=&#8221;font_family:Unica%20One%3Aregular|font_style:400%20regular%3A400%3Anormal&#8221;][vc_column_text]\n<p style=\"text-align: left;\"><span class=\"fy-shortcode-emphasize fy-emphasize fy-emphasize-color-accent\"><em>\u00bfQuieres sorprender a tu pareja? \u00bfQuieres hacer un regalo diferente?<\/em><\/span>\n<p><em>Can Valls propone 3 men\u00fas para regalar. Para m\u00e1s informaci\u00f3n o para comprar el pack regalo haz <a href=\"https:\/\/www.canvallsrestaurant.com\/es\/regala\/\" target=\"_blank\" rel=\"noopener noreferrer\"><strong>clic aqu\u00ed<\/strong><\/a><\/em>[\/vc_column_text][vc_empty_space height=&#8221;50px&#8221;][\/vc_column_inner][\/vc_row_inner][vc_empty_space height=&#8221;50px&#8221;][\/vc_column][\/vc_row]\n","protected":false},"excerpt":{"rendered":"<p>[vc_row][vc_column][vc_empty_space height=&#8221;90px&#8221;][vc_row_inner content_placement=&#8221;top&#8221;][vc_column_inner width=&#8221;1\/4&#8243;][vc_single_image image=&#8221;2170&#8243; img_size=&#8221;medium&#8221; alignment=&#8221;center&#8221;][\/vc_column_inner][vc_column_inner width=&#8221;3\/4&#8243;][vc_column_text]El producto y la tradici\u00f3n son dos pilares fundamentales de nuestra cocina, que hoy en d\u00eda se complementa con platos de autor, innovadores &#8230;<\/p>\n","protected":false},"author":1,"featured_media":0,"parent":0,"menu_order":0,"comment_status":"closed","ping_status":"closed","template":"","meta":[],"_links":{"self":[{"href":"https:\/\/www.canvallsrestaurant.com\/es\/wp-json\/wp\/v2\/pages\/3075"}],"collection":[{"href":"https:\/\/www.canvallsrestaurant.com\/es\/wp-json\/wp\/v2\/pages"}],"about":[{"href":"https:\/\/www.canvallsrestaurant.com\/es\/wp-json\/wp\/v2\/types\/page"}],"author":[{"embeddable":true,"href":"https:\/\/www.canvallsrestaurant.com\/es\/wp-json\/wp\/v2\/users\/1"}],"replies":[{"embeddable":true,"href":"https:\/\/www.canvallsrestaurant.com\/es\/wp-json\/wp\/v2\/comments?post=3075"}],"version-history":[{"count":61,"href":"https:\/\/www.canvallsrestaurant.com\/es\/wp-json\/wp\/v2\/pages\/3075\/revisions"}],"predecessor-version":[{"id":198002,"href":"https:\/\/www.canvallsrestaurant.com\/es\/wp-json\/wp\/v2\/pages\/3075\/revisions\/198002"}],"wp:attachment":[{"href":"https:\/\/www.canvallsrestaurant.com\/es\/wp-json\/wp\/v2\/media?parent=3075"}],"curies":[{"name":"wp","href":"https:\/\/api.w.org\/{rel}","templated":true}]}}