{"id":3042,"date":"2019-06-03T11:33:36","date_gmt":"2019-06-03T09:33:36","guid":{"rendered":"https:\/\/www.canvallsrestaurant.com\/catering\/"},"modified":"2020-06-22T08:23:18","modified_gmt":"2020-06-22T06:23:18","slug":"catering","status":"publish","type":"page","link":"https:\/\/www.canvallsrestaurant.com\/es\/catering\/","title":{"rendered":"Catering"},"content":{"rendered":"[vc_row][vc_column][vc_empty_space height=&#8221;90px&#8221;][vc_row_inner content_placement=&#8221;top&#8221;][vc_column_inner width=&#8221;1\/4&#8243;][vc_single_image image=&#8221;2400&#8243; img_size=&#8221;medium&#8221; alignment=&#8221;center&#8221;][\/vc_column_inner][vc_column_inner width=&#8221;3\/4&#8243;][vc_custom_heading text=&#8221;CATERING&#8221; font_container=&#8221;tag:h2|text_align:left|color:%23b4a08c&#8221; google_fonts=&#8221;font_family:Unica%20One%3Aregular|font_style:400%20regular%3A400%3Anormal&#8221;][vc_column_text]<span class=\"fy-shortcode-emphasize fy-emphasize fy-emphasize-color-accent\">Desde hace un a\u00f1o Can Valls ofrece tambi\u00e9n servicio de catering para diferentes celebraciones fuera del restaurante, como fiestas de empresa, fiestas de cumplea\u00f1os, encuentros de grupo o inauguraciones. <\/span>\n<p><em>Nos adaptamos a las necesidades y presupuesto de los clientes para hacer que las celebraciones sean lo m\u00e1s especiales posible y al gusto de quien nos lo pide. <\/em><em>Poneos en contacto con nosotros, contadnos qu\u00e9 idea ten\u00e9is y os ofreceremos lo que m\u00e1s se adapte a vuestras necesidades.<\/em>[\/vc_column_text][\/vc_column_inner][\/vc_row_inner][\/vc_column][\/vc_row][vc_row full_width=&#8221;stretch_row_content&#8221; gap=&#8221;20&#8243;][vc_column][vc_raw_html]W2Z3cnN3X3ByaW50X3Jlc3BvbnNpdmVfZnVsbF93aWR0aF9zbGlkZXJfd3AgaWQ9IjUiXQ==[\/vc_raw_html][\/vc_column][\/vc_row][vc_row full_width=&#8221;stretch_row&#8221; content_placement=&#8221;top&#8221; css=&#8221;.vc_custom_1560761694119{background-color: #dbd6c0 !important;}&#8221;][vc_column][vc_empty_space height=&#8221;50px&#8221;][vc_row_inner gap=&#8221;25&#8243;][vc_column_inner width=&#8221;1\/2&#8243;][vc_single_image image=&#8221;3952&#8243; img_size=&#8221;medium&#8221; alignment=&#8221;center&#8221;][vc_custom_heading text=&#8221;CAN VALLS PARA EVENTOS: TODO LISTO PARA TU FIESTA&#8221; font_container=&#8221;tag:h2|text_align:center|color:%23b4a08c&#8221; google_fonts=&#8221;font_family:Unica%20One%3Aregular|font_style:400%20regular%3A400%3Anormal&#8221;][vc_column_text]\n<p style=\"text-align: center;\"><em>Nuestro servicio de catering te permite degustar nuestros platos en fechas especiales, reuniones o celebraciones. Nos adaptamos a tus necesidades. Ponte en contacto con nosotros y te explicaremos qu\u00e9 podemos ofrecerte.<\/em><\/p>\n[\/vc_column_text][vc_btn title=&#8221;Ver m\u00e1s&#8221; style=&#8221;outline&#8221; color=&#8221;black&#8221; align=&#8221;center&#8221; link=&#8221;url:https%3A%2F%2Fwww.canvallsrestaurant.com%2Fes%2Feventos%2F|title:Empresa|target:%20_blank|&#8221;][\/vc_column_inner][vc_column_inner width=&#8221;1\/2&#8243;][vc_single_image image=&#8221;2401&#8243; img_size=&#8221;medium&#8221; alignment=&#8221;center&#8221;][vc_custom_heading text=&#8221;CAN VALLS PARA EMPRESAS: DEL RESTAURANTE AL TRABAJO&#8221; font_container=&#8221;tag:h2|text_align:center|color:%23b4a08c&#8221; google_fonts=&#8221;font_family:Unica%20One%3Aregular|font_style:400%20regular%3A400%3Anormal&#8221;][vc_column_text]\n<p style=\"text-align: center;\"><em>Ahora puedes recibir nuestros platos al trabajo, seleccionando diariamente lo que desees comer a partir del men\u00fa diario que ofrecemos. Haz clic aqu\u00ed para saber m\u00e1s.<\/em><\/p>\n[\/vc_column_text][vc_btn title=&#8221;Ver m\u00e1s&#8221; style=&#8221;outline&#8221; color=&#8221;black&#8221; align=&#8221;center&#8221; link=&#8221;url:https%3A%2F%2Fwww.canvallsrestaurant.com%2Fes%2Fempresa%2F|title:Empresa|target:%20_blank|&#8221;][\/vc_column_inner][\/vc_row_inner][vc_empty_space height=&#8221;50px&#8221;][\/vc_column][\/vc_row]\n","protected":false},"excerpt":{"rendered":"<p>[vc_row][vc_column][vc_empty_space height=&#8221;90px&#8221;][vc_row_inner content_placement=&#8221;top&#8221;][vc_column_inner width=&#8221;1\/4&#8243;][vc_single_image image=&#8221;2400&#8243; img_size=&#8221;medium&#8221; alignment=&#8221;center&#8221;][\/vc_column_inner][vc_column_inner width=&#8221;3\/4&#8243;][vc_custom_heading text=&#8221;CATERING&#8221; font_container=&#8221;tag:h2|text_align:left|color:%23b4a08c&#8221; google_fonts=&#8221;font_family:Unica%20One%3Aregular|font_style:400%20regular%3A400%3Anormal&#8221;][vc_column_text] Nos adaptamos a las necesidades y presupuesto de los clientes para hacer que las celebraciones sean lo m\u00e1s especiales &#8230;<\/p>\n","protected":false},"author":1,"featured_media":4021,"parent":0,"menu_order":0,"comment_status":"closed","ping_status":"closed","template":"","meta":[],"_links":{"self":[{"href":"https:\/\/www.canvallsrestaurant.com\/es\/wp-json\/wp\/v2\/pages\/3042"}],"collection":[{"href":"https:\/\/www.canvallsrestaurant.com\/es\/wp-json\/wp\/v2\/pages"}],"about":[{"href":"https:\/\/www.canvallsrestaurant.com\/es\/wp-json\/wp\/v2\/types\/page"}],"author":[{"embeddable":true,"href":"https:\/\/www.canvallsrestaurant.com\/es\/wp-json\/wp\/v2\/users\/1"}],"replies":[{"embeddable":true,"href":"https:\/\/www.canvallsrestaurant.com\/es\/wp-json\/wp\/v2\/comments?post=3042"}],"version-history":[{"count":9,"href":"https:\/\/www.canvallsrestaurant.com\/es\/wp-json\/wp\/v2\/pages\/3042\/revisions"}],"predecessor-version":[{"id":4735,"href":"https:\/\/www.canvallsrestaurant.com\/es\/wp-json\/wp\/v2\/pages\/3042\/revisions\/4735"}],"wp:featuredmedia":[{"embeddable":true,"href":"https:\/\/www.canvallsrestaurant.com\/es\/wp-json\/wp\/v2\/media\/4021"}],"wp:attachment":[{"href":"https:\/\/www.canvallsrestaurant.com\/es\/wp-json\/wp\/v2\/media?parent=3042"}],"curies":[{"name":"wp","href":"https:\/\/api.w.org\/{rel}","templated":true}]}}