{"id":2998,"date":"2019-05-28T12:22:21","date_gmt":"2019-05-28T10:22:21","guid":{"rendered":"https:\/\/www.canvallsrestaurant.com\/can-valls\/"},"modified":"2021-12-15T14:36:48","modified_gmt":"2021-12-15T13:36:48","slug":"can-valls","status":"publish","type":"page","link":"https:\/\/www.canvallsrestaurant.com\/es\/can-valls\/","title":{"rendered":"Can Valls"},"content":{"rendered":"[vc_row][vc_column][vc_empty_space height=&#8221;90px&#8221;][vc_row_inner content_placement=&#8221;top&#8221;][vc_column_inner width=&#8221;1\/4&#8243;][vc_raw_html]PElNRyBzcmM9Imh0dHBzOi8vd3d3LmNhbnZhbGxzcmVzdGF1cmFudC5jb20vd3AtY29udGVudC91cGxvYWRzLzIwMTkvMDYvZ2lmLWxsb3JvLWNhbnZhbGxzLmdpZiIgd2lkdGg9IjMwMCIgaGVpZ2h0PSIzMDAiLz4=[\/vc_raw_html][\/vc_column_inner][vc_column_inner width=&#8221;3\/4&#8243;][vc_column_text]\n<p>Can Valls fue fundado el a\u00f1o 1950. Es un restaurante con tradici\u00f3n familiar que integra, en una misma carta, la cocina tradicional catalana y la cocina mediterr\u00e1nea con toques innovadores que propone el chef y propietario, David Valls.<\/p>\n<p>El restaurante est\u00e1 situado en Sant Mart\u00ed Sapresa, un peque\u00f1o pueblo cerca de la carretera que une los municipios de Santa Coloma de Farners y Angl\u00e8s, en la comarca de La Selva y solo a 30 minutos de Girona. Un entorno agradable, acogedor y \u00fanico en el que los clientes pueden disfrutar de la mejor cocina y sentirse como en casa.<\/p>\n<p><span style=\"font-weight: 400;\">Los productos de calidad son la base de nuestra cocina, donde la proximidad tiene un papel fundamental. \u00bfSab\u00edas que tenemos nuestra propia carnicer\u00eda y que cada jueves vamos personalmente a la lonja para comprar pescado? De esta forma garantizamos que la materia prima sea extraordinaria y podemos ofrecer la mejor cocina a nuestros clientes.\u00a0<\/span><\/p>\n[\/vc_column_text][\/vc_column_inner][\/vc_row_inner][\/vc_column][\/vc_row][vc_row full_width=&#8221;stretch_row_content_no_spaces&#8221; parallax=&#8221;content-moving&#8221;][vc_column][vc_row_inner][vc_column_inner][vc_raw_html]W2Z3cnN3X3ByaW50X3Jlc3BvbnNpdmVfZnVsbF93aWR0aF9zbGlkZXJfd3AgaWQ9IjEiXSA=[\/vc_raw_html][\/vc_column_inner][\/vc_row_inner][\/vc_column][\/vc_row][vc_row][vc_column offset=&#8221;vc_hidden-lg vc_hidden-md vc_hidden-sm vc_hidden-xs&#8221;][vc_row_inner][vc_column_inner width=&#8221;1\/6&#8243;][\/vc_column_inner][vc_column_inner width=&#8221;2\/3&#8243;][vc_single_image image=&#8221;2043&#8243; img_size=&#8221;full&#8221; alignment=&#8221;center&#8221;][vc_custom_heading text=&#8221;EQUIP&#8221; font_container=&#8221;tag:h2|text_align:center|color:%23000000&#8243; google_fonts=&#8221;font_family:Unica%20One%3Aregular|font_style:400%20regular%3A400%3Anormal&#8221;][vc_column_text]\n<p style=\"text-align: center;\">Un equipo joven y din\u00e1mico es el encargado de hacer llegar a la mesa todos los platos que se preparan con detalle en la cocina. Nuestro personal es quien recibe, trata y se despide de nuestros clientes, y es el reflejo del trabajo realizado en el restaurante durante m\u00e1s de 60 a\u00f1os.<\/p>\n[\/vc_column_text][\/vc_column_inner][vc_column_inner width=&#8221;1\/6&#8243;][\/vc_column_inner][\/vc_row_inner][vc_empty_space height=&#8221;20px&#8221;][\/vc_column][\/vc_row][vc_row gap=&#8221;30&#8243;][vc_column][vc_row_inner gap=&#8221;30&#8243;][vc_column_inner][vc_empty_space height=&#8221;80px&#8221;][vc_single_image image=&#8221;5270&#8243; img_size=&#8221;medium&#8221; alignment=&#8221;center&#8221;][vc_custom_heading text=&#8221;#CANVALLSACASA&#8221; font_container=&#8221;tag:h2|text_align:center|color:%23000000&#8243; google_fonts=&#8221;font_family:Unica%20One%3Aregular|font_style:400%20regular%3A400%3Anormal&#8221;][vc_column_text]\n<p><span style=\"font-weight: 400;\">Can Valls presenta <strong>#CanVallsACasa<\/strong>, un nuevo concepto que nace a ra\u00edz de las nuevas necesidades de nuestro sector y que acerca la gastronom\u00eda de Can Valls a nuestros clientes, con todas las facilidades.\u00a0<\/span><\/p>\n<p><span style=\"font-weight: 400;\">Con este formato, te traemos a casa nuestros platos congelados, para que solo tengas que calentarlos cuando quieras disfrutar de ellos. Tambi\u00e9n podr\u00e1s recogerlos calientes en el local, y escoger entre diferentes propuestas, packs y men\u00fas.<\/span><\/p>\n[\/vc_column_text][vc_btn title=&#8221;M\u00e1s informaci\u00f3n&#8221; style=&#8221;outline&#8221; color=&#8221;black&#8221; align=&#8221;center&#8221; link=&#8221;url:https%3A%2F%2Fwww.canvallsrestaurant.com%2Fes%2Fcanvallsacasa%2F|title:Catering|&#8221;][\/vc_column_inner][\/vc_row_inner][vc_empty_space height=&#8221;60px&#8221;][\/vc_column][\/vc_row][vc_row gap=&#8221;30&#8243; disable_element=&#8221;yes&#8221;][vc_column][vc_row_inner gap=&#8221;30&#8243;][vc_column_inner width=&#8221;1\/2&#8243;][vc_empty_space height=&#8221;80px&#8221;][vc_single_image image=&#8221;5270&#8243; img_size=&#8221;medium&#8221; alignment=&#8221;center&#8221;][vc_custom_heading text=&#8221;#CANVALLSACASA&#8221; font_container=&#8221;tag:h2|text_align:center|color:%23000000&#8243; google_fonts=&#8221;font_family:Unica%20One%3Aregular|font_style:400%20regular%3A400%3Anormal&#8221;][vc_column_text]\n<p><span style=\"font-weight: 400;\">Can Valls presenta <strong>#CanVallsACasa<\/strong>, un nuevo concepto que nace a ra\u00edz de las nuevas necesidades de nuestro sector y que acerca la gastronom\u00eda de Can Valls a nuestros clientes, con todas las facilidades.\u00a0<\/span><\/p>\n<p><span style=\"font-weight: 400;\">Con este formato, te traemos a casa nuestros platos congelados, para que solo tengas que calentarlos cuando quieras disfrutar de ellos. Tambi\u00e9n podr\u00e1s recogerlos calientes en el local, y escoger entre diferentes propuestas, packs y men\u00fas.<\/span><\/p>\n[\/vc_column_text][vc_btn title=&#8221;M\u00e1s informaci\u00f3n&#8221; style=&#8221;outline&#8221; color=&#8221;black&#8221; align=&#8221;center&#8221; link=&#8221;url:https%3A%2F%2Fwww.canvallsrestaurant.com%2Fes%2Fcanvallsacasa%2F|title:Catering|&#8221;][\/vc_column_inner][vc_column_inner width=&#8221;1\/2&#8243;][vc_empty_space height=&#8221;80px&#8221;][vc_single_image image=&#8221;3948&#8243; img_size=&#8221;medium&#8221; alignment=&#8221;center&#8221;][vc_custom_heading text=&#8221;CATERING&#8221; font_container=&#8221;tag:h2|text_align:center|color:%23000000&#8243; google_fonts=&#8221;font_family:Unica%20One%3Aregular|font_style:400%20regular%3A400%3Anormal&#8221;][vc_column_text]\n<p style=\"text-align: center;\">El servicio de catering de Can Valls os permite degustar nuestros platos en casa. Se trata de un servicio personalizado, ya sea de comidas, cenas, platos para picar y compartir o petit fours. Seg\u00fan las necesidades de cada cliente, prepararemos a medida platos complejos, o tapas sencillas de la mejor calidad. Poneos en contacto con nosotros y estaremos encantados de explicaros qu\u00e9 podemos ofreceros.<\/p>\n[\/vc_column_text][vc_btn title=&#8221;M\u00e1s informaci\u00f3n&#8221; style=&#8221;outline&#8221; color=&#8221;black&#8221; align=&#8221;center&#8221; link=&#8221;url:https%3A%2F%2Fwww.canvallsrestaurant.com%2Fes%2Fcatering%2F|title:Catering|&#8221;][\/vc_column_inner][\/vc_row_inner][vc_empty_space height=&#8221;60px&#8221;][\/vc_column][\/vc_row]\n","protected":false},"excerpt":{"rendered":"<p>[vc_row][vc_column][vc_empty_space height=&#8221;90px&#8221;][vc_row_inner content_placement=&#8221;top&#8221;][vc_column_inner width=&#8221;1\/4&#8243;][vc_raw_html]PElNRyBzcmM9Imh0dHBzOi8vd3d3LmNhbnZhbGxzcmVzdGF1cmFudC5jb20vd3AtY29udGVudC91cGxvYWRzLzIwMTkvMDYvZ2lmLWxsb3JvLWNhbnZhbGxzLmdpZiIgd2lkdGg9IjMwMCIgaGVpZ2h0PSIzMDAiLz4=[\/vc_raw_html][\/vc_column_inner][vc_column_inner width=&#8221;3\/4&#8243;][vc_column_text] Can Valls fue fundado el a\u00f1o 1950. Es un restaurante con tradici\u00f3n familiar que integra, en una misma carta, la cocina tradicional catalana y la &#8230;<\/p>\n","protected":false},"author":1,"featured_media":3000,"parent":0,"menu_order":0,"comment_status":"closed","ping_status":"closed","template":"","meta":[],"_links":{"self":[{"href":"https:\/\/www.canvallsrestaurant.com\/es\/wp-json\/wp\/v2\/pages\/2998"}],"collection":[{"href":"https:\/\/www.canvallsrestaurant.com\/es\/wp-json\/wp\/v2\/pages"}],"about":[{"href":"https:\/\/www.canvallsrestaurant.com\/es\/wp-json\/wp\/v2\/types\/page"}],"author":[{"embeddable":true,"href":"https:\/\/www.canvallsrestaurant.com\/es\/wp-json\/wp\/v2\/users\/1"}],"replies":[{"embeddable":true,"href":"https:\/\/www.canvallsrestaurant.com\/es\/wp-json\/wp\/v2\/comments?post=2998"}],"version-history":[{"count":15,"href":"https:\/\/www.canvallsrestaurant.com\/es\/wp-json\/wp\/v2\/pages\/2998\/revisions"}],"predecessor-version":[{"id":4730,"href":"https:\/\/www.canvallsrestaurant.com\/es\/wp-json\/wp\/v2\/pages\/2998\/revisions\/4730"}],"wp:featuredmedia":[{"embeddable":true,"href":"https:\/\/www.canvallsrestaurant.com\/es\/wp-json\/wp\/v2\/media\/3000"}],"wp:attachment":[{"href":"https:\/\/www.canvallsrestaurant.com\/es\/wp-json\/wp\/v2\/media?parent=2998"}],"curies":[{"name":"wp","href":"https:\/\/api.w.org\/{rel}","templated":true}]}}