{"id":187152,"date":"2025-11-14T13:00:24","date_gmt":"2025-11-14T12:00:24","guid":{"rendered":"https:\/\/www.canvallsrestaurant.com\/?page_id=187152"},"modified":"2025-12-01T09:52:32","modified_gmt":"2025-12-01T08:52:32","slug":"menu-felicidad-60-e","status":"publish","type":"page","link":"https:\/\/www.canvallsrestaurant.com\/es\/menu-felicidad-60-e\/","title":{"rendered":"Men\u00fa Felicidad 60 \u20ac"},"content":{"rendered":"[vc_row][vc_column][vc_empty_space height=&#8221;50px&#8221;][vc_column_text]\n<p style=\"text-align: center;\"><span style=\"color: #c2b59b;\">Primer plato para compartir<\/span><\/p>\n[\/vc_column_text][vc_column_text]\n<p style=\"text-align: center;\"><span style=\"font-weight: 400;\">Brioche con steak tartar y huevo de codorniz<\/span><\/p>\n<p style=\"text-align: center;\"><span style=\"font-weight: 400;\">Tortilla abierta con sobrasada y queso<\/span><\/p>\n<p style=\"text-align: center;\"><span style=\"font-weight: 400;\">Alcachofa rebozada con lascas de parmesano y miel<\/span><\/p>\n<p style=\"text-align: center;\"><span style=\"font-weight: 400;\">Zamburi\u00f1as gratinadas con muselina de ajo y cebolla dulce<\/span><\/p>\n[\/vc_column_text][vc_column_text]\n<p style=\"text-align: center;\"><span style=\"color: #c2b59b;\">Segundo plato para compartir<\/span><\/p>\n<div id=\"gtx-trans\" style=\"position: absolute; left: 640px; top: 38px;\">\n<div class=\"gtx-trans-icon\"><\/div>\n<\/div>\n[\/vc_column_text][vc_column_text]\n<p style=\"text-align: center;\">Entrecot de ternera de Girona a la brasa con patata al rescoldo y esp\u00e1rrago verde<\/p>\n<p style=\"text-align: center;\">Arroz seco con butifarra y gambita<\/p>\n<p style=\"text-align: center;\">Medallones de rape al ajillo con almejas<\/p>\n<p style=\"text-align: center;\">Pluma de cerdo con salsa Jabugo<\/p>\n[\/vc_column_text][vc_column_text]\n<p style=\"text-align: center;\"><span style=\"color: #c2b59b;\">Postres<\/span><\/p>\n<div id=\"gtx-trans\" style=\"position: absolute; left: 545px; top: -9.5px;\">\n<div class=\"gtx-trans-icon\"><\/div>\n<\/div>\n[\/vc_column_text][vc_column_text]\n<p style=\"text-align: center;\">Martinet de avellana de Brunyola con helado de chocolate blanco<\/p>\n<p style=\"text-align: center;\">Catal\u00e1n de Can Valls con helado de turr\u00f3n y chocolate caliente<\/p>\n<p style=\"text-align: center;\">Nuestro helado de yogur con frutos del bosque<\/p>\n<p style=\"text-align: center;\">Miel y reques\u00f3n con nueces<\/p>\n[\/vc_column_text][vc_column_text]\n<p style=\"text-align: center;\"><em>Vale para comer o cenar cada d\u00eda en el Restaurante Can Valls. Incluidos los fines de semana y festivos.<\/em><\/p>\n<div class=\"n4sEPd\" style=\"text-align: center;\">\n<div class=\"FFpbKc\">\n<div>\u00a0<\/div>\n<div class=\"xMmqsf\"><em>Los vales regalo son v\u00e1lidos para un m\u00e1ximo de 6 personas. Para grupos de m\u00e1s de 6, contacta con nosotros y te ofreceremos un men\u00fa personalizado para grupos.<\/em><\/div>\n<\/div>\n<div>\u00a0<\/div>\n<div><strong>Preu 60 \u20ac<\/strong><\/div>\n<\/div>\n<div id=\"gtx-trans\" style=\"position: absolute; left: 505px; top: 38px;\">\n<div class=\"gtx-trans-icon\">\u00a0<\/div>\n<\/div>\n[\/vc_column_text][vc_row_inner][vc_column_inner][vc_btn title=&#8221;COMPRAR&#8221; align=&#8221;center&#8221; link=&#8221;url:https%3A%2F%2Fwww.canvallsrestaurant.com%2Fdomicili%2Fproducto%2Fmenu-felicitat%2F|||&#8221;][\/vc_column_inner][\/vc_row_inner][\/vc_column][\/vc_row]\n","protected":false},"excerpt":{"rendered":"<p>[vc_row][vc_column][vc_empty_space height=&#8221;50px&#8221;][vc_column_text] Primer plato para compartir [\/vc_column_text][vc_column_text] Brioche con steak tartar y huevo de codorniz Tortilla abierta con sobrasada y queso Alcachofa rebozada con lascas de parmesano y miel Zamburi\u00f1as &#8230;<\/p>\n","protected":false},"author":1,"featured_media":5860,"parent":0,"menu_order":0,"comment_status":"closed","ping_status":"closed","template":"","meta":[],"_links":{"self":[{"href":"https:\/\/www.canvallsrestaurant.com\/es\/wp-json\/wp\/v2\/pages\/187152"}],"collection":[{"href":"https:\/\/www.canvallsrestaurant.com\/es\/wp-json\/wp\/v2\/pages"}],"about":[{"href":"https:\/\/www.canvallsrestaurant.com\/es\/wp-json\/wp\/v2\/types\/page"}],"author":[{"embeddable":true,"href":"https:\/\/www.canvallsrestaurant.com\/es\/wp-json\/wp\/v2\/users\/1"}],"replies":[{"embeddable":true,"href":"https:\/\/www.canvallsrestaurant.com\/es\/wp-json\/wp\/v2\/comments?post=187152"}],"version-history":[{"count":10,"href":"https:\/\/www.canvallsrestaurant.com\/es\/wp-json\/wp\/v2\/pages\/187152\/revisions"}],"predecessor-version":[{"id":213332,"href":"https:\/\/www.canvallsrestaurant.com\/es\/wp-json\/wp\/v2\/pages\/187152\/revisions\/213332"}],"wp:featuredmedia":[{"embeddable":true,"href":"https:\/\/www.canvallsrestaurant.com\/es\/wp-json\/wp\/v2\/media\/5860"}],"wp:attachment":[{"href":"https:\/\/www.canvallsrestaurant.com\/es\/wp-json\/wp\/v2\/media?parent=187152"}],"curies":[{"name":"wp","href":"https:\/\/api.w.org\/{rel}","templated":true}]}}