{"id":139801,"date":"2025-10-24T11:18:28","date_gmt":"2025-10-24T09:18:28","guid":{"rendered":"https:\/\/www.canvallsrestaurant.com\/menu-mariscada\/"},"modified":"2025-12-01T09:53:40","modified_gmt":"2025-12-01T08:53:40","slug":"menu-mariscada","status":"publish","type":"page","link":"https:\/\/www.canvallsrestaurant.com\/es\/menu-mariscada\/","title":{"rendered":"Men\u00fa Mariscada"},"content":{"rendered":"[vc_section][vc_row disable_element=&#8221;yes&#8221;][vc_column][vc_empty_space height=&#8221;100px&#8221;][vc_column_text]\n<p style=\"text-align: center;\">At\u00e8s que treballem amb productes frescos, us demanem que feu els vostres us demanem que feu els vostres enc\u00e0rrecs amb antelaci\u00f3, m\u00e0xim el dia 22 de juny. Recollida el dia 23 de juny fins les 17:00 h.<\/p>\n[\/vc_column_text][vc_empty_space height=&#8221;50px&#8221;][\/vc_column][\/vc_row][vc_row][vc_column][vc_empty_space height=&#8221;100px&#8221;][vc_column_text]\n<p style=\"text-align: center; font-size: 27px;\"><span style=\"color: #c2b59b;\">Ofrecemos un men\u00fa mariscada sofisticado con 10 platos a degustar en su totalidad.<\/span><\/p>\n[\/vc_column_text][vc_column_text]\n<p style=\"text-align: center;\">Surtido de ahumados<\/p>\n<p style=\"text-align: center;\">Pulpo a la gallega con cremoso de patata<\/p>\n<p style=\"text-align: center;\">Navajas a la plancha<\/p>\n<p style=\"text-align: center;\">Almejas a la plancha<\/p>\n<p style=\"text-align: center;\">Zamburinyes a la plancha<\/p>\n<p style=\"text-align: center;\">Berberechos a la plancha<\/p>\n<p style=\"text-align: center;\">Vieiras a la plancha sobre base de tomate dulce y puerro<\/p>\n<p style=\"text-align: center;\">Cigalas a la plancha<\/p>\n<p style=\"text-align: center;\">Gambas frescas de Blanes a la plancha<\/p>\n<p style=\"text-align: center;\">1\/2 Llobregando a la plancha<\/p>\n[\/vc_column_text][vc_empty_space height=&#8221;50px&#8221;][\/vc_column][\/vc_row][vc_row][vc_column][vc_column_text]\n<p style=\"text-align: center; font-size: 27px;\"><span style=\"color: #c2b59b;\">Postres<\/span><\/p>\n[\/vc_column_text][vc_column_text]\n<p style=\"text-align: center;\">A escoger de la carta<\/p>\n[\/vc_column_text][vc_empty_space height=&#8221;50px&#8221;][\/vc_column][\/vc_row][vc_row][vc_column][vc_column_text]\n<p style=\"text-align: center; font-size: 27px;\"><span style=\"color: #c2b59b;\">Bebida<\/span><\/p>\n[\/vc_column_text][vc_column_text]\n<p style=\"text-align: center;\">Caf\u00e9 y bebida incluida. Agua, vino blanco, tinto o rosado Floresta DO Empord\u00e0.<\/p>\n[\/vc_column_text][vc_empty_space height=&#8221;50px&#8221;][\/vc_column][\/vc_row][vc_row][vc_column][vc_column_text]\n<p style=\"text-align: center;\"><strong>Precio 90 \u20ac*<\/strong><br \/>*Si se reserva la mariscada directo en Can Valls <strong>sin el vale regalo.<\/strong><br \/>Los postres, bebidas y caf\u00e9s no est\u00e1n incluidos.<\/p>\n<p style=\"text-align: center;\"><strong>105 \u20ac**<\/strong><br \/>**Vale regalo para comer o cenar cada d\u00eda en el Restaurante Can Valls. Incluidos los fines de semana y festivos.<br \/>Incluidos postres, bebidas y caf\u00e9s.<\/p>\n[\/vc_column_text][vc_btn title=&#8221;COMPRAR&#8221; align=&#8221;center&#8221; link=&#8221;url:https%3A%2F%2Fwww.canvallsrestaurant.com%2Fdomicili%2Fproducto%2Fmenu-mariscada%2F||target:%20_blank|&#8221;][vc_empty_space height=&#8221;100px&#8221;][\/vc_column][\/vc_row][\/vc_section]\n","protected":false},"excerpt":{"rendered":"<p>[vc_section][vc_row disable_element=&#8221;yes&#8221;][vc_column][vc_empty_space height=&#8221;100px&#8221;][vc_column_text] At\u00e8s que treballem amb productes frescos, us demanem que feu els vostres us demanem que feu els vostres enc\u00e0rrecs amb antelaci\u00f3, m\u00e0xim el dia 22 de juny. &#8230;<\/p>\n","protected":false},"author":1,"featured_media":5860,"parent":0,"menu_order":0,"comment_status":"closed","ping_status":"closed","template":"","meta":[],"_links":{"self":[{"href":"https:\/\/www.canvallsrestaurant.com\/es\/wp-json\/wp\/v2\/pages\/139801"}],"collection":[{"href":"https:\/\/www.canvallsrestaurant.com\/es\/wp-json\/wp\/v2\/pages"}],"about":[{"href":"https:\/\/www.canvallsrestaurant.com\/es\/wp-json\/wp\/v2\/types\/page"}],"author":[{"embeddable":true,"href":"https:\/\/www.canvallsrestaurant.com\/es\/wp-json\/wp\/v2\/users\/1"}],"replies":[{"embeddable":true,"href":"https:\/\/www.canvallsrestaurant.com\/es\/wp-json\/wp\/v2\/comments?post=139801"}],"version-history":[{"count":5,"href":"https:\/\/www.canvallsrestaurant.com\/es\/wp-json\/wp\/v2\/pages\/139801\/revisions"}],"predecessor-version":[{"id":213334,"href":"https:\/\/www.canvallsrestaurant.com\/es\/wp-json\/wp\/v2\/pages\/139801\/revisions\/213334"}],"wp:featuredmedia":[{"embeddable":true,"href":"https:\/\/www.canvallsrestaurant.com\/es\/wp-json\/wp\/v2\/media\/5860"}],"wp:attachment":[{"href":"https:\/\/www.canvallsrestaurant.com\/es\/wp-json\/wp\/v2\/media?parent=139801"}],"curies":[{"name":"wp","href":"https:\/\/api.w.org\/{rel}","templated":true}]}}