{"id":11022,"date":"2025-05-23T12:43:23","date_gmt":"2025-05-23T10:43:23","guid":{"rendered":"https:\/\/www.canvallsrestaurant.com\/menu-del-dia\/"},"modified":"2025-10-01T16:38:41","modified_gmt":"2025-10-01T14:38:41","slug":"menu-del-dia","status":"publish","type":"page","link":"https:\/\/www.canvallsrestaurant.com\/es\/menu-del-dia\/","title":{"rendered":"Men\u00fa del d\u00eda"},"content":{"rendered":"[vc_section][vc_row][vc_column][vc_empty_space height=&#8221;100px&#8221;][vc_column_text]\n<p style=\"text-align: center;\">En nuestra cocina no hay prisas ni recetas fijas: cada d\u00eda dejamos que los productos de temporada nos gu\u00eden. Trabajamos con ingredientes frescos y de proximidad, escogidos con cuidado para ofrecerte platos que cambian seg\u00fan lo que nos regalan la tierra y el mar.<\/p>\n[\/vc_column_text][vc_empty_space height=&#8221;50px&#8221;][\/vc_column][\/vc_row][vc_row][vc_column][vc_column_text]\n<p style=\"text-align: center;\"><strong>29,50 \u20ac por persona<\/strong><br \/>\nLa bebida y el caf\u00e9 no est\u00e1n incluidos en el precio de este men\u00fa<\/p>\n[\/vc_column_text][vc_empty_space height=&#8221;100px&#8221;][\/vc_column][\/vc_row][\/vc_section]\n","protected":false},"excerpt":{"rendered":"<p>[vc_section][vc_row][vc_column][vc_empty_space height=&#8221;100px&#8221;][vc_column_text] En nuestra cocina no hay prisas ni recetas fijas: cada d\u00eda dejamos que los productos de temporada nos gu\u00eden. Trabajamos con ingredientes frescos y de proximidad, escogidos con &#8230;<\/p>\n","protected":false},"author":1,"featured_media":5860,"parent":0,"menu_order":0,"comment_status":"closed","ping_status":"closed","template":"","meta":[],"_links":{"self":[{"href":"https:\/\/www.canvallsrestaurant.com\/es\/wp-json\/wp\/v2\/pages\/11022"}],"collection":[{"href":"https:\/\/www.canvallsrestaurant.com\/es\/wp-json\/wp\/v2\/pages"}],"about":[{"href":"https:\/\/www.canvallsrestaurant.com\/es\/wp-json\/wp\/v2\/types\/page"}],"author":[{"embeddable":true,"href":"https:\/\/www.canvallsrestaurant.com\/es\/wp-json\/wp\/v2\/users\/1"}],"replies":[{"embeddable":true,"href":"https:\/\/www.canvallsrestaurant.com\/es\/wp-json\/wp\/v2\/comments?post=11022"}],"version-history":[{"count":3,"href":"https:\/\/www.canvallsrestaurant.com\/es\/wp-json\/wp\/v2\/pages\/11022\/revisions"}],"predecessor-version":[{"id":102534,"href":"https:\/\/www.canvallsrestaurant.com\/es\/wp-json\/wp\/v2\/pages\/11022\/revisions\/102534"}],"wp:featuredmedia":[{"embeddable":true,"href":"https:\/\/www.canvallsrestaurant.com\/es\/wp-json\/wp\/v2\/media\/5860"}],"wp:attachment":[{"href":"https:\/\/www.canvallsrestaurant.com\/es\/wp-json\/wp\/v2\/media?parent=11022"}],"curies":[{"name":"wp","href":"https:\/\/api.w.org\/{rel}","templated":true}]}}