{"id":10867,"date":"2024-11-20T12:44:46","date_gmt":"2024-11-20T11:44:46","guid":{"rendered":"https:\/\/www.canvallsrestaurant.com\/menu-tradicio\/"},"modified":"2025-12-01T09:55:20","modified_gmt":"2025-12-01T08:55:20","slug":"menu-tradicion","status":"publish","type":"page","link":"https:\/\/www.canvallsrestaurant.com\/es\/menu-tradicion\/","title":{"rendered":"Men\u00fa Tradici\u00f3n 49 \u20ac"},"content":{"rendered":"[vc_section][vc_row][vc_column][vc_empty_space height=&#8221;100px&#8221;][vc_column_text]\n<p style=\"text-align: center; font-size: 27px;\"><span style=\"color: #c2b59b;\">Primeros platos para compartir<\/span><\/p>\n[\/vc_column_text][vc_column_text]\n<p style=\"text-align: center;\">Chapata tostada con escalivada y anchoas<\/p>\n<p style=\"text-align: center;\">Croqueta de pollo de corral casera<\/p>\n<p style=\"text-align: center;\">Calamares a la andaluza con mayonesa de tinta de calamar<\/p>\n<p style=\"text-align: center;\">Zamburi\u00f1as gratinadas con muselina de ajo y cebolla dulce<\/p>\n[\/vc_column_text][vc_empty_space height=&#8221;50px&#8221;][\/vc_column][\/vc_row][vc_row][vc_column][vc_column_text]\n<p style=\"text-align: center; font-size: 27px;\"><span style=\"color: #c2b59b;\">Segundo plato a elegir<\/span><\/p>\n[\/vc_column_text][vc_column_text]\n<p style=\"text-align: center;\">Arroz meloso de butifarra de nuestra carnicer\u00eda y costilla<\/p>\n<p style=\"text-align: center;\">Chulet\u00f3n de cordero relleno de butifarra y avellanas<\/p>\n<p style=\"text-align: center;\">Suprema de merluza a la plancha con cremoso de patata y verduritas<\/p>\n<p style=\"text-align: center;\">Entrecot de ternera de Girona a la brasa<\/p>\n[\/vc_column_text][vc_empty_space height=&#8221;50px&#8221;][\/vc_column][\/vc_row][vc_row][vc_column][vc_column_text]\n<p style=\"text-align: center; font-size: 27px;\"><span style=\"color: #c2b59b;\">Postres<\/span><\/p>\n[\/vc_column_text][vc_column_text]\n<p style=\"text-align: center;\">Martinet de avellana de Brunyola con helado de chocolate blanco<\/p>\n<p style=\"text-align: center;\">Catal\u00e1n de Can Valls con helado de turr\u00f3n y chocolate caliente<\/p>\n<p style=\"text-align: center;\">Nuestro helado de yogur con frutos del bosque<\/p>\n<p style=\"text-align: center;\">Miel y reques\u00f3n con nueces<\/p>\n[\/vc_column_text][vc_empty_space height=&#8221;50px&#8221;][\/vc_column][\/vc_row][vc_row][vc_column][vc_column_text]\n<p style=\"text-align: center;\">Vale para comer o cenar en el Restaurante Can Valls. V\u00e1lido todos los d\u00edas, incluyendo viernes y s\u00e1bado noche, excepto s\u00e1bados y domingos al mediod\u00eda y festivos.<\/p>\n<p style=\"text-align: center;\"><strong>Preu 49 \u20ac<\/strong><\/p>\n<div id=\"gtx-trans\" style=\"position: absolute; left: 513px; top: 30.5px;\">\n<div class=\"gtx-trans-icon\">\u00a0<\/div>\n<\/div>\n[\/vc_column_text][vc_btn title=&#8221;COMPRAR&#8221; align=&#8221;center&#8221; link=&#8221;url:https%3A%2F%2Fwww.canvallsrestaurant.com%2Fdomicili%2Fproducto%2Fmenu-tradicio%2F||target:%20_blank|&#8221;][vc_empty_space height=&#8221;100px&#8221;][\/vc_column][\/vc_row][\/vc_section]\n","protected":false},"excerpt":{"rendered":"<p>[vc_section][vc_row][vc_column][vc_empty_space height=&#8221;100px&#8221;][vc_column_text] Primeros platos para compartir [\/vc_column_text][vc_column_text] Chapata tostada con escalivada y anchoas Croqueta de pollo de corral casera Calamares a la andaluza con mayonesa de tinta de calamar Zamburi\u00f1as &#8230;<\/p>\n","protected":false},"author":1,"featured_media":5860,"parent":0,"menu_order":0,"comment_status":"closed","ping_status":"closed","template":"","meta":[],"_links":{"self":[{"href":"https:\/\/www.canvallsrestaurant.com\/es\/wp-json\/wp\/v2\/pages\/10867"}],"collection":[{"href":"https:\/\/www.canvallsrestaurant.com\/es\/wp-json\/wp\/v2\/pages"}],"about":[{"href":"https:\/\/www.canvallsrestaurant.com\/es\/wp-json\/wp\/v2\/types\/page"}],"author":[{"embeddable":true,"href":"https:\/\/www.canvallsrestaurant.com\/es\/wp-json\/wp\/v2\/users\/1"}],"replies":[{"embeddable":true,"href":"https:\/\/www.canvallsrestaurant.com\/es\/wp-json\/wp\/v2\/comments?post=10867"}],"version-history":[{"count":11,"href":"https:\/\/www.canvallsrestaurant.com\/es\/wp-json\/wp\/v2\/pages\/10867\/revisions"}],"predecessor-version":[{"id":213337,"href":"https:\/\/www.canvallsrestaurant.com\/es\/wp-json\/wp\/v2\/pages\/10867\/revisions\/213337"}],"wp:featuredmedia":[{"embeddable":true,"href":"https:\/\/www.canvallsrestaurant.com\/es\/wp-json\/wp\/v2\/media\/5860"}],"wp:attachment":[{"href":"https:\/\/www.canvallsrestaurant.com\/es\/wp-json\/wp\/v2\/media?parent=10867"}],"curies":[{"name":"wp","href":"https:\/\/api.w.org\/{rel}","templated":true}]}}