{"id":10682,"date":"2024-05-09T12:06:00","date_gmt":"2024-05-09T10:06:00","guid":{"rendered":"https:\/\/www.canvallsrestaurant.com\/els-nostres-valors\/"},"modified":"2024-05-15T12:49:39","modified_gmt":"2024-05-15T10:49:39","slug":"els-nostres-valors","status":"publish","type":"page","link":"https:\/\/www.canvallsrestaurant.com\/es\/els-nostres-valors\/","title":{"rendered":"Nuestros valores"},"content":{"rendered":"[vc_row][vc_column][vc_empty_space height=&#8221;90px&#8221;][vc_row_inner content_placement=&#8221;top&#8221;][vc_column_inner width=&#8221;1\/4&#8243;][\/vc_column_inner][vc_column_inner width=&#8221;1\/2&#8243;][vc_column_text]\n<p style=\"text-align: center;\"><span style=\"font-weight: 400;\">Los Martinets es un proyecto que va m\u00e1s all\u00e1 de la producci\u00f3n de coulants, representa un compromiso con nuestros valores: trabajo, diversidad y solidaridad.<\/span><\/p>\n[\/vc_column_text][\/vc_column_inner][vc_column_inner width=&#8221;1\/4&#8243;][\/vc_column_inner][\/vc_row_inner][\/vc_column][\/vc_row][vc_row full_width=&#8221;stretch_row_content_no_spaces&#8221; parallax=&#8221;content-moving&#8221;][vc_column][vc_row_inner][vc_column_inner width=&#8221;1\/5&#8243;][\/vc_column_inner][vc_column_inner width=&#8221;1\/5&#8243; css=&#8221;.vc_custom_1715770066066{padding-right: 20px !important;}&#8221;][vc_column_text css=&#8221;.vc_custom_1715769835806{padding-bottom: -10px !important;}&#8221;]\n<p style=\"text-align: center;\">Trabajo<\/p>\n[\/vc_column_text][vc_column_text css=&#8221;.vc_custom_1715769819092{padding-right: 10px !important;}&#8221;]\n<p style=\"text-align: center;\">Desde la dedicaci\u00f3n a los campos de avellanos hasta el cuidado de la familia de 4 patas, somos conscientes de que cada paso para seguir adelante requiere trabajo y compromiso constante y diario.<\/p>\n<div id=\"gtx-trans\" style=\"position: absolute; left: -9px; top: 38px;\">\n<div class=\"gtx-trans-icon\"><\/div>\n<\/div>\n[\/vc_column_text][\/vc_column_inner][vc_column_inner width=&#8221;1\/5&#8243; css=&#8221;.vc_custom_1715770075533{padding-right: 20px !important;}&#8221;][vc_column_text css=&#8221;.vc_custom_1715769894276{padding-bottom: -10px !important;}&#8221;]\n<p style=\"text-align: center;\">Diversidad<\/p>\n[\/vc_column_text][vc_column_text css=&#8221;.vc_custom_1715769888330{padding-right: 10px !important;}&#8221;]\n<p style=\"text-align: center;\">Creemos firmemente que cada persona tiene sus talentos y capacidades, y precisamente esto es lo que hace que todo el mundo sea \u00fanico. Es necesario aceptar y valorar las diferencias para conseguir un espacio en el que todo el mundo tenga lugar y un papel fundamental.<\/p>\n<div id=\"gtx-trans\" style=\"position: absolute; left: -15px; top: -9.5px;\">\n<div class=\"gtx-trans-icon\"><\/div>\n<\/div>\n[\/vc_column_text][\/vc_column_inner][vc_column_inner width=&#8221;1\/5&#8243;][vc_column_text css=&#8221;.vc_custom_1715769933710{padding-bottom: -10px !important;}&#8221;]\n<p style=\"text-align: center;\">Solidaridad<\/p>\n[\/vc_column_text][vc_column_text css=&#8221;.vc_custom_1715769922988{padding-right: 10px !important;}&#8221;]\n<p style=\"text-align: center;\"><span style=\"font-weight: 400;\">Desde los Martinets entendemos que estamos conectados al mundo y tenemos la responsabilidad de contribuir al bienestar y crecimiento de otras personas. As\u00ed, colaboramos con otras iniciativas para poder ayudarnos mutuamente y aprender unos de otros.<\/span><\/p>\n<div id=\"gtx-trans\" style=\"position: absolute; left: 35px; top: 38px;\">\n<div class=\"gtx-trans-icon\"><\/div>\n<\/div>\n[\/vc_column_text][\/vc_column_inner][vc_column_inner width=&#8221;1\/5&#8243;][\/vc_column_inner][\/vc_row_inner][vc_btn title=&#8221;Ver nuestros productos&#8221; style=&#8221;outline&#8221; color=&#8221;inverse&#8221; align=&#8221;center&#8221; link=&#8221;url:https%3A%2F%2Fwww.canvallsrestaurant.com%2Fes%2Fproductes%2F|title:Productes||&#8221;][\/vc_column][\/vc_row][vc_row full_width=&#8221;stretch_row_content_no_spaces&#8221; parallax=&#8221;content-moving&#8221;][vc_column][vc_single_image image=&#8221;10661&#8243; img_size=&#8221;full&#8221;][\/vc_column][\/vc_row]\n","protected":false},"excerpt":{"rendered":"<p>[vc_row][vc_column][vc_empty_space height=&#8221;90px&#8221;][vc_row_inner content_placement=&#8221;top&#8221;][vc_column_inner width=&#8221;1\/4&#8243;][\/vc_column_inner][vc_column_inner width=&#8221;1\/2&#8243;][vc_column_text] Los Martinets es un proyecto que va m\u00e1s all\u00e1 de la producci\u00f3n de coulants, representa un compromiso con nuestros valores: trabajo, diversidad y solidaridad. [\/vc_column_text][\/vc_column_inner][vc_column_inner &#8230;<\/p>\n","protected":false},"author":1,"featured_media":10664,"parent":0,"menu_order":0,"comment_status":"closed","ping_status":"closed","template":"","meta":[],"_links":{"self":[{"href":"https:\/\/www.canvallsrestaurant.com\/es\/wp-json\/wp\/v2\/pages\/10682"}],"collection":[{"href":"https:\/\/www.canvallsrestaurant.com\/es\/wp-json\/wp\/v2\/pages"}],"about":[{"href":"https:\/\/www.canvallsrestaurant.com\/es\/wp-json\/wp\/v2\/types\/page"}],"author":[{"embeddable":true,"href":"https:\/\/www.canvallsrestaurant.com\/es\/wp-json\/wp\/v2\/users\/1"}],"replies":[{"embeddable":true,"href":"https:\/\/www.canvallsrestaurant.com\/es\/wp-json\/wp\/v2\/comments?post=10682"}],"version-history":[{"count":9,"href":"https:\/\/www.canvallsrestaurant.com\/es\/wp-json\/wp\/v2\/pages\/10682\/revisions"}],"predecessor-version":[{"id":10744,"href":"https:\/\/www.canvallsrestaurant.com\/es\/wp-json\/wp\/v2\/pages\/10682\/revisions\/10744"}],"wp:featuredmedia":[{"embeddable":true,"href":"https:\/\/www.canvallsrestaurant.com\/es\/wp-json\/wp\/v2\/media\/10664"}],"wp:attachment":[{"href":"https:\/\/www.canvallsrestaurant.com\/es\/wp-json\/wp\/v2\/media?parent=10682"}],"curies":[{"name":"wp","href":"https:\/\/api.w.org\/{rel}","templated":true}]}}