{"id":10680,"date":"2024-05-09T12:03:02","date_gmt":"2024-05-09T10:03:02","guid":{"rendered":"https:\/\/www.canvallsrestaurant.com\/la-familia-de-4-potes\/"},"modified":"2024-05-15T12:50:12","modified_gmt":"2024-05-15T10:50:12","slug":"la-familia-de-4-potes","status":"publish","type":"page","link":"https:\/\/www.canvallsrestaurant.com\/es\/la-familia-de-4-potes\/","title":{"rendered":"La familia de 4 patas"},"content":{"rendered":"[vc_row][vc_column][vc_empty_space height=&#8221;90px&#8221;][vc_row_inner content_placement=&#8221;top&#8221;][vc_column_inner width=&#8221;1\/4&#8243;][vc_single_image image=&#8221;10607&#8243; img_size=&#8221;full&#8221;][\/vc_column_inner][vc_column_inner width=&#8221;3\/4&#8243;][vc_column_text]<span style=\"font-weight: 400;\">En casa siempre hemos crecido con animales, y creemos que tenerlos les ayuda a ellos, pero tambi\u00e9n a nosotros y a nuestros hijos. Ahora mismo no podemos imaginar nuestros campos sin la familia de 4 patas. \u00bfQuer\u00e9is conocerla?<\/span>[\/vc_column_text][vc_column_text]<span style=\"font-weight: 400;\">Los burros fueron los primeros en llegar. Los acogimos de una casa rural que cerr\u00f3 y no ten\u00edan d\u00f3nde ir, as\u00ed que decidimos ser su nueva familia.<\/span><\/p>\n<p><span style=\"font-weight: 400;\">Las ovejas eran del \u00faltimo pastor de Sant Mart\u00ed Sapresa. En un inicio eran seis, \u00a1pero ya tenemos quince!<\/span><\/p>\n<p><span style=\"font-weight: 400;\">Tambi\u00e9n tenemos conejos y gallinas, y de las gallinas aprovechamos los huevos.<\/span><\/p>\n<p><span style=\"font-weight: 400;\">Por \u00faltimo, nuestra familia de 4 patas la completan dos terneros Black Angus.<\/span>[\/vc_column_text][vc_btn title=&#8221;Conoce nuestros valores&#8221; style=&#8221;outline&#8221; color=&#8221;inverse&#8221; link=&#8221;url:https%3A%2F%2Fwww.canvallsrestaurant.com%2Fes%2Fels-nostres-valors%2F|title:Nuestros%20valores||&#8221;][\/vc_column_inner][\/vc_row_inner][\/vc_column][\/vc_row][vc_row full_width=&#8221;stretch_row_content_no_spaces&#8221; parallax=&#8221;content-moving&#8221;][vc_column][vc_media_grid element_width=&#8221;3&#8243; grid_id=&#8221;vc_gid:1715770187158-ed232e68-ec6e-1&#8243; include=&#8221;10635,10633,10631,10637&#8243;][\/vc_column][\/vc_row][vc_row gap=&#8221;30&#8243;][vc_column][vc_empty_space height=&#8221;60px&#8221;][\/vc_column][\/vc_row]\n","protected":false},"excerpt":{"rendered":"<p>[vc_row][vc_column][vc_empty_space height=&#8221;90px&#8221;][vc_row_inner content_placement=&#8221;top&#8221;][vc_column_inner width=&#8221;1\/4&#8243;][vc_single_image image=&#8221;10607&#8243; img_size=&#8221;full&#8221;][\/vc_column_inner][vc_column_inner width=&#8221;3\/4&#8243;][vc_column_text]En casa siempre hemos crecido con animales, y creemos que tenerlos les ayuda a ellos, pero tambi\u00e9n a nosotros y a nuestros hijos. Ahora &#8230;<\/p>\n","protected":false},"author":1,"featured_media":10634,"parent":0,"menu_order":0,"comment_status":"closed","ping_status":"closed","template":"","meta":[],"_links":{"self":[{"href":"https:\/\/www.canvallsrestaurant.com\/es\/wp-json\/wp\/v2\/pages\/10680"}],"collection":[{"href":"https:\/\/www.canvallsrestaurant.com\/es\/wp-json\/wp\/v2\/pages"}],"about":[{"href":"https:\/\/www.canvallsrestaurant.com\/es\/wp-json\/wp\/v2\/types\/page"}],"author":[{"embeddable":true,"href":"https:\/\/www.canvallsrestaurant.com\/es\/wp-json\/wp\/v2\/users\/1"}],"replies":[{"embeddable":true,"href":"https:\/\/www.canvallsrestaurant.com\/es\/wp-json\/wp\/v2\/comments?post=10680"}],"version-history":[{"count":4,"href":"https:\/\/www.canvallsrestaurant.com\/es\/wp-json\/wp\/v2\/pages\/10680\/revisions"}],"predecessor-version":[{"id":10745,"href":"https:\/\/www.canvallsrestaurant.com\/es\/wp-json\/wp\/v2\/pages\/10680\/revisions\/10745"}],"wp:featuredmedia":[{"embeddable":true,"href":"https:\/\/www.canvallsrestaurant.com\/es\/wp-json\/wp\/v2\/media\/10634"}],"wp:attachment":[{"href":"https:\/\/www.canvallsrestaurant.com\/es\/wp-json\/wp\/v2\/media?parent=10680"}],"curies":[{"name":"wp","href":"https:\/\/api.w.org\/{rel}","templated":true}]}}