{"id":10677,"date":"2024-05-09T12:01:58","date_gmt":"2024-05-09T10:01:58","guid":{"rendered":"https:\/\/www.canvallsrestaurant.com\/fundacio-astres\/"},"modified":"2024-06-17T12:03:22","modified_gmt":"2024-06-17T10:03:22","slug":"fundacio-astres","status":"publish","type":"page","link":"https:\/\/www.canvallsrestaurant.com\/es\/fundacio-astres\/","title":{"rendered":"Fundaci\u00f3 Astres"},"content":{"rendered":"[vc_row][vc_column][vc_empty_space height=&#8221;90px&#8221;][vc_row_inner content_placement=&#8221;top&#8221;][vc_column_inner width=&#8221;1\/6&#8243;][\/vc_column_inner][vc_column_inner width=&#8221;2\/3&#8243;][vc_custom_heading text=&#8221;Los Martinets, un proyecto que nos hace crecer juntos&#8221; font_container=&#8221;tag:h3|text_align:center&#8221; google_fonts=&#8221;font_family:Arapey%3Aregular%2Citalic|font_style:400%20regular%3A400%3Anormal&#8221;][vc_empty_space][vc_column_text]\n<p style=\"text-align: center;\"><span style=\"font-weight: 400;\">Despu\u00e9s de un tiempo trabajando en los Martinets, vimos que necesit\u00e1bamos ayuda para continuar haciendo todo el trabajo, por lo que no dudamos en contar con la Fundaci\u00f3 Astres para formar parte de nuestro proyecto.\u00a0<\/span><\/p>\n<p style=\"text-align: center;\"><span style=\"font-weight: 400;\">La Fundaci\u00f3 Astres es una entidad que est\u00e1 en Santa Coloma de Farners y trabaja para mejorar la calidad de vida, acompa\u00f1ar y apoyar a personas con discapacidad intelectual. Tenemos un v\u00ednculo especial con esta fundaci\u00f3n porque Josep, hermano de nuestra S\u00edlvia y primo de David, forma parte de ella.\u00a0<\/span><\/p>\n<p style=\"text-align: center;\"><span style=\"font-weight: 400;\">As\u00ed pues, vienen de lunes a viernes y nos ayudan con todos los trabajos que hacemos: damos comida a la familia de 4 patas, sacamos los huevos, podamos los avellanos y recogemos las avellanas cuando es el tiempo, limpiamos, etc. Despu\u00e9s de esto podemos afirmar que todos salimos ganando: ellos, nosotros y la familia de 4 patas.<\/span><\/p>\n[\/vc_column_text][vc_btn title=&#8221;Nuestros valores&#8221; style=&#8221;outline&#8221; color=&#8221;black&#8221; align=&#8221;center&#8221; link=&#8221;url:https%3A%2F%2Fwww.canvallsrestaurant.com%2Fes%2Fels-nostres-valors%2F|title:4%20potes||&#8221;][\/vc_column_inner][vc_column_inner width=&#8221;1\/6&#8243;][\/vc_column_inner][\/vc_row_inner][\/vc_column][\/vc_row][vc_row][vc_column][vc_empty_space height=&#8221;60px&#8221;][vc_media_grid element_width=&#8221;2&#8243; grid_id=&#8221;vc_gid:1718618569869-76259a53-ac02-4&#8243; include=&#8221;10762,10765,10767,10769,10771,10775&#8243;][vc_empty_space height=&#8221;100px&#8221;][\/vc_column][\/vc_row]\n","protected":false},"excerpt":{"rendered":"<p>[vc_row][vc_column][vc_empty_space height=&#8221;90px&#8221;][vc_row_inner content_placement=&#8221;top&#8221;][vc_column_inner width=&#8221;1\/6&#8243;][\/vc_column_inner][vc_column_inner width=&#8221;2\/3&#8243;][vc_custom_heading text=&#8221;Los Martinets, un proyecto que nos hace crecer juntos&#8221; font_container=&#8221;tag:h3|text_align:center&#8221; google_fonts=&#8221;font_family:Arapey%3Aregular%2Citalic|font_style:400%20regular%3A400%3Anormal&#8221;][vc_empty_space][vc_column_text] Despu\u00e9s de un tiempo trabajando en los Martinets, vimos que necesit\u00e1bamos ayuda para continuar &#8230;<\/p>\n","protected":false},"author":1,"featured_media":3000,"parent":0,"menu_order":0,"comment_status":"closed","ping_status":"closed","template":"","meta":[],"_links":{"self":[{"href":"https:\/\/www.canvallsrestaurant.com\/es\/wp-json\/wp\/v2\/pages\/10677"}],"collection":[{"href":"https:\/\/www.canvallsrestaurant.com\/es\/wp-json\/wp\/v2\/pages"}],"about":[{"href":"https:\/\/www.canvallsrestaurant.com\/es\/wp-json\/wp\/v2\/types\/page"}],"author":[{"embeddable":true,"href":"https:\/\/www.canvallsrestaurant.com\/es\/wp-json\/wp\/v2\/users\/1"}],"replies":[{"embeddable":true,"href":"https:\/\/www.canvallsrestaurant.com\/es\/wp-json\/wp\/v2\/comments?post=10677"}],"version-history":[{"count":9,"href":"https:\/\/www.canvallsrestaurant.com\/es\/wp-json\/wp\/v2\/pages\/10677\/revisions"}],"predecessor-version":[{"id":10780,"href":"https:\/\/www.canvallsrestaurant.com\/es\/wp-json\/wp\/v2\/pages\/10677\/revisions\/10780"}],"wp:featuredmedia":[{"embeddable":true,"href":"https:\/\/www.canvallsrestaurant.com\/es\/wp-json\/wp\/v2\/media\/3000"}],"wp:attachment":[{"href":"https:\/\/www.canvallsrestaurant.com\/es\/wp-json\/wp\/v2\/media?parent=10677"}],"curies":[{"name":"wp","href":"https:\/\/api.w.org\/{rel}","templated":true}]}}