{"id":103915,"date":"2025-10-01T16:55:59","date_gmt":"2025-10-01T14:55:59","guid":{"rendered":"https:\/\/www.canvallsrestaurant.com\/menu-degustacio\/"},"modified":"2025-12-01T09:54:54","modified_gmt":"2025-12-01T08:54:54","slug":"menu-degustacion","status":"publish","type":"page","link":"https:\/\/www.canvallsrestaurant.com\/es\/menu-degustacion\/","title":{"rendered":"Men\u00fa Degustaci\u00f3n"},"content":{"rendered":"[vc_section][vc_row][vc_column][vc_empty_space height=&#8221;100px&#8221;][vc_column_text]\n<p style=\"text-align: center;\">Nuestro men\u00fa degustaci\u00f3n es una forma de compartir lo que m\u00e1s nos gusta cocinar. A partir de los mejores productos de temporada, preparamos un recorrido pensado para que descubras sabores aut\u00e9nticos y platos que hablan de nuestro d\u00eda a d\u00eda en la cocina.<\/p>\n[\/vc_column_text][vc_empty_space height=&#8221;50px&#8221;][\/vc_column][\/vc_row][vc_row][vc_column][vc_column_text]\n<p style=\"text-align: center;\"><strong>85 \u20ac por persona*<\/strong><br \/>*Si se reserva el Men\u00fa Degustaci\u00f3n directo en Can Valls sin el vale regalo.<br \/>Los postres, bebidas y caf\u00e9s no est\u00e1n incluidos.<\/p>\n<p style=\"text-align: center;\"><strong>92 \u20ac por persona**<\/strong><br \/>**Vale regalo para comer o cenar cada d\u00eda en el Restaurante Can Valls. Incluidos los fines de semana y festivos.<br \/>Incluidos postres, bebidas y caf\u00e9s.<\/p>\n<div id=\"gtx-trans\" style=\"position: absolute; left: 300px; top: 150px;\">\n<div class=\"gtx-trans-icon\">\u00a0<\/div>\n<\/div>\n[\/vc_column_text][vc_btn title=&#8221;COMPRAR&#8221; align=&#8221;center&#8221; link=&#8221;url:https%3A%2F%2Fwww.canvallsrestaurant.com%2Fdomicili%2Fproducto%2Fmenu-degustacio%2F|||&#8221;][vc_empty_space height=&#8221;100px&#8221;][\/vc_column][\/vc_row][\/vc_section]\n","protected":false},"excerpt":{"rendered":"<p>[vc_section][vc_row][vc_column][vc_empty_space height=&#8221;100px&#8221;][vc_column_text] Nuestro men\u00fa degustaci\u00f3n es una forma de compartir lo que m\u00e1s nos gusta cocinar. A partir de los mejores productos de temporada, preparamos un recorrido pensado para que &#8230;<\/p>\n","protected":false},"author":1,"featured_media":5860,"parent":0,"menu_order":0,"comment_status":"closed","ping_status":"closed","template":"","meta":[],"_links":{"self":[{"href":"https:\/\/www.canvallsrestaurant.com\/es\/wp-json\/wp\/v2\/pages\/103915"}],"collection":[{"href":"https:\/\/www.canvallsrestaurant.com\/es\/wp-json\/wp\/v2\/pages"}],"about":[{"href":"https:\/\/www.canvallsrestaurant.com\/es\/wp-json\/wp\/v2\/types\/page"}],"author":[{"embeddable":true,"href":"https:\/\/www.canvallsrestaurant.com\/es\/wp-json\/wp\/v2\/users\/1"}],"replies":[{"embeddable":true,"href":"https:\/\/www.canvallsrestaurant.com\/es\/wp-json\/wp\/v2\/comments?post=103915"}],"version-history":[{"count":7,"href":"https:\/\/www.canvallsrestaurant.com\/es\/wp-json\/wp\/v2\/pages\/103915\/revisions"}],"predecessor-version":[{"id":213335,"href":"https:\/\/www.canvallsrestaurant.com\/es\/wp-json\/wp\/v2\/pages\/103915\/revisions\/213335"}],"wp:featuredmedia":[{"embeddable":true,"href":"https:\/\/www.canvallsrestaurant.com\/es\/wp-json\/wp\/v2\/media\/5860"}],"wp:attachment":[{"href":"https:\/\/www.canvallsrestaurant.com\/es\/wp-json\/wp\/v2\/media?parent=103915"}],"curies":[{"name":"wp","href":"https:\/\/api.w.org\/{rel}","templated":true}]}}