{"id":5837,"date":"2025-11-20T08:03:13","date_gmt":"2025-11-20T07:03:13","guid":{"rendered":"https:\/\/www.canvallsrestaurant.com\/domicili\/?post_type=product&#038;p=5837"},"modified":"2026-01-16T09:09:30","modified_gmt":"2026-01-16T08:09:30","slug":"menu-felicitat","status":"publish","type":"product","link":"https:\/\/www.canvallsrestaurant.com\/domicili\/producto\/menu-felicitat\/","title":{"rendered":"Men\u00fa Felicitat"},"content":{"rendered":"<p><strong>Entrants a compartir <\/strong><\/p>\n<ul>\n<li><span style=\"font-weight: 400;\">Brioix steak t\u00e0rtar i ou de guatlla<\/span><\/li>\n<li><span style=\"font-weight: 400;\">Truita oberta amb sobrassada i formatge<\/span><\/li>\n<li><span style=\"font-weight: 400;\">Carxofa arrebossada amb encenalls de parmes\u00e0 i mel<\/span><\/li>\n<li><span style=\"font-weight: 400;\">Zamburinyes gratinades amb mussolina d\u2019all i ceba dol\u00e7a<\/span><\/li>\n<\/ul>\n<p><strong>Segons a escollir<\/strong><\/p>\n<ul>\n<li><span style=\"font-weight: 400;\">Entrecot de vedella de Girona a la brasa amb patata al caliu i esp\u00e0rrec verd<\/span><\/li>\n<li><span style=\"font-weight: 400;\">Arr\u00f2s sec amb botifarra i gambeta<\/span><\/li>\n<li><span style=\"font-weight: 400;\">Medallons de rap a l\u2019allet amb clo\u00efsses\u00a0<\/span><\/li>\n<li><span style=\"font-weight: 400;\">Pluma de porc ib\u00e8ric amb salsa Jabugo<\/span><\/li>\n<\/ul>\n<p><strong>Postres<\/strong><\/p>\n<ul>\n<li>Martinets d&#8217;avellana de Brunyola amb gelat de xocolata blanca<\/li>\n<li>Catal\u00e0 de Can Valls amb gelat de torr\u00f3 i xocolata desfeta<\/li>\n<li>El nostre gelat de iogurt amb fruites del bosc<\/li>\n<li>Mel i mat\u00f3<\/li>\n<\/ul>\n<p>Vi blanc, negre i rosat Floresta DO Empord\u00e0<\/p>\n<p>Caf\u00e8 i xarrup de ratafia<\/p>\n<p>&nbsp;<\/p>\n<p><em>Val per dinar o sopar cada dia al Restaurant Can Valls. Inclosos els caps de setmana i els festius.<\/em><\/p>\n<p data-pm-slice=\"1 1 []\"><em>Els vals regal s\u00f3n v\u00e0lids per a un m\u00e0xim de 6 persones. Per a grups de m\u00e9s de 6, contacta amb nosaltres i t\u2019oferirem un men\u00fa personalitzat per a grups.<\/em><\/p>\n","protected":false},"excerpt":{"rendered":"<p data-pm-slice=\"1 1 []\">Combinat de creativitat i passi\u00f3 per la cuina.<\/p>\n","protected":false},"featured_media":5643,"template":"","meta":[],"product_brand":[],"product_cat":[267],"product_tag":[],"class_list":{"0":"post-5837","1":"product","2":"type-product","3":"status-publish","4":"has-post-thumbnail","6":"product_cat-menus","7":"product_shipping_class-p_regal","9":"first","10":"instock","11":"taxable","12":"shipping-taxable","13":"purchasable","14":"product-type-variable"},"yoast_head":"<!-- This site is optimized with the Yoast SEO plugin v25.5 - https:\/\/yoast.com\/wordpress\/plugins\/seo\/ -->\n<title>Men\u00fa Felicitat - Can Valls a Domicili<\/title>\n<meta name=\"robots\" content=\"index, follow, max-snippet:-1, max-image-preview:large, max-video-preview:-1\" \/>\n<link rel=\"canonical\" href=\"https:\/\/www.canvallsrestaurant.com\/domicili\/producto\/menu-felicitat\/\" \/>\n<meta property=\"og:locale\" content=\"ca_ES\" \/>\n<meta property=\"og:type\" content=\"article\" \/>\n<meta property=\"og:title\" content=\"Men\u00fa Felicitat - Can Valls a Domicili\" \/>\n<meta property=\"og:description\" content=\"Combinat de creativitat i passi\u00f3 per la cuina.\" \/>\n<meta property=\"og:url\" content=\"https:\/\/www.canvallsrestaurant.com\/domicili\/producto\/menu-felicitat\/\" \/>\n<meta property=\"og:site_name\" content=\"Can Valls a Domicili\" \/>\n<meta property=\"article:modified_time\" content=\"2026-01-16T08:09:30+00:00\" \/>\n<meta property=\"og:image\" content=\"https:\/\/www.canvallsrestaurant.com\/domicili\/wp-content\/uploads\/2025\/04\/WhatsApp-Image-2025-04-03-at-15.01.24-1.jpeg\" \/>\n\t<meta property=\"og:image:width\" content=\"1536\" \/>\n\t<meta property=\"og:image:height\" content=\"2048\" \/>\n\t<meta property=\"og:image:type\" content=\"image\/jpeg\" \/>\n<meta name=\"twitter:card\" content=\"summary_large_image\" \/>\n<meta name=\"twitter:label1\" content=\"Temps estimat de lectura\" \/>\n\t<meta name=\"twitter:data1\" content=\"2 minuts\" \/>\n<script type=\"application\/ld+json\" class=\"yoast-schema-graph\">{\"@context\":\"https:\/\/schema.org\",\"@graph\":[{\"@type\":\"WebPage\",\"@id\":\"https:\/\/www.canvallsrestaurant.com\/domicili\/producto\/menu-felicitat\/\",\"url\":\"https:\/\/www.canvallsrestaurant.com\/domicili\/producto\/menu-felicitat\/\",\"name\":\"Men\u00fa Felicitat - Can Valls a Domicili\",\"isPartOf\":{\"@id\":\"https:\/\/www.canvallsrestaurant.com\/domicili\/#website\"},\"primaryImageOfPage\":{\"@id\":\"https:\/\/www.canvallsrestaurant.com\/domicili\/producto\/menu-felicitat\/#primaryimage\"},\"image\":{\"@id\":\"https:\/\/www.canvallsrestaurant.com\/domicili\/producto\/menu-felicitat\/#primaryimage\"},\"thumbnailUrl\":\"https:\/\/www.canvallsrestaurant.com\/domicili\/wp-content\/uploads\/2025\/04\/WhatsApp-Image-2025-04-03-at-15.01.24-1.jpeg\",\"datePublished\":\"2025-11-20T07:03:13+00:00\",\"dateModified\":\"2026-01-16T08:09:30+00:00\",\"breadcrumb\":{\"@id\":\"https:\/\/www.canvallsrestaurant.com\/domicili\/producto\/menu-felicitat\/#breadcrumb\"},\"inLanguage\":\"ca\",\"potentialAction\":[{\"@type\":\"ReadAction\",\"target\":[\"https:\/\/www.canvallsrestaurant.com\/domicili\/producto\/menu-felicitat\/\"]}]},{\"@type\":\"ImageObject\",\"inLanguage\":\"ca\",\"@id\":\"https:\/\/www.canvallsrestaurant.com\/domicili\/producto\/menu-felicitat\/#primaryimage\",\"url\":\"https:\/\/www.canvallsrestaurant.com\/domicili\/wp-content\/uploads\/2025\/04\/WhatsApp-Image-2025-04-03-at-15.01.24-1.jpeg\",\"contentUrl\":\"https:\/\/www.canvallsrestaurant.com\/domicili\/wp-content\/uploads\/2025\/04\/WhatsApp-Image-2025-04-03-at-15.01.24-1.jpeg\",\"width\":1536,\"height\":2048},{\"@type\":\"BreadcrumbList\",\"@id\":\"https:\/\/www.canvallsrestaurant.com\/domicili\/producto\/menu-felicitat\/#breadcrumb\",\"itemListElement\":[{\"@type\":\"ListItem\",\"position\":1,\"name\":\"Inici\",\"item\":\"https:\/\/www.canvallsrestaurant.com\/domicili\/\"},{\"@type\":\"ListItem\",\"position\":2,\"name\":\"Botiga\",\"item\":\"https:\/\/www.canvallsrestaurant.com\/domicili\/botiga\/\"},{\"@type\":\"ListItem\",\"position\":3,\"name\":\"Men\u00fa Felicitat\"}]},{\"@type\":\"WebSite\",\"@id\":\"https:\/\/www.canvallsrestaurant.com\/domicili\/#website\",\"url\":\"https:\/\/www.canvallsrestaurant.com\/domicili\/\",\"name\":\"Can Valls a Domicili\",\"description\":\"Et portem la cuina de Can Valls i Mumm a casa!\",\"potentialAction\":[{\"@type\":\"SearchAction\",\"target\":{\"@type\":\"EntryPoint\",\"urlTemplate\":\"https:\/\/www.canvallsrestaurant.com\/domicili\/?s={search_term_string}\"},\"query-input\":{\"@type\":\"PropertyValueSpecification\",\"valueRequired\":true,\"valueName\":\"search_term_string\"}}],\"inLanguage\":\"ca\"}]}<\/script>\n<!-- \/ Yoast SEO plugin. -->","yoast_head_json":{"title":"Men\u00fa Felicitat - Can Valls a Domicili","robots":{"index":"index","follow":"follow","max-snippet":"max-snippet:-1","max-image-preview":"max-image-preview:large","max-video-preview":"max-video-preview:-1"},"canonical":"https:\/\/www.canvallsrestaurant.com\/domicili\/producto\/menu-felicitat\/","og_locale":"ca_ES","og_type":"article","og_title":"Men\u00fa Felicitat - Can Valls a Domicili","og_description":"Combinat de creativitat i passi\u00f3 per la cuina.","og_url":"https:\/\/www.canvallsrestaurant.com\/domicili\/producto\/menu-felicitat\/","og_site_name":"Can Valls a Domicili","article_modified_time":"2026-01-16T08:09:30+00:00","og_image":[{"width":1536,"height":2048,"url":"https:\/\/www.canvallsrestaurant.com\/domicili\/wp-content\/uploads\/2025\/04\/WhatsApp-Image-2025-04-03-at-15.01.24-1.jpeg","type":"image\/jpeg"}],"twitter_card":"summary_large_image","twitter_misc":{"Temps estimat de lectura":"2 minuts"},"schema":{"@context":"https:\/\/schema.org","@graph":[{"@type":"WebPage","@id":"https:\/\/www.canvallsrestaurant.com\/domicili\/producto\/menu-felicitat\/","url":"https:\/\/www.canvallsrestaurant.com\/domicili\/producto\/menu-felicitat\/","name":"Men\u00fa Felicitat - Can Valls a Domicili","isPartOf":{"@id":"https:\/\/www.canvallsrestaurant.com\/domicili\/#website"},"primaryImageOfPage":{"@id":"https:\/\/www.canvallsrestaurant.com\/domicili\/producto\/menu-felicitat\/#primaryimage"},"image":{"@id":"https:\/\/www.canvallsrestaurant.com\/domicili\/producto\/menu-felicitat\/#primaryimage"},"thumbnailUrl":"https:\/\/www.canvallsrestaurant.com\/domicili\/wp-content\/uploads\/2025\/04\/WhatsApp-Image-2025-04-03-at-15.01.24-1.jpeg","datePublished":"2025-11-20T07:03:13+00:00","dateModified":"2026-01-16T08:09:30+00:00","breadcrumb":{"@id":"https:\/\/www.canvallsrestaurant.com\/domicili\/producto\/menu-felicitat\/#breadcrumb"},"inLanguage":"ca","potentialAction":[{"@type":"ReadAction","target":["https:\/\/www.canvallsrestaurant.com\/domicili\/producto\/menu-felicitat\/"]}]},{"@type":"ImageObject","inLanguage":"ca","@id":"https:\/\/www.canvallsrestaurant.com\/domicili\/producto\/menu-felicitat\/#primaryimage","url":"https:\/\/www.canvallsrestaurant.com\/domicili\/wp-content\/uploads\/2025\/04\/WhatsApp-Image-2025-04-03-at-15.01.24-1.jpeg","contentUrl":"https:\/\/www.canvallsrestaurant.com\/domicili\/wp-content\/uploads\/2025\/04\/WhatsApp-Image-2025-04-03-at-15.01.24-1.jpeg","width":1536,"height":2048},{"@type":"BreadcrumbList","@id":"https:\/\/www.canvallsrestaurant.com\/domicili\/producto\/menu-felicitat\/#breadcrumb","itemListElement":[{"@type":"ListItem","position":1,"name":"Inici","item":"https:\/\/www.canvallsrestaurant.com\/domicili\/"},{"@type":"ListItem","position":2,"name":"Botiga","item":"https:\/\/www.canvallsrestaurant.com\/domicili\/botiga\/"},{"@type":"ListItem","position":3,"name":"Men\u00fa Felicitat"}]},{"@type":"WebSite","@id":"https:\/\/www.canvallsrestaurant.com\/domicili\/#website","url":"https:\/\/www.canvallsrestaurant.com\/domicili\/","name":"Can Valls a Domicili","description":"Et portem la cuina de Can Valls i Mumm a casa!","potentialAction":[{"@type":"SearchAction","target":{"@type":"EntryPoint","urlTemplate":"https:\/\/www.canvallsrestaurant.com\/domicili\/?s={search_term_string}"},"query-input":{"@type":"PropertyValueSpecification","valueRequired":true,"valueName":"search_term_string"}}],"inLanguage":"ca"}]}},"_links":{"self":[{"href":"https:\/\/www.canvallsrestaurant.com\/domicili\/wp-json\/wp\/v2\/product\/5837","targetHints":{"allow":["GET"]}}],"collection":[{"href":"https:\/\/www.canvallsrestaurant.com\/domicili\/wp-json\/wp\/v2\/product"}],"about":[{"href":"https:\/\/www.canvallsrestaurant.com\/domicili\/wp-json\/wp\/v2\/types\/product"}],"wp:featuredmedia":[{"embeddable":true,"href":"https:\/\/www.canvallsrestaurant.com\/domicili\/wp-json\/wp\/v2\/media\/5643"}],"wp:attachment":[{"href":"https:\/\/www.canvallsrestaurant.com\/domicili\/wp-json\/wp\/v2\/media?parent=5837"}],"wp:term":[{"taxonomy":"product_brand","embeddable":true,"href":"https:\/\/www.canvallsrestaurant.com\/domicili\/wp-json\/wp\/v2\/product_brand?post=5837"},{"taxonomy":"product_cat","embeddable":true,"href":"https:\/\/www.canvallsrestaurant.com\/domicili\/wp-json\/wp\/v2\/product_cat?post=5837"},{"taxonomy":"product_tag","embeddable":true,"href":"https:\/\/www.canvallsrestaurant.com\/domicili\/wp-json\/wp\/v2\/product_tag?post=5837"}],"curies":[{"name":"wp","href":"https:\/\/api.w.org\/{rel}","templated":true}]}}