{"id":45,"date":"2021-12-13T12:10:52","date_gmt":"2021-12-13T12:10:52","guid":{"rendered":"https:\/\/www.canvallsrestaurant.com\/domicili\/?product=coulant-de-xocolata"},"modified":"2023-04-28T09:15:22","modified_gmt":"2023-04-28T07:15:22","slug":"coulant-de-xocolata","status":"publish","type":"product","link":"https:\/\/www.canvallsrestaurant.com\/domicili\/producto\/coulant-de-xocolata\/","title":{"rendered":"Coulant de xocolata"},"content":{"rendered":"<p>2 <a href=\"https:\/\/elsmartinets.com\/\">Martinets<\/a> de xocolata negra<\/p>\n","protected":false},"excerpt":{"rendered":"<p>Nom\u00e9s l&#8217;haur\u00e0s d&#8217;escalfar al microones i estar\u00e0 llest per menjar.<\/p>\n","protected":false},"featured_media":3878,"template":"","meta":[],"product_brand":[],"product_cat":[226,248,15],"product_tag":[],"class_list":{"0":"post-45","1":"product","2":"type-product","3":"status-publish","4":"has-post-thumbnail","6":"product_cat-plat-congelat","7":"product_cat-regala","8":"product_cat-tots","9":"product_shipping_class-martinets","11":"first","12":"instock","13":"taxable","14":"shipping-taxable","15":"purchasable","16":"product-type-variable"},"yoast_head":"<!-- This site is optimized with the Yoast SEO plugin v25.5 - https:\/\/yoast.com\/wordpress\/plugins\/seo\/ -->\n<title>Coulant de xocolata - Can Valls a Domicili<\/title>\n<meta name=\"description\" content=\"Sugger\u00e8ncia de presentaci\u00f3. S\u2019entrega congelat i envasat al buit.\" \/>\n<meta name=\"robots\" content=\"index, follow, max-snippet:-1, max-image-preview:large, max-video-preview:-1\" \/>\n<link rel=\"canonical\" href=\"https:\/\/www.canvallsrestaurant.com\/domicili\/producto\/coulant-de-xocolata\/\" \/>\n<meta property=\"og:locale\" content=\"ca_ES\" \/>\n<meta property=\"og:type\" content=\"article\" \/>\n<meta property=\"og:title\" content=\"Coulant de xocolata - Can Valls a Domicili\" \/>\n<meta property=\"og:description\" content=\"Sugger\u00e8ncia de presentaci\u00f3. S\u2019entrega congelat i envasat al buit.\" \/>\n<meta property=\"og:url\" content=\"https:\/\/www.canvallsrestaurant.com\/domicili\/producto\/coulant-de-xocolata\/\" \/>\n<meta property=\"og:site_name\" content=\"Can Valls a Domicili\" \/>\n<meta property=\"article:modified_time\" content=\"2023-04-28T07:15:22+00:00\" \/>\n<meta property=\"og:image\" content=\"https:\/\/www.canvallsrestaurant.com\/domicili\/wp-content\/uploads\/2020\/04\/coulantxoco-Martinets.jpg\" \/>\n\t<meta property=\"og:image:width\" content=\"500\" \/>\n\t<meta property=\"og:image:height\" content=\"374\" \/>\n\t<meta property=\"og:image:type\" content=\"image\/jpeg\" \/>\n<meta name=\"twitter:card\" content=\"summary_large_image\" \/>\n<script type=\"application\/ld+json\" class=\"yoast-schema-graph\">{\"@context\":\"https:\/\/schema.org\",\"@graph\":[{\"@type\":\"WebPage\",\"@id\":\"https:\/\/www.canvallsrestaurant.com\/domicili\/producto\/coulant-de-xocolata\/\",\"url\":\"https:\/\/www.canvallsrestaurant.com\/domicili\/producto\/coulant-de-xocolata\/\",\"name\":\"Coulant de xocolata - Can Valls a Domicili\",\"isPartOf\":{\"@id\":\"https:\/\/www.canvallsrestaurant.com\/domicili\/#website\"},\"primaryImageOfPage\":{\"@id\":\"https:\/\/www.canvallsrestaurant.com\/domicili\/producto\/coulant-de-xocolata\/#primaryimage\"},\"image\":{\"@id\":\"https:\/\/www.canvallsrestaurant.com\/domicili\/producto\/coulant-de-xocolata\/#primaryimage\"},\"thumbnailUrl\":\"https:\/\/www.canvallsrestaurant.com\/domicili\/wp-content\/uploads\/2020\/04\/coulantxoco-Martinets.jpg\",\"datePublished\":\"2021-12-13T12:10:52+00:00\",\"dateModified\":\"2023-04-28T07:15:22+00:00\",\"description\":\"Sugger\u00e8ncia de presentaci\u00f3. S\u2019entrega congelat i envasat al buit.\",\"breadcrumb\":{\"@id\":\"https:\/\/www.canvallsrestaurant.com\/domicili\/producto\/coulant-de-xocolata\/#breadcrumb\"},\"inLanguage\":\"ca\",\"potentialAction\":[{\"@type\":\"ReadAction\",\"target\":[\"https:\/\/www.canvallsrestaurant.com\/domicili\/producto\/coulant-de-xocolata\/\"]}]},{\"@type\":\"ImageObject\",\"inLanguage\":\"ca\",\"@id\":\"https:\/\/www.canvallsrestaurant.com\/domicili\/producto\/coulant-de-xocolata\/#primaryimage\",\"url\":\"https:\/\/www.canvallsrestaurant.com\/domicili\/wp-content\/uploads\/2020\/04\/coulantxoco-Martinets.jpg\",\"contentUrl\":\"https:\/\/www.canvallsrestaurant.com\/domicili\/wp-content\/uploads\/2020\/04\/coulantxoco-Martinets.jpg\",\"width\":500,\"height\":374},{\"@type\":\"BreadcrumbList\",\"@id\":\"https:\/\/www.canvallsrestaurant.com\/domicili\/producto\/coulant-de-xocolata\/#breadcrumb\",\"itemListElement\":[{\"@type\":\"ListItem\",\"position\":1,\"name\":\"Inici\",\"item\":\"https:\/\/www.canvallsrestaurant.com\/domicili\/\"},{\"@type\":\"ListItem\",\"position\":2,\"name\":\"Botiga\",\"item\":\"https:\/\/www.canvallsrestaurant.com\/domicili\/botiga\/\"},{\"@type\":\"ListItem\",\"position\":3,\"name\":\"Coulant de xocolata\"}]},{\"@type\":\"WebSite\",\"@id\":\"https:\/\/www.canvallsrestaurant.com\/domicili\/#website\",\"url\":\"https:\/\/www.canvallsrestaurant.com\/domicili\/\",\"name\":\"Can Valls a Domicili\",\"description\":\"Et portem la cuina de Can Valls i Mumm a casa!\",\"potentialAction\":[{\"@type\":\"SearchAction\",\"target\":{\"@type\":\"EntryPoint\",\"urlTemplate\":\"https:\/\/www.canvallsrestaurant.com\/domicili\/?s={search_term_string}\"},\"query-input\":{\"@type\":\"PropertyValueSpecification\",\"valueRequired\":true,\"valueName\":\"search_term_string\"}}],\"inLanguage\":\"ca\"}]}<\/script>\n<!-- \/ Yoast SEO plugin. -->","yoast_head_json":{"title":"Coulant de xocolata - Can Valls a Domicili","description":"Sugger\u00e8ncia de presentaci\u00f3. S\u2019entrega congelat i envasat al buit.","robots":{"index":"index","follow":"follow","max-snippet":"max-snippet:-1","max-image-preview":"max-image-preview:large","max-video-preview":"max-video-preview:-1"},"canonical":"https:\/\/www.canvallsrestaurant.com\/domicili\/producto\/coulant-de-xocolata\/","og_locale":"ca_ES","og_type":"article","og_title":"Coulant de xocolata - Can Valls a Domicili","og_description":"Sugger\u00e8ncia de presentaci\u00f3. S\u2019entrega congelat i envasat al buit.","og_url":"https:\/\/www.canvallsrestaurant.com\/domicili\/producto\/coulant-de-xocolata\/","og_site_name":"Can Valls a Domicili","article_modified_time":"2023-04-28T07:15:22+00:00","og_image":[{"width":500,"height":374,"url":"https:\/\/www.canvallsrestaurant.com\/domicili\/wp-content\/uploads\/2020\/04\/coulantxoco-Martinets.jpg","type":"image\/jpeg"}],"twitter_card":"summary_large_image","schema":{"@context":"https:\/\/schema.org","@graph":[{"@type":"WebPage","@id":"https:\/\/www.canvallsrestaurant.com\/domicili\/producto\/coulant-de-xocolata\/","url":"https:\/\/www.canvallsrestaurant.com\/domicili\/producto\/coulant-de-xocolata\/","name":"Coulant de xocolata - Can Valls a Domicili","isPartOf":{"@id":"https:\/\/www.canvallsrestaurant.com\/domicili\/#website"},"primaryImageOfPage":{"@id":"https:\/\/www.canvallsrestaurant.com\/domicili\/producto\/coulant-de-xocolata\/#primaryimage"},"image":{"@id":"https:\/\/www.canvallsrestaurant.com\/domicili\/producto\/coulant-de-xocolata\/#primaryimage"},"thumbnailUrl":"https:\/\/www.canvallsrestaurant.com\/domicili\/wp-content\/uploads\/2020\/04\/coulantxoco-Martinets.jpg","datePublished":"2021-12-13T12:10:52+00:00","dateModified":"2023-04-28T07:15:22+00:00","description":"Sugger\u00e8ncia de presentaci\u00f3. S\u2019entrega congelat i envasat al buit.","breadcrumb":{"@id":"https:\/\/www.canvallsrestaurant.com\/domicili\/producto\/coulant-de-xocolata\/#breadcrumb"},"inLanguage":"ca","potentialAction":[{"@type":"ReadAction","target":["https:\/\/www.canvallsrestaurant.com\/domicili\/producto\/coulant-de-xocolata\/"]}]},{"@type":"ImageObject","inLanguage":"ca","@id":"https:\/\/www.canvallsrestaurant.com\/domicili\/producto\/coulant-de-xocolata\/#primaryimage","url":"https:\/\/www.canvallsrestaurant.com\/domicili\/wp-content\/uploads\/2020\/04\/coulantxoco-Martinets.jpg","contentUrl":"https:\/\/www.canvallsrestaurant.com\/domicili\/wp-content\/uploads\/2020\/04\/coulantxoco-Martinets.jpg","width":500,"height":374},{"@type":"BreadcrumbList","@id":"https:\/\/www.canvallsrestaurant.com\/domicili\/producto\/coulant-de-xocolata\/#breadcrumb","itemListElement":[{"@type":"ListItem","position":1,"name":"Inici","item":"https:\/\/www.canvallsrestaurant.com\/domicili\/"},{"@type":"ListItem","position":2,"name":"Botiga","item":"https:\/\/www.canvallsrestaurant.com\/domicili\/botiga\/"},{"@type":"ListItem","position":3,"name":"Coulant de xocolata"}]},{"@type":"WebSite","@id":"https:\/\/www.canvallsrestaurant.com\/domicili\/#website","url":"https:\/\/www.canvallsrestaurant.com\/domicili\/","name":"Can Valls a Domicili","description":"Et portem la cuina de Can Valls i Mumm a casa!","potentialAction":[{"@type":"SearchAction","target":{"@type":"EntryPoint","urlTemplate":"https:\/\/www.canvallsrestaurant.com\/domicili\/?s={search_term_string}"},"query-input":{"@type":"PropertyValueSpecification","valueRequired":true,"valueName":"search_term_string"}}],"inLanguage":"ca"}]}},"_links":{"self":[{"href":"https:\/\/www.canvallsrestaurant.com\/domicili\/wp-json\/wp\/v2\/product\/45","targetHints":{"allow":["GET"]}}],"collection":[{"href":"https:\/\/www.canvallsrestaurant.com\/domicili\/wp-json\/wp\/v2\/product"}],"about":[{"href":"https:\/\/www.canvallsrestaurant.com\/domicili\/wp-json\/wp\/v2\/types\/product"}],"wp:featuredmedia":[{"embeddable":true,"href":"https:\/\/www.canvallsrestaurant.com\/domicili\/wp-json\/wp\/v2\/media\/3878"}],"wp:attachment":[{"href":"https:\/\/www.canvallsrestaurant.com\/domicili\/wp-json\/wp\/v2\/media?parent=45"}],"wp:term":[{"taxonomy":"product_brand","embeddable":true,"href":"https:\/\/www.canvallsrestaurant.com\/domicili\/wp-json\/wp\/v2\/product_brand?post=45"},{"taxonomy":"product_cat","embeddable":true,"href":"https:\/\/www.canvallsrestaurant.com\/domicili\/wp-json\/wp\/v2\/product_cat?post=45"},{"taxonomy":"product_tag","embeddable":true,"href":"https:\/\/www.canvallsrestaurant.com\/domicili\/wp-json\/wp\/v2\/product_tag?post=45"}],"curies":[{"name":"wp","href":"https:\/\/api.w.org\/{rel}","templated":true}]}}