{"id":3523,"date":"2025-11-20T08:00:09","date_gmt":"2025-11-20T07:00:09","guid":{"rendered":"https:\/\/www.canvallsrestaurant.com\/domicili\/?post_type=product&#038;p=3523"},"modified":"2026-02-18T13:55:13","modified_gmt":"2026-02-18T12:55:13","slug":"menu-degustacio","status":"publish","type":"product","link":"https:\/\/www.canvallsrestaurant.com\/domicili\/producto\/menu-degustacio\/","title":{"rendered":"Men\u00fa Degustaci\u00f3"},"content":{"rendered":"<p><span style=\"text-decoration: underline;\"><strong>PER COMEN\u00c7AR<\/strong><\/span><\/p>\n<ul>\n<li><strong>LES MINI CROQUETES<\/strong><br \/>\n<i data-path-to-node=\"4\" data-index-in-node=\"19\">Una de pollastre de bosc rostit<\/i><br \/>\n<i data-path-to-node=\"4\" data-index-in-node=\"51\">L&#8217;altre de botifarra negre i poma<\/i><\/li>\n<\/ul>\n<p>&nbsp;<\/p>\n<p><span style=\"text-decoration: underline;\"><strong>TOT SEGUIT<\/strong><\/span><\/p>\n<ul>\n<li><strong>STEAK TARTAR<\/strong><br \/>\nde vedella amb ou de guatlla<\/li>\n<li><strong>LA CARXOFA<\/strong><br \/>\nsense feina i a la brasa amb vieira i llagost\u00ed<\/li>\n<li><strong>ARR\u00d2S A LA LLAUNA<\/strong><br \/>\namb botifarra i gambeta vermella<\/li>\n<\/ul>\n<p>&nbsp;<\/p>\n<p><span style=\"text-decoration: underline;\"><strong>PER ACABAR<\/strong><\/span><\/p>\n<ul>\n<li><strong>LLOBARRO<\/strong><br \/>\namb crem\u00f3s de moniato i clo\u00efssa<\/li>\n<li><strong>MAR I MUNTANYA<\/strong><br \/>\nde medall\u00f3 de peu de porc i espardenya<\/li>\n<\/ul>\n<p>&nbsp;<\/p>\n<p><span style=\"text-decoration: underline;\"><strong>LA PART DOL\u00c7A<\/strong><\/span><\/p>\n<ul>\n<li><strong>EL NOSTRE MARTINET<\/strong><br \/>\nde xocolata amb avellanes del nostre camp<\/li>\n<\/ul>\n<p>&nbsp;<\/p>\n<p><em><strong>CAF\u00c8 O INFUSI\u00d3<\/strong><\/em><br \/>\n<em>acompanyat d\u2019avellanes i xarrup, tamb\u00e9 km 0 i fet a casa<\/em><\/p>\n<p><em>* Beguda inclosa. Aigua, vi blanc, negre o rosat Floresta DO Empord\u00e0.<\/em><\/p>\n<p>&nbsp;<\/p>\n<p><em>Val per dinar o sopar cada dia al Restaurant Can Valls. Inclosos els caps de setmana i els festius.<\/em><\/p>\n<p data-pm-slice=\"1 1 []\"><em>Els vals regal s\u00f3n v\u00e0lids per a un m\u00e0xim de 6 persones. Per a grups de m\u00e9s de 6, contacta amb nosaltres i t\u2019oferirem un men\u00fa personalitzat per a grups.<\/em><\/p>\n","protected":false},"excerpt":{"rendered":"<p>Oferim un men\u00fa degustaci\u00f3 sofisticat amb 10 plats a degustar \u00edntegrament.<\/p>\n","protected":false},"featured_media":5644,"template":"","meta":[],"product_brand":[],"product_cat":[267],"product_tag":[],"class_list":{"0":"post-3523","1":"product","2":"type-product","3":"status-publish","4":"has-post-thumbnail","6":"product_cat-menus","7":"product_shipping_class-p_regal","9":"first","10":"instock","11":"taxable","12":"shipping-taxable","13":"purchasable","14":"product-type-variable"},"yoast_head":"<!-- This site is optimized with the Yoast SEO plugin v25.5 - https:\/\/yoast.com\/wordpress\/plugins\/seo\/ -->\n<title>Men\u00fa Degustaci\u00f3 - Can Valls a Domicili<\/title>\n<meta name=\"robots\" content=\"index, follow, max-snippet:-1, max-image-preview:large, max-video-preview:-1\" \/>\n<link rel=\"canonical\" href=\"https:\/\/www.canvallsrestaurant.com\/domicili\/producto\/menu-degustacio\/\" \/>\n<meta property=\"og:locale\" content=\"ca_ES\" \/>\n<meta property=\"og:type\" content=\"article\" \/>\n<meta property=\"og:title\" content=\"Men\u00fa Degustaci\u00f3 - Can Valls a Domicili\" \/>\n<meta property=\"og:description\" content=\"Oferim un men\u00fa degustaci\u00f3 sofisticat amb 10 plats a degustar \u00edntegrament.\" \/>\n<meta property=\"og:url\" content=\"https:\/\/www.canvallsrestaurant.com\/domicili\/producto\/menu-degustacio\/\" \/>\n<meta property=\"og:site_name\" content=\"Can Valls a Domicili\" \/>\n<meta property=\"article:modified_time\" content=\"2026-02-18T12:55:13+00:00\" \/>\n<meta property=\"og:image\" content=\"https:\/\/www.canvallsrestaurant.com\/domicili\/wp-content\/uploads\/2025\/04\/WhatsApp-Image-2025-04-03-at-15.01.24-2.jpeg\" \/>\n\t<meta property=\"og:image:width\" content=\"1536\" \/>\n\t<meta property=\"og:image:height\" content=\"2048\" \/>\n\t<meta property=\"og:image:type\" content=\"image\/jpeg\" \/>\n<meta name=\"twitter:card\" content=\"summary_large_image\" \/>\n<meta name=\"twitter:label1\" content=\"Temps estimat de lectura\" \/>\n\t<meta name=\"twitter:data1\" content=\"2 minuts\" \/>\n<script type=\"application\/ld+json\" class=\"yoast-schema-graph\">{\"@context\":\"https:\/\/schema.org\",\"@graph\":[{\"@type\":\"WebPage\",\"@id\":\"https:\/\/www.canvallsrestaurant.com\/domicili\/producto\/menu-degustacio\/\",\"url\":\"https:\/\/www.canvallsrestaurant.com\/domicili\/producto\/menu-degustacio\/\",\"name\":\"Men\u00fa Degustaci\u00f3 - Can Valls a Domicili\",\"isPartOf\":{\"@id\":\"https:\/\/www.canvallsrestaurant.com\/domicili\/#website\"},\"primaryImageOfPage\":{\"@id\":\"https:\/\/www.canvallsrestaurant.com\/domicili\/producto\/menu-degustacio\/#primaryimage\"},\"image\":{\"@id\":\"https:\/\/www.canvallsrestaurant.com\/domicili\/producto\/menu-degustacio\/#primaryimage\"},\"thumbnailUrl\":\"https:\/\/www.canvallsrestaurant.com\/domicili\/wp-content\/uploads\/2025\/04\/WhatsApp-Image-2025-04-03-at-15.01.24-2.jpeg\",\"datePublished\":\"2025-11-20T07:00:09+00:00\",\"dateModified\":\"2026-02-18T12:55:13+00:00\",\"breadcrumb\":{\"@id\":\"https:\/\/www.canvallsrestaurant.com\/domicili\/producto\/menu-degustacio\/#breadcrumb\"},\"inLanguage\":\"ca\",\"potentialAction\":[{\"@type\":\"ReadAction\",\"target\":[\"https:\/\/www.canvallsrestaurant.com\/domicili\/producto\/menu-degustacio\/\"]}]},{\"@type\":\"ImageObject\",\"inLanguage\":\"ca\",\"@id\":\"https:\/\/www.canvallsrestaurant.com\/domicili\/producto\/menu-degustacio\/#primaryimage\",\"url\":\"https:\/\/www.canvallsrestaurant.com\/domicili\/wp-content\/uploads\/2025\/04\/WhatsApp-Image-2025-04-03-at-15.01.24-2.jpeg\",\"contentUrl\":\"https:\/\/www.canvallsrestaurant.com\/domicili\/wp-content\/uploads\/2025\/04\/WhatsApp-Image-2025-04-03-at-15.01.24-2.jpeg\",\"width\":1536,\"height\":2048},{\"@type\":\"BreadcrumbList\",\"@id\":\"https:\/\/www.canvallsrestaurant.com\/domicili\/producto\/menu-degustacio\/#breadcrumb\",\"itemListElement\":[{\"@type\":\"ListItem\",\"position\":1,\"name\":\"Inici\",\"item\":\"https:\/\/www.canvallsrestaurant.com\/domicili\/\"},{\"@type\":\"ListItem\",\"position\":2,\"name\":\"Botiga\",\"item\":\"https:\/\/www.canvallsrestaurant.com\/domicili\/botiga\/\"},{\"@type\":\"ListItem\",\"position\":3,\"name\":\"Men\u00fa Degustaci\u00f3\"}]},{\"@type\":\"WebSite\",\"@id\":\"https:\/\/www.canvallsrestaurant.com\/domicili\/#website\",\"url\":\"https:\/\/www.canvallsrestaurant.com\/domicili\/\",\"name\":\"Can Valls a Domicili\",\"description\":\"Et portem la cuina de Can Valls i Mumm a casa!\",\"potentialAction\":[{\"@type\":\"SearchAction\",\"target\":{\"@type\":\"EntryPoint\",\"urlTemplate\":\"https:\/\/www.canvallsrestaurant.com\/domicili\/?s={search_term_string}\"},\"query-input\":{\"@type\":\"PropertyValueSpecification\",\"valueRequired\":true,\"valueName\":\"search_term_string\"}}],\"inLanguage\":\"ca\"}]}<\/script>\n<!-- \/ Yoast SEO plugin. -->","yoast_head_json":{"title":"Men\u00fa Degustaci\u00f3 - Can Valls a Domicili","robots":{"index":"index","follow":"follow","max-snippet":"max-snippet:-1","max-image-preview":"max-image-preview:large","max-video-preview":"max-video-preview:-1"},"canonical":"https:\/\/www.canvallsrestaurant.com\/domicili\/producto\/menu-degustacio\/","og_locale":"ca_ES","og_type":"article","og_title":"Men\u00fa Degustaci\u00f3 - Can Valls a Domicili","og_description":"Oferim un men\u00fa degustaci\u00f3 sofisticat amb 10 plats a degustar \u00edntegrament.","og_url":"https:\/\/www.canvallsrestaurant.com\/domicili\/producto\/menu-degustacio\/","og_site_name":"Can Valls a Domicili","article_modified_time":"2026-02-18T12:55:13+00:00","og_image":[{"width":1536,"height":2048,"url":"https:\/\/www.canvallsrestaurant.com\/domicili\/wp-content\/uploads\/2025\/04\/WhatsApp-Image-2025-04-03-at-15.01.24-2.jpeg","type":"image\/jpeg"}],"twitter_card":"summary_large_image","twitter_misc":{"Temps estimat de lectura":"2 minuts"},"schema":{"@context":"https:\/\/schema.org","@graph":[{"@type":"WebPage","@id":"https:\/\/www.canvallsrestaurant.com\/domicili\/producto\/menu-degustacio\/","url":"https:\/\/www.canvallsrestaurant.com\/domicili\/producto\/menu-degustacio\/","name":"Men\u00fa Degustaci\u00f3 - Can Valls a Domicili","isPartOf":{"@id":"https:\/\/www.canvallsrestaurant.com\/domicili\/#website"},"primaryImageOfPage":{"@id":"https:\/\/www.canvallsrestaurant.com\/domicili\/producto\/menu-degustacio\/#primaryimage"},"image":{"@id":"https:\/\/www.canvallsrestaurant.com\/domicili\/producto\/menu-degustacio\/#primaryimage"},"thumbnailUrl":"https:\/\/www.canvallsrestaurant.com\/domicili\/wp-content\/uploads\/2025\/04\/WhatsApp-Image-2025-04-03-at-15.01.24-2.jpeg","datePublished":"2025-11-20T07:00:09+00:00","dateModified":"2026-02-18T12:55:13+00:00","breadcrumb":{"@id":"https:\/\/www.canvallsrestaurant.com\/domicili\/producto\/menu-degustacio\/#breadcrumb"},"inLanguage":"ca","potentialAction":[{"@type":"ReadAction","target":["https:\/\/www.canvallsrestaurant.com\/domicili\/producto\/menu-degustacio\/"]}]},{"@type":"ImageObject","inLanguage":"ca","@id":"https:\/\/www.canvallsrestaurant.com\/domicili\/producto\/menu-degustacio\/#primaryimage","url":"https:\/\/www.canvallsrestaurant.com\/domicili\/wp-content\/uploads\/2025\/04\/WhatsApp-Image-2025-04-03-at-15.01.24-2.jpeg","contentUrl":"https:\/\/www.canvallsrestaurant.com\/domicili\/wp-content\/uploads\/2025\/04\/WhatsApp-Image-2025-04-03-at-15.01.24-2.jpeg","width":1536,"height":2048},{"@type":"BreadcrumbList","@id":"https:\/\/www.canvallsrestaurant.com\/domicili\/producto\/menu-degustacio\/#breadcrumb","itemListElement":[{"@type":"ListItem","position":1,"name":"Inici","item":"https:\/\/www.canvallsrestaurant.com\/domicili\/"},{"@type":"ListItem","position":2,"name":"Botiga","item":"https:\/\/www.canvallsrestaurant.com\/domicili\/botiga\/"},{"@type":"ListItem","position":3,"name":"Men\u00fa Degustaci\u00f3"}]},{"@type":"WebSite","@id":"https:\/\/www.canvallsrestaurant.com\/domicili\/#website","url":"https:\/\/www.canvallsrestaurant.com\/domicili\/","name":"Can Valls a Domicili","description":"Et portem la cuina de Can Valls i Mumm a casa!","potentialAction":[{"@type":"SearchAction","target":{"@type":"EntryPoint","urlTemplate":"https:\/\/www.canvallsrestaurant.com\/domicili\/?s={search_term_string}"},"query-input":{"@type":"PropertyValueSpecification","valueRequired":true,"valueName":"search_term_string"}}],"inLanguage":"ca"}]}},"_links":{"self":[{"href":"https:\/\/www.canvallsrestaurant.com\/domicili\/wp-json\/wp\/v2\/product\/3523","targetHints":{"allow":["GET"]}}],"collection":[{"href":"https:\/\/www.canvallsrestaurant.com\/domicili\/wp-json\/wp\/v2\/product"}],"about":[{"href":"https:\/\/www.canvallsrestaurant.com\/domicili\/wp-json\/wp\/v2\/types\/product"}],"wp:featuredmedia":[{"embeddable":true,"href":"https:\/\/www.canvallsrestaurant.com\/domicili\/wp-json\/wp\/v2\/media\/5644"}],"wp:attachment":[{"href":"https:\/\/www.canvallsrestaurant.com\/domicili\/wp-json\/wp\/v2\/media?parent=3523"}],"wp:term":[{"taxonomy":"product_brand","embeddable":true,"href":"https:\/\/www.canvallsrestaurant.com\/domicili\/wp-json\/wp\/v2\/product_brand?post=3523"},{"taxonomy":"product_cat","embeddable":true,"href":"https:\/\/www.canvallsrestaurant.com\/domicili\/wp-json\/wp\/v2\/product_cat?post=3523"},{"taxonomy":"product_tag","embeddable":true,"href":"https:\/\/www.canvallsrestaurant.com\/domicili\/wp-json\/wp\/v2\/product_tag?post=3523"}],"curies":[{"name":"wp","href":"https:\/\/api.w.org\/{rel}","templated":true}]}}