{"id":3024,"date":"2020-04-30T07:14:39","date_gmt":"2020-04-30T07:14:39","guid":{"rendered":"https:\/\/www.canvallsrestaurant.com\/domicili\/?page_id=3024"},"modified":"2020-04-30T07:18:53","modified_gmt":"2020-04-30T07:18:53","slug":"politica-de-reemborsament","status":"publish","type":"page","link":"https:\/\/www.canvallsrestaurant.com\/domicili\/politica-de-reemborsament\/","title":{"rendered":"Pol\u00edtica de Reemborsament"},"content":{"rendered":"\n<h2 class=\"has-text-align-center wp-block-heading\" id=\"envios-devoluciones\">Restaurant Can Valls<\/h2>\n\n\n\n<p><strong>OBJECTIU:<\/strong> Establir les directrius per efectuar el reemborsament d&#8217;una comanda realitzada a trav\u00e9s del web de wwww.canvallsrestaurant.com.<\/p>\n\n\n\n<p><strong>ABAST: <\/strong>Aplica per a les operacions de venda realitzades a trav\u00e9s del lloc www.canvallsrestaurant.com, aix\u00ed com els processos que intervenen en el mateix.<\/p>\n\n\n\n<p><strong>CL\u00c0USULES:<\/strong> Els reemborsaments generats a partir de les comandes fetes pel client han d&#8217;estar regulades per les seg\u00fcents cl\u00e0usules establertes per el Restaurant Can Valls:<\/p>\n\n\n\n<p>&nbsp;<\/p>\r\n<p><strong>CL\u00c0USULA I.<\/strong><\/p>\r\n<p>CARACTER\u00cdSTIQUES D&#8217;UN REEMBORSAMENT<\/p>\r\n<p>El client ha de tramitar la sol\u00b7licitud de reemborsament per la mercaderia que hagi adquirit i que no compleixi amb les expectatives requerides, considerant que s&#8217;aplicaran nom\u00e9s en els seg\u00fcents casos:<\/p>\r\n<p><strong>1.1<\/strong> Si el producte lliurat t\u00e9 defectes o est\u00e0 en mal estat.<\/p>\r\n<p><strong>1.2<\/strong> Si el producte est\u00e0 extraviat o danyat per la missatgeria.<\/p>\r\n<p><strong>1.3<\/strong> Si s\u2019ha efectuat una comanda o un cobrament incorrecte.<\/p>\r\n<p><strong>1.4<\/strong> A causa de les diferents particularitats que poden haver-hi en les compres en l\u00ednia, tots aquells casos no previstos en aquestes pol\u00edtiques seran revisats i validats per <a href=\"http:\/\/www.canvallsrestaurant.com\">www.canvallsrestaurant.com<\/a>.<\/p>\r\n<p>&nbsp;<\/p>\r\n<p><strong>CL\u00c0USULA II. <\/strong><\/p>\r\n<p>REQUISITS PER A TR\u00c0MIT DE REEMBORSAMENT.<\/p>\r\n<p>Per sol\u00b7licitar un reemborsament s&#8217;haur\u00e0 de complir amb la seg\u00fcent informaci\u00f3, la qual es podr\u00e0 fer arribar per correu electr\u00f2nic a <a href=\"mailto:info@canvallsrestaurant.com\">info@canvallsrestaurant.com<\/a>:<\/p>\r\n<p>&nbsp;<\/p>\r\n<p><strong>2.1<\/strong> L\u2019assumpte del correu electr\u00f2nic haur\u00e0 de ser: INCID\u00c8NCIA + \u201cNOM\u201d<\/p>\r\n<p><strong>2.2<\/strong> Descripci\u00f3 de la incid\u00e8ncia.<\/p>\r\n<p><strong>2.3<\/strong> Fotografia on es vegin els danys \/ productes malmesos.<\/p>\r\n<p><strong>2.4<\/strong> El Restaurant Can Valls avaluar\u00e0 l\u2019estat de la comanda abans de procedir a un possible reemborsament.<\/p>\r\n<p><strong>2.5<\/strong> Per iniciar el tr\u00e0mit de reemborsament, si us plau escrigui a l&#8217;adre\u00e7a de correu electr\u00f2nic: <a href=\"mailto:info@canvallsrestaurant.com\">info@canvallsrestaurant.com<\/a> amb tots els detalls necessaris esmentats.<\/p>\r\n<p><strong>2.6<\/strong> Restaurant Can Valls no accepta reemborsaments per comandes en bon estat un cop lliurades.<\/p>\r\n<p>&nbsp;<\/p>\r\n<p><strong>CL\u00c0USULA III. <\/strong><\/p>\r\n<p>COM S\u2019EFECTUEN ELS REEMBORSAMENTS<\/p>\r\n<p><strong>3.1<\/strong> En cas que la comanda estigui en mal estat, tornem els diners o repetim la comanda sempre i quan la fotografia demostri que hi ha danys.<\/p>\r\n<p><strong>3.2<\/strong> Si els productes rebuts no coincideixen amb la comanda efectuada, repetim la comanda.<\/p>\r\n<p><strong>3.3<\/strong> Si l\u2019embalatge mostra danys o desperfectes, tornem els diners o repetim la comanda.<\/p>\r\n<p><strong>3.4<\/strong> Si s\u2019ha efectuat un cobrament incorrecte, es revisar\u00e0.<\/p>\r\n<p>&nbsp;<\/p>\r\n<p>&nbsp;<\/p>\r\n<p>\n\n\n<p><\/p>","protected":false},"excerpt":{"rendered":"<p>Restaurant Can Valls OBJECTIU: Establir les directrius per efectuar el reemborsament d&#8217;una comanda realitzada a trav\u00e9s del web de wwww.canvallsrestaurant.com. ABAST: Aplica per a les operacions de venda realitzades a trav\u00e9s del lloc www.canvallsrestaurant.com, aix\u00ed com els processos que intervenen en el mateix. CL\u00c0USULES: Els reemborsaments generats a partir de les comandes fetes pel client [&hellip;]<\/p>\n","protected":false},"author":1,"featured_media":0,"parent":0,"menu_order":0,"comment_status":"closed","ping_status":"closed","template":"","meta":{"footnotes":""},"class_list":["post-3024","page","type-page","status-publish","hentry"],"yoast_head":"<!-- This site is optimized with the Yoast SEO plugin v25.5 - https:\/\/yoast.com\/wordpress\/plugins\/seo\/ -->\n<title>Pol\u00edtica de Reemborsament - Can Valls a Domicili<\/title>\n<meta name=\"robots\" content=\"index, follow, max-snippet:-1, max-image-preview:large, max-video-preview:-1\" \/>\n<link rel=\"canonical\" href=\"https:\/\/www.canvallsrestaurant.com\/domicili\/politica-de-reemborsament\/\" \/>\n<meta property=\"og:locale\" content=\"ca_ES\" \/>\n<meta property=\"og:type\" content=\"article\" \/>\n<meta property=\"og:title\" content=\"Pol\u00edtica de Reemborsament - Can Valls a Domicili\" \/>\n<meta property=\"og:description\" content=\"Restaurant Can Valls OBJECTIU: Establir les directrius per efectuar el reemborsament d&#8217;una comanda realitzada a trav\u00e9s del web de wwww.canvallsrestaurant.com. ABAST: Aplica per a les operacions de venda realitzades a trav\u00e9s del lloc www.canvallsrestaurant.com, aix\u00ed com els processos que intervenen en el mateix. CL\u00c0USULES: Els reemborsaments generats a partir de les comandes fetes pel client [&hellip;]\" \/>\n<meta property=\"og:url\" content=\"https:\/\/www.canvallsrestaurant.com\/domicili\/politica-de-reemborsament\/\" \/>\n<meta property=\"og:site_name\" content=\"Can Valls a Domicili\" \/>\n<meta property=\"article:modified_time\" content=\"2020-04-30T07:18:53+00:00\" \/>\n<meta name=\"twitter:card\" content=\"summary_large_image\" \/>\n<meta name=\"twitter:label1\" content=\"Temps estimat de lectura\" \/>\n\t<meta name=\"twitter:data1\" content=\"2 minuts\" \/>\n<script type=\"application\/ld+json\" class=\"yoast-schema-graph\">{\"@context\":\"https:\/\/schema.org\",\"@graph\":[{\"@type\":\"WebPage\",\"@id\":\"https:\/\/www.canvallsrestaurant.com\/domicili\/politica-de-reemborsament\/\",\"url\":\"https:\/\/www.canvallsrestaurant.com\/domicili\/politica-de-reemborsament\/\",\"name\":\"Pol\u00edtica de Reemborsament - Can Valls a Domicili\",\"isPartOf\":{\"@id\":\"https:\/\/www.canvallsrestaurant.com\/domicili\/#website\"},\"datePublished\":\"2020-04-30T07:14:39+00:00\",\"dateModified\":\"2020-04-30T07:18:53+00:00\",\"breadcrumb\":{\"@id\":\"https:\/\/www.canvallsrestaurant.com\/domicili\/politica-de-reemborsament\/#breadcrumb\"},\"inLanguage\":\"ca\",\"potentialAction\":[{\"@type\":\"ReadAction\",\"target\":[\"https:\/\/www.canvallsrestaurant.com\/domicili\/politica-de-reemborsament\/\"]}]},{\"@type\":\"BreadcrumbList\",\"@id\":\"https:\/\/www.canvallsrestaurant.com\/domicili\/politica-de-reemborsament\/#breadcrumb\",\"itemListElement\":[{\"@type\":\"ListItem\",\"position\":1,\"name\":\"Inici\",\"item\":\"https:\/\/www.canvallsrestaurant.com\/domicili\/\"},{\"@type\":\"ListItem\",\"position\":2,\"name\":\"Pol\u00edtica de Reemborsament\"}]},{\"@type\":\"WebSite\",\"@id\":\"https:\/\/www.canvallsrestaurant.com\/domicili\/#website\",\"url\":\"https:\/\/www.canvallsrestaurant.com\/domicili\/\",\"name\":\"Can Valls a Domicili\",\"description\":\"Et portem la cuina de Can Valls i Mumm a casa!\",\"potentialAction\":[{\"@type\":\"SearchAction\",\"target\":{\"@type\":\"EntryPoint\",\"urlTemplate\":\"https:\/\/www.canvallsrestaurant.com\/domicili\/?s={search_term_string}\"},\"query-input\":{\"@type\":\"PropertyValueSpecification\",\"valueRequired\":true,\"valueName\":\"search_term_string\"}}],\"inLanguage\":\"ca\"}]}<\/script>\n<!-- \/ Yoast SEO plugin. -->","yoast_head_json":{"title":"Pol\u00edtica de Reemborsament - Can Valls a Domicili","robots":{"index":"index","follow":"follow","max-snippet":"max-snippet:-1","max-image-preview":"max-image-preview:large","max-video-preview":"max-video-preview:-1"},"canonical":"https:\/\/www.canvallsrestaurant.com\/domicili\/politica-de-reemborsament\/","og_locale":"ca_ES","og_type":"article","og_title":"Pol\u00edtica de Reemborsament - Can Valls a Domicili","og_description":"Restaurant Can Valls OBJECTIU: Establir les directrius per efectuar el reemborsament d&#8217;una comanda realitzada a trav\u00e9s del web de wwww.canvallsrestaurant.com. ABAST: Aplica per a les operacions de venda realitzades a trav\u00e9s del lloc www.canvallsrestaurant.com, aix\u00ed com els processos que intervenen en el mateix. CL\u00c0USULES: Els reemborsaments generats a partir de les comandes fetes pel client [&hellip;]","og_url":"https:\/\/www.canvallsrestaurant.com\/domicili\/politica-de-reemborsament\/","og_site_name":"Can Valls a Domicili","article_modified_time":"2020-04-30T07:18:53+00:00","twitter_card":"summary_large_image","twitter_misc":{"Temps estimat de lectura":"2 minuts"},"schema":{"@context":"https:\/\/schema.org","@graph":[{"@type":"WebPage","@id":"https:\/\/www.canvallsrestaurant.com\/domicili\/politica-de-reemborsament\/","url":"https:\/\/www.canvallsrestaurant.com\/domicili\/politica-de-reemborsament\/","name":"Pol\u00edtica de Reemborsament - Can Valls a Domicili","isPartOf":{"@id":"https:\/\/www.canvallsrestaurant.com\/domicili\/#website"},"datePublished":"2020-04-30T07:14:39+00:00","dateModified":"2020-04-30T07:18:53+00:00","breadcrumb":{"@id":"https:\/\/www.canvallsrestaurant.com\/domicili\/politica-de-reemborsament\/#breadcrumb"},"inLanguage":"ca","potentialAction":[{"@type":"ReadAction","target":["https:\/\/www.canvallsrestaurant.com\/domicili\/politica-de-reemborsament\/"]}]},{"@type":"BreadcrumbList","@id":"https:\/\/www.canvallsrestaurant.com\/domicili\/politica-de-reemborsament\/#breadcrumb","itemListElement":[{"@type":"ListItem","position":1,"name":"Inici","item":"https:\/\/www.canvallsrestaurant.com\/domicili\/"},{"@type":"ListItem","position":2,"name":"Pol\u00edtica de Reemborsament"}]},{"@type":"WebSite","@id":"https:\/\/www.canvallsrestaurant.com\/domicili\/#website","url":"https:\/\/www.canvallsrestaurant.com\/domicili\/","name":"Can Valls a Domicili","description":"Et portem la cuina de Can Valls i Mumm a casa!","potentialAction":[{"@type":"SearchAction","target":{"@type":"EntryPoint","urlTemplate":"https:\/\/www.canvallsrestaurant.com\/domicili\/?s={search_term_string}"},"query-input":{"@type":"PropertyValueSpecification","valueRequired":true,"valueName":"search_term_string"}}],"inLanguage":"ca"}]}},"_links":{"self":[{"href":"https:\/\/www.canvallsrestaurant.com\/domicili\/wp-json\/wp\/v2\/pages\/3024","targetHints":{"allow":["GET"]}}],"collection":[{"href":"https:\/\/www.canvallsrestaurant.com\/domicili\/wp-json\/wp\/v2\/pages"}],"about":[{"href":"https:\/\/www.canvallsrestaurant.com\/domicili\/wp-json\/wp\/v2\/types\/page"}],"author":[{"embeddable":true,"href":"https:\/\/www.canvallsrestaurant.com\/domicili\/wp-json\/wp\/v2\/users\/1"}],"replies":[{"embeddable":true,"href":"https:\/\/www.canvallsrestaurant.com\/domicili\/wp-json\/wp\/v2\/comments?post=3024"}],"version-history":[{"count":4,"href":"https:\/\/www.canvallsrestaurant.com\/domicili\/wp-json\/wp\/v2\/pages\/3024\/revisions"}],"predecessor-version":[{"id":3030,"href":"https:\/\/www.canvallsrestaurant.com\/domicili\/wp-json\/wp\/v2\/pages\/3024\/revisions\/3030"}],"wp:attachment":[{"href":"https:\/\/www.canvallsrestaurant.com\/domicili\/wp-json\/wp\/v2\/media?parent=3024"}],"curies":[{"name":"wp","href":"https:\/\/api.w.org\/{rel}","templated":true}]}}