{"id":2826,"date":"2020-04-16T13:32:29","date_gmt":"2020-04-16T13:32:29","guid":{"rendered":"https:\/\/www.canvallsrestaurant.com\/domicili\/?page_id=2826"},"modified":"2020-11-23T08:04:00","modified_gmt":"2020-11-23T08:04:00","slug":"termes-condicions","status":"publish","type":"page","link":"https:\/\/www.canvallsrestaurant.com\/domicili\/termes-condicions\/","title":{"rendered":"Termes i Condicions"},"content":{"rendered":"\n<h2 class=\"wp-block-heading\" id=\"envios-devoluciones\">Condicions d&#8217;alta i compra<\/h2>\n\n\n\n<p>Podeu crear un compte a CAN VALLS A DOMICILI qualsevol persona major d&#8217;edat o tutelada per un adult que resideixi dins de la cobertura de servei de CAN VALLS A DOMICILI (Espanya, excepte illes, Ceuta i Melilla). Els USUARIS que tinguin un compte actiu a CAN VALLS A DOMICILI poden realitzar les seves comandes de forma online, a trav\u00e9s del portal web www.<a href=\"https:\/\/www.canvallsrestaurant.com\/domicili\/\">canvallsrestaurant.com\/domicili<\/a>, a trav\u00e9s de tel\u00e8fon trucant a l&#8217;<a href=\"tel:972844444\">972 844 444&nbsp;<\/a> o de b\u00e9 a trav\u00e9s de l&#8217;e- mail: <a href=\"mailto:info@canvallsrestaurant.com\">info@canvallsrestaurant.com<\/a><\/p>\n\n\n\n<p>Cada producte oferit per CAN VALLS A DOMICILI t\u00e9 assignat un preu al p\u00fablic, el qual inclou els impostos corresponents i pot variar sense previ av\u00eds. L&#8217;usuari pot seleccionar l&#8217;adre\u00e7a d&#8217;enviament que prefereixi, sempre que aquesta es trobi dins de la cobertura de servei de CAN VALLS A DOMICILI.<\/p>\n\n\n\n<hr class=\"wp-block-separator is-style-wide\"\/>\n\n\n\n<p><\/p>\n\n\n\n<p><strong>INFORMACI\u00d3 SOBRE LES COMANDES<\/strong><\/p>\n\n\n\n<ul class=\"wp-block-list\"><li>Si la comanda cont\u00e9 plats calents i plats congelats nom\u00e9s es podr\u00e0 anar a buscar als\u00a0<strong>punts de recollida<\/strong>.<\/li><li>Nom\u00e9s les comandes amb\u00a0plats congelats\u00a0es poden enviar al <strong>domicili<\/strong>.<\/li><li>Preguem que si voleu demanar les dues opcions (plats congelats i plats calents) i rebre els plats congelats a casa feu dues comandes per separat. Gr\u00e0cies!<\/li><\/ul>\n\n\n\n<hr class=\"wp-block-separator is-style-wide\"\/>\n\n\n\n<p><\/p>\n\n\n\n<p><strong>Punt de recollida habilitat:<\/strong><\/p>\n\n\n\n<ul class=\"wp-block-list\"><li><strong>Antic Mumm Restaurant:<\/strong> \u00a0<a href=\"https:\/\/g.page\/canvallsacasa?share\">c\/Frances Moragas, 35 \u2013 17430 Santa Coloma de Farners<\/a><\/li><li><strong>Horaris:<\/strong>\u00a0de dilluns a diumenge d&#8217;11h a 15h.<\/li><\/ul>\n\n\n\n<hr class=\"wp-block-separator is-style-wide\"\/>\n\n\n\n<p><\/p>\n\n\n\n<p><strong>Informaci\u00f3, horaris i localitzacions disponibles del repartiment a domicili:<\/strong><\/p>\n\n\n\n<ul class=\"wp-block-list\"><li><strong><strong>Zona 1:<\/strong> <\/strong>Santa Coloma i rodalies &#8211; M\u00ednim 20\u20ac<\/li><li><strong><strong>Zona 2:<\/strong> <\/strong>Girona i rodalies &#8211; M\u00ednim 50\u20ac<\/li><li><strong><strong>Zona 3:<\/strong> <\/strong>Arb\u00facies i Sant Hilari Sacalm &#8211; M\u00ednim 80\u20ac<\/li><li><strong><strong>Dies de repartiment:<\/strong> <\/strong>Ens posarem en contacte amb tu mitjan\u00e7ant WhatsApp per concretar el dia d&#8217;enviament.<\/li><\/ul>\n\n\n\n<hr class=\"wp-block-separator is-style-wide\"\/>\n\n\n\n<p>L&#8217;usuari podr\u00e0 seleccionar com a mode de <strong>lliurament a domicili<\/strong> o <strong>recollir-ho a un punt de recollida<\/strong>. S&#8217;ha de tenir en compte que per temes log\u00edstics si la comanda cont\u00e9 plats congelats i plats calents l&#8217;opci\u00f3 d&#8217;entrega a domicili no ser\u00e0 possible, per tant quedar\u00e0 deshabilitada al finalitzar el pagament.<\/p>\n\n\n\n<p>En el cas que s&#8217;esculli l&#8217;opci\u00f3 de lliurament a domicili l&#8217;usuari indicar\u00e0 una adre\u00e7a real que ha d&#8217;estar ubicada dins de la prov\u00edncia de Girona. El cost dependr\u00e0 de la direcci\u00f3 d&#8217;enviament, l&#8217;enviament \u00e9s gratu\u00eft en les seg\u00fcents localitats: Santa Coloma de Farners, Amer, Bonmat\u00ed, la Cellera de Ter, Angl\u00e8s, Brunyola, Ma\u00e7anet de la Selva, Vidreres, Sils, Riudarenes, Vilob\u00ed d &#8216;Onyar i Riudellots de la Selva. Per realitzar l&#8217;enviament fora d&#8217;aquestes localitats, heu de posar-vos en contacte a trav\u00e9s del tel\u00e8fon: <a href=\"tel:972844444\">972 844 444\u00a0<\/a>.<\/p>\n\n\n\n<p>L&#8217;usuari pot triar una de les seg\u00fcents formes de pagament per abonar l&#8217;import de les seves comandes: Targeta de cr\u00e8dit o Pagament en m\u00e0. CAN VALLS A DOMICILI no s&#8217;emmagatzema en cap cas informaci\u00f3 confidencial de la targeta de cr\u00e8dit.<\/p>\n","protected":false},"excerpt":{"rendered":"<p>Condicions d&#8217;alta i compra Podeu crear un compte a CAN VALLS A DOMICILI qualsevol persona major d&#8217;edat o tutelada per un adult que resideixi dins de la cobertura de servei de CAN VALLS A DOMICILI (Espanya, excepte illes, Ceuta i Melilla). Els USUARIS que tinguin un compte actiu a CAN VALLS A DOMICILI poden realitzar [&hellip;]<\/p>\n","protected":false},"author":1,"featured_media":0,"parent":0,"menu_order":0,"comment_status":"closed","ping_status":"closed","template":"","meta":{"footnotes":""},"class_list":["post-2826","page","type-page","status-publish","hentry"],"yoast_head":"<!-- This site is optimized with the Yoast SEO plugin v25.5 - https:\/\/yoast.com\/wordpress\/plugins\/seo\/ -->\n<title>Termes i Condicions - Can Valls a Domicili<\/title>\n<meta name=\"robots\" content=\"index, follow, max-snippet:-1, max-image-preview:large, max-video-preview:-1\" \/>\n<link rel=\"canonical\" href=\"https:\/\/www.canvallsrestaurant.com\/domicili\/termes-condicions\/\" \/>\n<meta property=\"og:locale\" content=\"ca_ES\" \/>\n<meta property=\"og:type\" content=\"article\" \/>\n<meta property=\"og:title\" content=\"Termes i Condicions - Can Valls a Domicili\" \/>\n<meta property=\"og:description\" content=\"Condicions d&#8217;alta i compra Podeu crear un compte a CAN VALLS A DOMICILI qualsevol persona major d&#8217;edat o tutelada per un adult que resideixi dins de la cobertura de servei de CAN VALLS A DOMICILI (Espanya, excepte illes, Ceuta i Melilla). Els USUARIS que tinguin un compte actiu a CAN VALLS A DOMICILI poden realitzar [&hellip;]\" \/>\n<meta property=\"og:url\" content=\"https:\/\/www.canvallsrestaurant.com\/domicili\/termes-condicions\/\" \/>\n<meta property=\"og:site_name\" content=\"Can Valls a Domicili\" \/>\n<meta property=\"article:modified_time\" content=\"2020-11-23T08:04:00+00:00\" \/>\n<meta name=\"twitter:card\" content=\"summary_large_image\" \/>\n<meta name=\"twitter:label1\" content=\"Temps estimat de lectura\" \/>\n\t<meta name=\"twitter:data1\" content=\"2 minuts\" \/>\n<script type=\"application\/ld+json\" class=\"yoast-schema-graph\">{\"@context\":\"https:\/\/schema.org\",\"@graph\":[{\"@type\":\"WebPage\",\"@id\":\"https:\/\/www.canvallsrestaurant.com\/domicili\/termes-condicions\/\",\"url\":\"https:\/\/www.canvallsrestaurant.com\/domicili\/termes-condicions\/\",\"name\":\"Termes i Condicions - Can Valls a Domicili\",\"isPartOf\":{\"@id\":\"https:\/\/www.canvallsrestaurant.com\/domicili\/#website\"},\"datePublished\":\"2020-04-16T13:32:29+00:00\",\"dateModified\":\"2020-11-23T08:04:00+00:00\",\"breadcrumb\":{\"@id\":\"https:\/\/www.canvallsrestaurant.com\/domicili\/termes-condicions\/#breadcrumb\"},\"inLanguage\":\"ca\",\"potentialAction\":[{\"@type\":\"ReadAction\",\"target\":[\"https:\/\/www.canvallsrestaurant.com\/domicili\/termes-condicions\/\"]}]},{\"@type\":\"BreadcrumbList\",\"@id\":\"https:\/\/www.canvallsrestaurant.com\/domicili\/termes-condicions\/#breadcrumb\",\"itemListElement\":[{\"@type\":\"ListItem\",\"position\":1,\"name\":\"Inici\",\"item\":\"https:\/\/www.canvallsrestaurant.com\/domicili\/\"},{\"@type\":\"ListItem\",\"position\":2,\"name\":\"Termes i Condicions\"}]},{\"@type\":\"WebSite\",\"@id\":\"https:\/\/www.canvallsrestaurant.com\/domicili\/#website\",\"url\":\"https:\/\/www.canvallsrestaurant.com\/domicili\/\",\"name\":\"Can Valls a Domicili\",\"description\":\"Et portem la cuina de Can Valls i Mumm a casa!\",\"potentialAction\":[{\"@type\":\"SearchAction\",\"target\":{\"@type\":\"EntryPoint\",\"urlTemplate\":\"https:\/\/www.canvallsrestaurant.com\/domicili\/?s={search_term_string}\"},\"query-input\":{\"@type\":\"PropertyValueSpecification\",\"valueRequired\":true,\"valueName\":\"search_term_string\"}}],\"inLanguage\":\"ca\"}]}<\/script>\n<!-- \/ Yoast SEO plugin. -->","yoast_head_json":{"title":"Termes i Condicions - Can Valls a Domicili","robots":{"index":"index","follow":"follow","max-snippet":"max-snippet:-1","max-image-preview":"max-image-preview:large","max-video-preview":"max-video-preview:-1"},"canonical":"https:\/\/www.canvallsrestaurant.com\/domicili\/termes-condicions\/","og_locale":"ca_ES","og_type":"article","og_title":"Termes i Condicions - Can Valls a Domicili","og_description":"Condicions d&#8217;alta i compra Podeu crear un compte a CAN VALLS A DOMICILI qualsevol persona major d&#8217;edat o tutelada per un adult que resideixi dins de la cobertura de servei de CAN VALLS A DOMICILI (Espanya, excepte illes, Ceuta i Melilla). Els USUARIS que tinguin un compte actiu a CAN VALLS A DOMICILI poden realitzar [&hellip;]","og_url":"https:\/\/www.canvallsrestaurant.com\/domicili\/termes-condicions\/","og_site_name":"Can Valls a Domicili","article_modified_time":"2020-11-23T08:04:00+00:00","twitter_card":"summary_large_image","twitter_misc":{"Temps estimat de lectura":"2 minuts"},"schema":{"@context":"https:\/\/schema.org","@graph":[{"@type":"WebPage","@id":"https:\/\/www.canvallsrestaurant.com\/domicili\/termes-condicions\/","url":"https:\/\/www.canvallsrestaurant.com\/domicili\/termes-condicions\/","name":"Termes i Condicions - Can Valls a Domicili","isPartOf":{"@id":"https:\/\/www.canvallsrestaurant.com\/domicili\/#website"},"datePublished":"2020-04-16T13:32:29+00:00","dateModified":"2020-11-23T08:04:00+00:00","breadcrumb":{"@id":"https:\/\/www.canvallsrestaurant.com\/domicili\/termes-condicions\/#breadcrumb"},"inLanguage":"ca","potentialAction":[{"@type":"ReadAction","target":["https:\/\/www.canvallsrestaurant.com\/domicili\/termes-condicions\/"]}]},{"@type":"BreadcrumbList","@id":"https:\/\/www.canvallsrestaurant.com\/domicili\/termes-condicions\/#breadcrumb","itemListElement":[{"@type":"ListItem","position":1,"name":"Inici","item":"https:\/\/www.canvallsrestaurant.com\/domicili\/"},{"@type":"ListItem","position":2,"name":"Termes i Condicions"}]},{"@type":"WebSite","@id":"https:\/\/www.canvallsrestaurant.com\/domicili\/#website","url":"https:\/\/www.canvallsrestaurant.com\/domicili\/","name":"Can Valls a Domicili","description":"Et portem la cuina de Can Valls i Mumm a casa!","potentialAction":[{"@type":"SearchAction","target":{"@type":"EntryPoint","urlTemplate":"https:\/\/www.canvallsrestaurant.com\/domicili\/?s={search_term_string}"},"query-input":{"@type":"PropertyValueSpecification","valueRequired":true,"valueName":"search_term_string"}}],"inLanguage":"ca"}]}},"_links":{"self":[{"href":"https:\/\/www.canvallsrestaurant.com\/domicili\/wp-json\/wp\/v2\/pages\/2826","targetHints":{"allow":["GET"]}}],"collection":[{"href":"https:\/\/www.canvallsrestaurant.com\/domicili\/wp-json\/wp\/v2\/pages"}],"about":[{"href":"https:\/\/www.canvallsrestaurant.com\/domicili\/wp-json\/wp\/v2\/types\/page"}],"author":[{"embeddable":true,"href":"https:\/\/www.canvallsrestaurant.com\/domicili\/wp-json\/wp\/v2\/users\/1"}],"replies":[{"embeddable":true,"href":"https:\/\/www.canvallsrestaurant.com\/domicili\/wp-json\/wp\/v2\/comments?post=2826"}],"version-history":[{"count":28,"href":"https:\/\/www.canvallsrestaurant.com\/domicili\/wp-json\/wp\/v2\/pages\/2826\/revisions"}],"predecessor-version":[{"id":3454,"href":"https:\/\/www.canvallsrestaurant.com\/domicili\/wp-json\/wp\/v2\/pages\/2826\/revisions\/3454"}],"wp:attachment":[{"href":"https:\/\/www.canvallsrestaurant.com\/domicili\/wp-json\/wp\/v2\/media?parent=2826"}],"curies":[{"name":"wp","href":"https:\/\/api.w.org\/{rel}","templated":true}]}}